{"id":6478,"date":"2023-04-20T10:48:02","date_gmt":"2023-04-20T03:48:02","guid":{"rendered":"https:\/\/chuparty.vn\/?post_type=product&#038;p=6478"},"modified":"2024-03-23T16:31:30","modified_gmt":"2024-03-23T09:31:30","slug":"daisy-flower-bouquet","status":"publish","type":"product","link":"https:\/\/chuparty.vn\/?product=daisy-flower-bouquet","title":{"rendered":"B\u00d3 HOA MIX &#8211; RAINBOW"},"content":{"rendered":"<p><strong>Flower Bouquet<\/strong> &#8211; B\u00f3 hoa b\u00f3ng si\u00eau hot hi\u1ec7n \u0111\u00e3 c\u00f3 m\u1eb7t t\u1ea1i Chu party r\u1ed3i nha v\u00e0 nhanh ch\u00f3ng tr\u1edf th\u00e0nh m\u1ed9t trong nh\u1eefng s\u1ea3n ph\u1ea9m best-seller t\u1ea1i <strong>Chu Party<\/strong>.<\/p>\n<p><strong>Th\u00f4ng tin chi ti\u1ebft s\u1ea3n ph\u1ea9m:<\/strong><\/p>\n<ul>\n<li>Ch\u1ea5t li\u1ec7u: b\u00f3ng cao su<\/li>\n<li>Size: S \/ M\u00a0 \/ L<\/li>\n<li>S\u1ed1 l\u01b0\u1ee3ng:<br \/>\nS (10 c\u00e0nh) gi\u00e1 250.000 ;<br \/>\nM (14 c\u00e0nh) gi\u00e1 320.000 ;<br \/>\nL (18 c\u00e0nh hoa) gi\u00e1 400.000 \/ b\u00f3<\/li>\n<li>M\u00e0u s\u1eafc: b\u1ea1n c\u00f3 th\u1ec3 y\u00eau c\u1ea7u m\u00e0u s\u1eafc b\u00f3ng theo s\u1edf th\u00edch nh\u01b0 pastel, rainbow, chrome, dusk pastel<\/li>\n<li>Lo\u1ea1i hoa: mix c\u00e1c lo\u1ea1i hoa c\u00fac, tulip, h\u1ed3ng &#8230;<\/li>\n<\/ul>\n","protected":false},"excerpt":{"rendered":"<p>Flower Bouquet &#8211; B\u00f3 hoa b\u00f3ng si\u00eau hot hi\u1ec7n \u0111\u00e3 c\u00f3 m\u1eb7t t\u1ea1i Chu party r\u1ed3i nha v\u00e0 nhanh ch\u00f3ng tr\u1edf th\u00e0nh m\u1ed9t trong nh\u1eefng s\u1ea3n ph\u1ea9m best-seller t\u1ea1i Chu Party. Th\u00f4ng tin chi ti\u1ebft s\u1ea3n ph\u1ea9m: Ch\u1ea5t li\u1ec7u: b\u00f3ng cao su Size: S \/ M\u00a0 \/ L S\u1ed1 l\u01b0\u1ee3ng: S (10 c\u00e0nh) gi\u00e1 250.000 [&hellip;]<\/p>\n","protected":false},"featured_media":6912,"comment_status":"open","ping_status":"closed","template":"","meta":[],"product_cat":[107,450],"product_tag":[451],"class_list":{"0":"post-6478","1":"product","2":"type-product","3":"status-publish","4":"has-post-thumbnail","6":"product_cat-surprise-balloon","7":"product_cat-flower-bouquet","8":"product_tag-flower-bouquet","10":"first","11":"instock","12":"shipping-taxable","13":"product-type-simple"},"_links":{"self":[{"href":"https:\/\/chuparty.vn\/index.php?rest_route=\/wp\/v2\/product\/6478","targetHints":{"allow":["GET"]}}],"collection":[{"href":"https:\/\/chuparty.vn\/index.php?rest_route=\/wp\/v2\/product"}],"about":[{"href":"https:\/\/chuparty.vn\/index.php?rest_route=\/wp\/v2\/types\/product"}],"replies":[{"embeddable":true,"href":"https:\/\/chuparty.vn\/index.php?rest_route=%2Fwp%2Fv2%2Fcomments&post=6478"}],"wp:featuredmedia":[{"embeddable":true,"href":"https:\/\/chuparty.vn\/index.php?rest_route=\/wp\/v2\/media\/6912"}],"wp:attachment":[{"href":"https:\/\/chuparty.vn\/index.php?rest_route=%2Fwp%2Fv2%2Fmedia&parent=6478"}],"wp:term":[{"taxonomy":"product_cat","embeddable":true,"href":"https:\/\/chuparty.vn\/index.php?rest_route=%2Fwp%2Fv2%2Fproduct_cat&post=6478"},{"taxonomy":"product_tag","embeddable":true,"href":"https:\/\/chuparty.vn\/index.php?rest_route=%2Fwp%2Fv2%2Fproduct_tag&post=6478"}],"curies":[{"name":"wp","href":"https:\/\/api.w.org\/{rel}","templated":true}]}}