{"id":6448,"date":"2023-04-10T17:46:23","date_gmt":"2023-04-10T10:46:23","guid":{"rendered":"https:\/\/chuparty.vn\/?post_type=product&#038;p=6448"},"modified":"2024-05-12T10:16:21","modified_gmt":"2024-05-12T03:16:21","slug":"mix-10-rainbow-right","status":"publish","type":"product","link":"https:\/\/chuparty.vn\/?product=mix-10-rainbow-right","title":{"rendered":"MIX 10 B\u00d3NG M\u00c0U RAINBOW"},"content":{"rendered":"<p><strong>Th\u00f4ng tin s\u1ea3n ph\u1ea9m: Mix 10 b\u00f3ng m\u00e0u Rainbow<\/strong><br \/>\n<strong>\u2013&gt;<\/strong>\u00a0B\u00f3ng \u0111\u01b0\u1ee3c giao \u1edf tr\u1ea1ng th\u00e1i ch\u01b0a b\u01a1m, b\u00f3ng c\u00f3 th\u1ec3 b\u01a1m b\u1eb1ng m\u00e1y b\u01a1m\/b\u01a1m tay ho\u1eb7c kh\u00ed helium t\u00f9y theo nhu c\u1ea7u s\u1eed d\u1ee5ng.<br \/>\n<strong>\u2013&gt;<\/strong>\u00a0N\u1ebfu b\u1ea1n c\u00f3 nhu c\u1ea7u b\u01a1m kh\u00ed helium \u0111\u1ec3 b\u00f3ng bay, vui l\u00f2ng li\u00ean h\u1ec7 v\u1edbi nh\u00e2n vi\u00ean b\u00e1n h\u00e0ng \u0111\u1ec3 \u0111\u01b0\u1ee3c t\u01b0 v\u1ea5n v\u00e0 b\u00e1o gi\u00e1.<\/p>\n","protected":false},"excerpt":{"rendered":"<p>M\u00e0u s\u1eafc: \u0111\u1ee7 m\u00e0u<br \/>\nK\u00edch th\u01b0\u1edbc b\u00f3ng: 25cm<br \/>\nQui c\u00e1ch \u0111\u00f3ng g\u00f3i: 10 v\u1ecf b\u00f3ng\/set, g\u1ed3m c\u00e1c m\u00e0u: \u0111\u1ecf, cam, v\u00e0ng, xanh l\u00e1, xanh d\u01b0\u01a1ng, t\u00edm, h\u1ed3ng, tr\u1eafng, coral, lemon<\/p>\n","protected":false},"featured_media":6449,"comment_status":"open","ping_status":"closed","template":"","meta":[],"product_cat":[101,86],"product_tag":[148,105],"class_list":{"0":"post-6448","1":"product","2":"type-product","3":"status-publish","4":"has-post-thumbnail","6":"product_cat-rainbow","7":"product_cat-bong-mix-mau","8":"product_tag-mix-set","9":"product_tag-rainbow","11":"first","12":"instock","13":"shipping-taxable","14":"purchasable","15":"product-type-simple"},"_links":{"self":[{"href":"https:\/\/chuparty.vn\/index.php?rest_route=\/wp\/v2\/product\/6448","targetHints":{"allow":["GET"]}}],"collection":[{"href":"https:\/\/chuparty.vn\/index.php?rest_route=\/wp\/v2\/product"}],"about":[{"href":"https:\/\/chuparty.vn\/index.php?rest_route=\/wp\/v2\/types\/product"}],"replies":[{"embeddable":true,"href":"https:\/\/chuparty.vn\/index.php?rest_route=%2Fwp%2Fv2%2Fcomments&post=6448"}],"wp:featuredmedia":[{"embeddable":true,"href":"https:\/\/chuparty.vn\/index.php?rest_route=\/wp\/v2\/media\/6449"}],"wp:attachment":[{"href":"https:\/\/chuparty.vn\/index.php?rest_route=%2Fwp%2Fv2%2Fmedia&parent=6448"}],"wp:term":[{"taxonomy":"product_cat","embeddable":true,"href":"https:\/\/chuparty.vn\/index.php?rest_route=%2Fwp%2Fv2%2Fproduct_cat&post=6448"},{"taxonomy":"product_tag","embeddable":true,"href":"https:\/\/chuparty.vn\/index.php?rest_route=%2Fwp%2Fv2%2Fproduct_tag&post=6448"}],"curies":[{"name":"wp","href":"https:\/\/api.w.org\/{rel}","templated":true}]}}