{"id":6402,"date":"2023-04-07T14:37:27","date_gmt":"2023-04-07T07:37:27","guid":{"rendered":"https:\/\/chuparty.vn\/?post_type=product&#038;p=6402"},"modified":"2023-04-07T14:38:55","modified_gmt":"2023-04-07T07:38:55","slug":"mix-12-turqueza","status":"publish","type":"product","link":"https:\/\/chuparty.vn\/?product=mix-12-turqueza","title":{"rendered":"MIX 12 TURQUEZA"},"content":{"rendered":"<p><strong>Th\u00f4ng tin s\u1ea3n ph\u1ea9m: Mix set Turqueza<\/strong><br \/>\n<strong>\u2013&gt;<\/strong>\u00a0B\u00f3ng \u0111\u01b0\u1ee3c giao \u1edf tr\u1ea1ng th\u00e1i ch\u01b0a b\u01a1m, b\u00f3ng c\u00f3 th\u1ec3 b\u01a1m b\u1eb1ng m\u00e1y b\u01a1m\/b\u01a1m tay ho\u1eb7c kh\u00ed helium t\u00f9y theo nhu c\u1ea7u s\u1eed d\u1ee5ng.<br \/>\n<strong>\u2013&gt;<\/strong>\u00a0N\u1ebfu b\u1ea1n c\u00f3 nhu c\u1ea7u b\u01a1m kh\u00ed helium \u0111\u1ec3 b\u00f3ng bay, vui l\u00f2ng li\u00ean h\u1ec7 v\u1edbi nh\u00e2n vi\u00ean b\u00e1n h\u00e0ng \u0111\u1ec3 \u0111\u01b0\u1ee3c t\u01b0 v\u1ea5n v\u00e0 b\u00e1o gi\u00e1.<\/p>\n","protected":false},"excerpt":{"rendered":"<p>M\u00e0u s\u1eafc: xanh<br \/>\nK\u00edch th\u01b0\u1edbc b\u00f3ng: 25cm<br \/>\nQui c\u00e1ch \u0111\u00f3ng g\u00f3i: 12 v\u1ecf b\u00f3ng\/set, g\u1ed3m: 4 b\u00f3ng m\u00e0u turqueza, 4 b\u00f3ng m\u00e0u xanh mint, 4 b\u00f3ng m\u00e0u kim lo\u1ea1i b\u1ea1c<\/p>\n","protected":false},"featured_media":6404,"comment_status":"open","ping_status":"closed","template":"","meta":[],"product_cat":[86],"product_tag":[148],"class_list":{"0":"post-6402","1":"product","2":"type-product","3":"status-publish","4":"has-post-thumbnail","6":"product_cat-bong-mix-mau","7":"product_tag-mix-set","9":"first","10":"instock","11":"shipping-taxable","12":"purchasable","13":"product-type-simple"},"_links":{"self":[{"href":"https:\/\/chuparty.vn\/index.php?rest_route=\/wp\/v2\/product\/6402","targetHints":{"allow":["GET"]}}],"collection":[{"href":"https:\/\/chuparty.vn\/index.php?rest_route=\/wp\/v2\/product"}],"about":[{"href":"https:\/\/chuparty.vn\/index.php?rest_route=\/wp\/v2\/types\/product"}],"replies":[{"embeddable":true,"href":"https:\/\/chuparty.vn\/index.php?rest_route=%2Fwp%2Fv2%2Fcomments&post=6402"}],"wp:featuredmedia":[{"embeddable":true,"href":"https:\/\/chuparty.vn\/index.php?rest_route=\/wp\/v2\/media\/6404"}],"wp:attachment":[{"href":"https:\/\/chuparty.vn\/index.php?rest_route=%2Fwp%2Fv2%2Fmedia&parent=6402"}],"wp:term":[{"taxonomy":"product_cat","embeddable":true,"href":"https:\/\/chuparty.vn\/index.php?rest_route=%2Fwp%2Fv2%2Fproduct_cat&post=6402"},{"taxonomy":"product_tag","embeddable":true,"href":"https:\/\/chuparty.vn\/index.php?rest_route=%2Fwp%2Fv2%2Fproduct_tag&post=6402"}],"curies":[{"name":"wp","href":"https:\/\/api.w.org\/{rel}","templated":true}]}}