{"id":6380,"date":"2023-04-06T17:07:54","date_gmt":"2023-04-06T10:07:54","guid":{"rendered":"https:\/\/chuparty.vn\/?post_type=product&#038;p=6380"},"modified":"2025-04-23T17:19:31","modified_gmt":"2025-04-23T10:19:31","slug":"goi-set-set-up-mini-ms07","status":"publish","type":"product","link":"https:\/\/chuparty.vn\/?product=goi-set-set-up-mini-ms07","title":{"rendered":"D\u1ecaCH V\u1ee4 TRANG TR\u00cd &#8211; SET UP MINI MS-01"},"content":{"rendered":"<ul>\n<li>G\u00f3i trang tr\u00ed \u2013 set up mini MS-01 t\u1ea1i Chu \u0111\u01b0\u1ee3c thi\u1ebft k\u1ebf ph\u00f9 h\u1ee3p cho bu\u1ed5i ti\u1ec7c nh\u1ecf, \u1ea5m c\u00fang, nh\u1eefng bu\u1ed5i ti\u1ec7c Surprise, Sinh nh\u1eadt, C\u1ea7u h\u00f4n \u2026<\/li>\n<li>G\u00f3i: \u201cMini Party MS 01\u201d l\u00e0 s\u1ef1 k\u1ebft h\u1ee3p b\u00f3ng gi\u1ea3 bay (\u0111\u00ednh\/d\u00e1n) tr\u1ea7n mang l\u1ea1i kh\u00f4ng gian ti\u1ec7c v\u00f4 c\u00f9ng sinh \u0111\u1ed9ng, r\u1ef1c r\u1ee1. G\u1ed3m:<br \/>\n* 01 B\u1ed9 b\u00f3ng Happy Birthday<br \/>\n* 10 k\u00fd t\u1ef1 B\u00f3ng ch\u1eef t\u00ean ch\u1ee7 ti\u1ec7c<br \/>\n* 30 b\u00f3ng tr\u00f2n m\u00e0u \u0111\u00ednh\/d\u00e1n tr\u1ea7n gi\u1ea3 bay<br \/>\n* 02 tr\u1ee5 b\u00f3ng h\u00ecnh (ho\u1eb7c b\u00f3ng s\u1ed1) t\u00f9y ch\u1ecdn<br \/>\n* 30 b\u00f3ng tr\u00f2n m\u00e0u (b\u01a1m th\u01b0\u1eddng) th\u1ea3 s\u00e0n<\/li>\n<li><strong>L\u01b0u \u00fd: Ch\u01b0a bao g\u1ed3m * tr\u1ee5 b\u00f3ng JUMBO gi\u1ea3 bay v\u00e0 SURPRISE JUMBO nh\u01b0 tr\u00ean h\u00ecnh, n\u1ebfu b\u1ea1n c\u00f3 nhu c\u1ea7u li\u00ean h\u1ec7 t\u01b0 v\u1ea5n vi\u00ean \u0111\u1ec3 \u0111\u01b0\u1ee3c b\u00e1o gi\u00e1 v\u00e0 t\u01b0 v\u1ea5n s\u1ea3n ph\u1ea9m \u1ea1.<\/strong><\/li>\n<li><strong>C\u00e1c h\u1ea1ng m\u1ee5c set up vui l\u00f2ng \u0111\u1ecdc k\u1ef9 th\u00f4ng tin v\u00e0 x\u00e1c nh\u1eadn, ch\u1ed1t th\u00f4ng tin v\u1edbi t\u01b0 v\u1ea5n vi\u00ean.<\/strong><\/li>\n<li><strong>Set up \u0111\u01b0\u1ee3c th\u1ef1c hi\u1ec7n trong v\u00f2ng 2-3h, n\u1ebfu d\u1eddi l\u1ecbch vui l\u00f2ng b\u00e1o tr\u01b0\u1edbc \u00edt nh\u1ea5t 3-4h, n\u1ebfu kh\u00f4ng b\u00e1o ho\u1eb7c b\u00e1o ch\u1eadm h\u01a1n th\u1eddi gian tr\u00ean, xin ph\u00e9p h\u1ee7y \u0111\u01a1n kh\u00f4ng ho\u00e0n c\u1ecdc.<\/strong><\/li>\n<\/ul>\n","protected":false},"excerpt":{"rendered":"<p>G\u00f3i trang tr\u00ed \u2013 set up mini MS-01 t\u1ea1i Chu \u0111\u01b0\u1ee3c thi\u1ebft k\u1ebf ph\u00f9 h\u1ee3p cho bu\u1ed5i ti\u1ec7c nh\u1ecf, \u1ea5m c\u00fang, nh\u1eefng bu\u1ed5i ti\u1ec7c Surprise, Sinh nh\u1eadt, C\u1ea7u h\u00f4n \u2026 G\u00f3i: \u201cMini Party MS 01\u201d l\u00e0 s\u1ef1 k\u1ebft h\u1ee3p b\u00f3ng gi\u1ea3 bay (\u0111\u00ednh\/d\u00e1n) tr\u1ea7n mang l\u1ea1i kh\u00f4ng gian ti\u1ec7c v\u00f4 c\u00f9ng sinh \u0111\u1ed9ng, r\u1ef1c r\u1ee1. [&hellip;]<\/p>\n","protected":false},"featured_media":6381,"comment_status":"open","ping_status":"closed","template":"","meta":[],"product_cat":[529,528,266,407],"product_tag":[409,408],"class_list":{"0":"post-6380","1":"product","2":"type-product","3":"status-publish","4":"has-post-thumbnail","6":"product_cat-tiec-cho-be","7":"product_cat-tiec-nguoi-lon","8":"product_cat-under-the-sea","9":"product_cat-set-up","10":"product_tag-set-up","11":"product_tag-set-up-mini","13":"first","14":"instock","15":"shipping-taxable","16":"purchasable","17":"product-type-simple"},"_links":{"self":[{"href":"https:\/\/chuparty.vn\/index.php?rest_route=\/wp\/v2\/product\/6380","targetHints":{"allow":["GET"]}}],"collection":[{"href":"https:\/\/chuparty.vn\/index.php?rest_route=\/wp\/v2\/product"}],"about":[{"href":"https:\/\/chuparty.vn\/index.php?rest_route=\/wp\/v2\/types\/product"}],"replies":[{"embeddable":true,"href":"https:\/\/chuparty.vn\/index.php?rest_route=%2Fwp%2Fv2%2Fcomments&post=6380"}],"wp:featuredmedia":[{"embeddable":true,"href":"https:\/\/chuparty.vn\/index.php?rest_route=\/wp\/v2\/media\/6381"}],"wp:attachment":[{"href":"https:\/\/chuparty.vn\/index.php?rest_route=%2Fwp%2Fv2%2Fmedia&parent=6380"}],"wp:term":[{"taxonomy":"product_cat","embeddable":true,"href":"https:\/\/chuparty.vn\/index.php?rest_route=%2Fwp%2Fv2%2Fproduct_cat&post=6380"},{"taxonomy":"product_tag","embeddable":true,"href":"https:\/\/chuparty.vn\/index.php?rest_route=%2Fwp%2Fv2%2Fproduct_tag&post=6380"}],"curies":[{"name":"wp","href":"https:\/\/api.w.org\/{rel}","templated":true}]}}