{"id":6346,"date":"2023-04-05T14:42:19","date_gmt":"2023-04-05T07:42:19","guid":{"rendered":"https:\/\/chuparty.vn\/?post_type=product&#038;p=6346"},"modified":"2026-03-01T14:47:27","modified_gmt":"2026-03-01T07:47:27","slug":"tru-bong-handmade-jumbo-gia-bay-2","status":"publish","type":"product","link":"https:\/\/chuparty.vn\/?product=tru-bong-handmade-jumbo-gia-bay-2","title":{"rendered":"TR\u1ee4 B\u00d3NG JUMBO GI\u1ea2 BAY &#8211; RAINBOW"},"content":{"rendered":"<div dir=\"auto\"><strong>Chi ti\u1ebft s\u1ea3n ph\u1ea9m<\/strong><\/div>\n<div dir=\"auto\">\n<ul>\n<li>K\u00edch th\u01b0\u1edbc : cao 1,5m<\/li>\n<li>G\u1ed3m: Jumbo gi\u1ea3 bay, tr\u1ee5 b\u00f3ng g\u1eafn Jumbo, n\u01a1, tua rua &#8230;.<br \/>\n(N\u1ed9i dung v\u00e0 m\u00e0u b\u00f3ng \u0111\u01b0\u1ee3c t\u00f9y ch\u1ecdn theo y\u00eau c\u1ea7u)<\/p>\n<div dir=\"auto\"><span class=\"pq6dq46d tbxw36s4 knj5qynh kvgmc6g5 ditlmg2l oygrvhab nvdbi5me sf5mxxl7 gl3lb2sf hhz5lgdu\">+ M\u00f3n qu\u00e0 b\u1ea5t ng\u1edd d\u00e0nh t\u1eb7ng ng\u01b0\u1eddi th\u00e2n, b\u1ea1n b\u00e8 v\u00f4 c\u00f9ng \u0111\u1ed9c \u0111\u00e1o, th\u00fa v\u1ecb.<br \/>\n<\/span><\/div>\n<div dir=\"auto\"><span class=\"pq6dq46d tbxw36s4 knj5qynh kvgmc6g5 ditlmg2l oygrvhab nvdbi5me sf5mxxl7 gl3lb2sf hhz5lgdu\">+\u00a0<\/span>Gi\u00e1 s\u1ea3n ph\u1ea9m ch\u01b0a bao g\u1ed3m ph\u00ed giao h\u00e0ng, \u0111\u1ec3 \u0111\u1ea3m b\u1ea3o an to\u00e0n cho b\u00f3ng, Chu ch\u1ec9 giao b\u1eb1ng grab car\/taxi ho\u1eb7c b\u1ea1n c\u00f3 th\u1ec3 nh\u1eadn b\u00f3ng t\u1ea1i C\u1eeda h\u00e0ng.<br \/>\n+ B\u00f3ng \u0111\u1eb9p nh\u1ea5t trong kho\u1ea3ng 6-8 ti\u1ebfng \u0111\u1ea7u ti\u00ean, trong th\u1eddi gian n\u00e0y b\u00f3ng s\u1ebd lu\u00f4n b\u00f3ng, s\u00e1ng \u0111\u1eb9p.<br \/>\n+ H\u1ea1n ch\u1ebf \u0111\u1ec3 bong b\u00f3ng \u1edf ngo\u00e0i tr\u1eddi ho\u1eb7c n\u01a1i c\u00f3 nhi\u1ec7t \u0111\u1ed9 cao, g\u1ea7n m\u1eb7t tr\u1eddi ho\u1eb7c \u00e1nh \u0111\u00e8n n\u00f3ng s\u1ebd l\u00e0m v\u1ee1 b\u00f3ng.<\/div>\n<\/li>\n<\/ul>\n<\/div>\n","protected":false},"excerpt":{"rendered":"<p>Chi ti\u1ebft s\u1ea3n ph\u1ea9m K\u00edch th\u01b0\u1edbc : cao 1,5m G\u1ed3m: Jumbo gi\u1ea3 bay, tr\u1ee5 b\u00f3ng g\u1eafn Jumbo, n\u01a1, tua rua &#8230;. (N\u1ed9i dung v\u00e0 m\u00e0u b\u00f3ng \u0111\u01b0\u1ee3c t\u00f9y ch\u1ecdn theo y\u00eau c\u1ea7u) + M\u00f3n qu\u00e0 b\u1ea5t ng\u1edd d\u00e0nh t\u1eb7ng ng\u01b0\u1eddi th\u00e2n, b\u1ea1n b\u00e8 v\u00f4 c\u00f9ng \u0111\u1ed9c \u0111\u00e1o, th\u00fa v\u1ecb. +\u00a0Gi\u00e1 s\u1ea3n ph\u1ea9m ch\u01b0a bao g\u1ed3m [&hellip;]<\/p>\n","protected":false},"featured_media":6347,"comment_status":"open","ping_status":"closed","template":"","meta":[],"product_cat":[366,479],"product_tag":[375],"class_list":{"0":"post-6346","1":"product","2":"type-product","3":"status-publish","4":"has-post-thumbnail","6":"product_cat-combo-bong-tru-handmade","7":"product_cat-tru-bong-jumbo-gia-bay","8":"product_tag-handmade-balloon","10":"first","11":"instock","12":"shipping-taxable","13":"purchasable","14":"product-type-simple"},"_links":{"self":[{"href":"https:\/\/chuparty.vn\/index.php?rest_route=\/wp\/v2\/product\/6346","targetHints":{"allow":["GET"]}}],"collection":[{"href":"https:\/\/chuparty.vn\/index.php?rest_route=\/wp\/v2\/product"}],"about":[{"href":"https:\/\/chuparty.vn\/index.php?rest_route=\/wp\/v2\/types\/product"}],"replies":[{"embeddable":true,"href":"https:\/\/chuparty.vn\/index.php?rest_route=%2Fwp%2Fv2%2Fcomments&post=6346"}],"wp:featuredmedia":[{"embeddable":true,"href":"https:\/\/chuparty.vn\/index.php?rest_route=\/wp\/v2\/media\/6347"}],"wp:attachment":[{"href":"https:\/\/chuparty.vn\/index.php?rest_route=%2Fwp%2Fv2%2Fmedia&parent=6346"}],"wp:term":[{"taxonomy":"product_cat","embeddable":true,"href":"https:\/\/chuparty.vn\/index.php?rest_route=%2Fwp%2Fv2%2Fproduct_cat&post=6346"},{"taxonomy":"product_tag","embeddable":true,"href":"https:\/\/chuparty.vn\/index.php?rest_route=%2Fwp%2Fv2%2Fproduct_tag&post=6346"}],"curies":[{"name":"wp","href":"https:\/\/api.w.org\/{rel}","templated":true}]}}