{"id":6230,"date":"2023-03-23T12:27:16","date_gmt":"2023-03-23T05:27:16","guid":{"rendered":"https:\/\/chuparty.vn\/?post_type=product&#038;p=6230"},"modified":"2025-12-26T16:59:47","modified_gmt":"2025-12-26T09:59:47","slug":"bong-so-0-9-chocolate-100cm","status":"publish","type":"product","link":"https:\/\/chuparty.vn\/?product=bong-so-0-9-chocolate-100cm","title":{"rendered":"B\u00d3NG S\u1ed0 0-9 CHOCOLATE 100cm"},"content":{"rendered":"<p><strong>Chi ti\u1ebft s\u1ea3n ph\u1ea9m: b\u00f3ng s\u1ed1 m\u00e0u chocolate 0 \u2013 9\u00a0<\/strong><\/p>\n<ul>\n<li>K\u00edch th\u01b0\u1edbc: m\u1ed7i k\u00fd t\u1ef1 40in ~ 100cm (k\u00edch th\u01b0\u1edbc sau khi b\u01a1m b\u00f3ng kho\u1ea3ng 95cm)<\/li>\n<li>Ch\u1ea5t li\u1ec7u: nh\u00f4m ki\u1ebfng<\/li>\n<li>C\u00e1ch th\u1ee9c \u0111\u00f3ng g\u00f3i : 1 b\u00f3ng\/t\u00fai + \u1ed1ng h\u00fat.<br \/>\n(B\u00f3ng giao \u1edf tr\u1ea1ng th\u00e1i ch\u01b0a b\u01a1m, c\u00f3 th\u1ec3 th\u1ed5i b\u00f3ng ch\u1eef b\u1eb1ng \u1ed1ng h\u00fat ho\u1eb7c \u0111\u1ed3b\u01a1m tay)<br \/>\n<img loading=\"lazy\" decoding=\"async\" class=\"alignnone wp-image-3592\" src=\"https:\/\/chuparty.vn\/wp-content\/uploads\/2022\/07\/72526517_1771510859659213_305844578198487040_n.jpg\" alt=\"\" width=\"316\" height=\"240\" \/><\/li>\n<\/ul>\n","protected":false},"excerpt":{"rendered":"<p>Chi ti\u1ebft s\u1ea3n ph\u1ea9m: b\u00f3ng s\u1ed1 m\u00e0u chocolate 0 \u2013 9\u00a0 K\u00edch th\u01b0\u1edbc: m\u1ed7i k\u00fd t\u1ef1 40in ~ 100cm (k\u00edch th\u01b0\u1edbc sau khi b\u01a1m b\u00f3ng kho\u1ea3ng 95cm) Ch\u1ea5t li\u1ec7u: nh\u00f4m ki\u1ebfng C\u00e1ch th\u1ee9c \u0111\u00f3ng g\u00f3i : 1 b\u00f3ng\/t\u00fai + \u1ed1ng h\u00fat. (B\u00f3ng giao \u1edf tr\u1ea1ng th\u00e1i ch\u01b0a b\u01a1m, c\u00f3 th\u1ec3 th\u1ed5i b\u00f3ng ch\u1eef b\u1eb1ng \u1ed1ng [&hellip;]<\/p>\n","protected":false},"featured_media":6231,"comment_status":"open","ping_status":"closed","template":"","meta":[],"product_cat":[532,104,259,84],"product_tag":[204],"class_list":{"0":"post-6230","1":"product","2":"type-product","3":"status-publish","4":"has-post-thumbnail","6":"product_cat-capybara","7":"product_cat-vintage","8":"product_cat-wooden-land","9":"product_cat-bong-so","10":"product_tag-bong-so","12":"first","13":"instock","14":"shipping-taxable","15":"purchasable","16":"product-type-simple"},"_links":{"self":[{"href":"https:\/\/chuparty.vn\/index.php?rest_route=\/wp\/v2\/product\/6230","targetHints":{"allow":["GET"]}}],"collection":[{"href":"https:\/\/chuparty.vn\/index.php?rest_route=\/wp\/v2\/product"}],"about":[{"href":"https:\/\/chuparty.vn\/index.php?rest_route=\/wp\/v2\/types\/product"}],"replies":[{"embeddable":true,"href":"https:\/\/chuparty.vn\/index.php?rest_route=%2Fwp%2Fv2%2Fcomments&post=6230"}],"wp:featuredmedia":[{"embeddable":true,"href":"https:\/\/chuparty.vn\/index.php?rest_route=\/wp\/v2\/media\/6231"}],"wp:attachment":[{"href":"https:\/\/chuparty.vn\/index.php?rest_route=%2Fwp%2Fv2%2Fmedia&parent=6230"}],"wp:term":[{"taxonomy":"product_cat","embeddable":true,"href":"https:\/\/chuparty.vn\/index.php?rest_route=%2Fwp%2Fv2%2Fproduct_cat&post=6230"},{"taxonomy":"product_tag","embeddable":true,"href":"https:\/\/chuparty.vn\/index.php?rest_route=%2Fwp%2Fv2%2Fproduct_tag&post=6230"}],"curies":[{"name":"wp","href":"https:\/\/api.w.org\/{rel}","templated":true}]}}