{"id":617,"date":"2022-01-20T00:13:10","date_gmt":"2022-01-19T17:13:10","guid":{"rendered":"https:\/\/chuparty.vn\/?post_type=product&#038;p=617"},"modified":"2025-09-17T17:49:35","modified_gmt":"2025-09-17T10:49:35","slug":"non-tiec-trang-nhu","status":"publish","type":"product","link":"https:\/\/chuparty.vn\/?product=non-tiec-trang-nhu","title":{"rendered":"N\u00d3N S\u1ed0 1 (MINI PARTY HAT)"},"content":{"rendered":"<p><strong>Chi ti\u1ebft s\u1ea3n ph\u1ea9m:<br \/>\n<\/strong>Qui c\u00e1ch \u0111\u00f3ng g\u00f3i: 1 c\u00e1i\/h\u1ed9p<strong><br \/>\n<\/strong>Ch\u1ea5t li\u1ec7u: v\u1ea3i, quai thun<br \/>\nM\u00e0u s\u1eafc: Tr\u1eafng nh\u0169, V\u00e0ng gold nh\u0169, B\u1ea1c nh\u0169<br \/>\nK\u00edch th\u01b0\u1edbc:<\/p>\n<p>&nbsp;<\/p>\n","protected":false},"excerpt":{"rendered":"<p>Chi ti\u1ebft s\u1ea3n ph\u1ea9m: Qui c\u00e1ch \u0111\u00f3ng g\u00f3i: 1 c\u00e1i\/h\u1ed9p Ch\u1ea5t li\u1ec7u: v\u1ea3i, quai thun M\u00e0u s\u1eafc: Tr\u1eafng nh\u0169, V\u00e0ng gold nh\u0169, B\u1ea1c nh\u0169 K\u00edch th\u01b0\u1edbc: &nbsp;<\/p>\n","protected":false},"featured_media":2860,"comment_status":"open","ping_status":"closed","template":"","meta":[],"product_cat":[512,268,137,145,28],"product_tag":[134,142,144,143,66],"class_list":{"0":"post-617","1":"product","2":"type-product","3":"status-publish","4":"has-post-thumbnail","6":"product_cat-sale-off-30","7":"product_cat-princess","8":"product_cat-1st-birthday","9":"product_cat-non-tiec","10":"product_cat-sale","11":"product_tag-1st-birthday","12":"product_tag-headband","13":"product_tag-non","14":"product_tag-party-hat","15":"product_tag-princess","16":"pa_mau-sac-bac-nhu","17":"pa_mau-sac-trang-nhu","18":"pa_mau-sac-vang-gold-nhu","20":"first","21":"instock","22":"sale","23":"shipping-taxable","24":"purchasable","25":"product-type-variable"},"_links":{"self":[{"href":"https:\/\/chuparty.vn\/index.php?rest_route=\/wp\/v2\/product\/617","targetHints":{"allow":["GET"]}}],"collection":[{"href":"https:\/\/chuparty.vn\/index.php?rest_route=\/wp\/v2\/product"}],"about":[{"href":"https:\/\/chuparty.vn\/index.php?rest_route=\/wp\/v2\/types\/product"}],"replies":[{"embeddable":true,"href":"https:\/\/chuparty.vn\/index.php?rest_route=%2Fwp%2Fv2%2Fcomments&post=617"}],"wp:featuredmedia":[{"embeddable":true,"href":"https:\/\/chuparty.vn\/index.php?rest_route=\/wp\/v2\/media\/2860"}],"wp:attachment":[{"href":"https:\/\/chuparty.vn\/index.php?rest_route=%2Fwp%2Fv2%2Fmedia&parent=617"}],"wp:term":[{"taxonomy":"product_cat","embeddable":true,"href":"https:\/\/chuparty.vn\/index.php?rest_route=%2Fwp%2Fv2%2Fproduct_cat&post=617"},{"taxonomy":"product_tag","embeddable":true,"href":"https:\/\/chuparty.vn\/index.php?rest_route=%2Fwp%2Fv2%2Fproduct_tag&post=617"}],"curies":[{"name":"wp","href":"https:\/\/api.w.org\/{rel}","templated":true}]}}