{"id":6052,"date":"2023-03-21T12:20:25","date_gmt":"2023-03-21T05:20:25","guid":{"rendered":"https:\/\/chuparty.vn\/?post_type=product&#038;p=6052"},"modified":"2025-02-07T11:04:14","modified_gmt":"2025-02-07T04:04:14","slug":"bong-hinh-vo-so","status":"publish","type":"product","link":"https:\/\/chuparty.vn\/?product=bong-hinh-vo-so","title":{"rendered":"B\u00d3NG H\u00ccNH V\u1ece S\u00d2"},"content":{"rendered":"<p><strong>Chi ti\u1ebft s\u1ea3n ph\u1ea9m:<\/strong><\/p>\n<p>K\u00edch th\u01b0\u1edbc :<br \/>\nM\u00e0u s\u1eafc: c\u00f3 2 tone m\u00e0u t\u00edm ho\u1eb7c h\u1ed3ng<br \/>\nCh\u1ea5t li\u1ec7u: nh\u00f4m k\u00ednh<br \/>\nC\u00e1ch th\u1ee9c \u0111\u00f3ng g\u00f3i: 1 c\u00e1i\/t\u00fai + \u1ed1ng hut \u0111\u1ec3 th\u1ed5i b\u00f3ng<br \/>\n(B\u00f3ng giao \u1edf tr\u1ea1ng th\u00e1i ch\u01b0a b\u01a1m, c\u00f3 th\u1ec3 d\u00f9ng b\u01a1m tay ho\u1eb7c b\u01a1m m\u00e1y \u0111\u1ec3 b\u01a1m)<\/p>\n","protected":false},"excerpt":{"rendered":"<p>Chi ti\u1ebft s\u1ea3n ph\u1ea9m: K\u00edch th\u01b0\u1edbc : M\u00e0u s\u1eafc: c\u00f3 2 tone m\u00e0u t\u00edm ho\u1eb7c h\u1ed3ng Ch\u1ea5t li\u1ec7u: nh\u00f4m k\u00ednh C\u00e1ch th\u1ee9c \u0111\u00f3ng g\u00f3i: 1 c\u00e1i\/t\u00fai + \u1ed1ng hut \u0111\u1ec3 th\u1ed5i b\u00f3ng (B\u00f3ng giao \u1edf tr\u1ea1ng th\u00e1i ch\u01b0a b\u01a1m, c\u00f3 th\u1ec3 d\u00f9ng b\u01a1m tay ho\u1eb7c b\u01a1m m\u00e1y \u0111\u1ec3 b\u01a1m)<\/p>\n","protected":false},"featured_media":6058,"comment_status":"open","ping_status":"closed","template":"","meta":[],"product_cat":[265,46,431],"product_tag":[47,32],"class_list":{"0":"post-6052","1":"product","2":"type-product","3":"status-publish","4":"has-post-thumbnail","6":"product_cat-mermaid","7":"product_cat-bong-hinh","8":"product_cat-dong-gia-20k-25k","9":"product_tag-bong-hinh","10":"product_tag-mermaid","12":"first","13":"instock","14":"shipping-taxable","15":"purchasable","16":"product-type-simple"},"_links":{"self":[{"href":"https:\/\/chuparty.vn\/index.php?rest_route=\/wp\/v2\/product\/6052","targetHints":{"allow":["GET"]}}],"collection":[{"href":"https:\/\/chuparty.vn\/index.php?rest_route=\/wp\/v2\/product"}],"about":[{"href":"https:\/\/chuparty.vn\/index.php?rest_route=\/wp\/v2\/types\/product"}],"replies":[{"embeddable":true,"href":"https:\/\/chuparty.vn\/index.php?rest_route=%2Fwp%2Fv2%2Fcomments&post=6052"}],"wp:featuredmedia":[{"embeddable":true,"href":"https:\/\/chuparty.vn\/index.php?rest_route=\/wp\/v2\/media\/6058"}],"wp:attachment":[{"href":"https:\/\/chuparty.vn\/index.php?rest_route=%2Fwp%2Fv2%2Fmedia&parent=6052"}],"wp:term":[{"taxonomy":"product_cat","embeddable":true,"href":"https:\/\/chuparty.vn\/index.php?rest_route=%2Fwp%2Fv2%2Fproduct_cat&post=6052"},{"taxonomy":"product_tag","embeddable":true,"href":"https:\/\/chuparty.vn\/index.php?rest_route=%2Fwp%2Fv2%2Fproduct_tag&post=6052"}],"curies":[{"name":"wp","href":"https:\/\/api.w.org\/{rel}","templated":true}]}}