{"id":6012,"date":"2023-03-21T10:06:22","date_gmt":"2023-03-21T03:06:22","guid":{"rendered":"https:\/\/chuparty.vn\/?post_type=product&#038;p=6012"},"modified":"2025-04-23T17:20:04","modified_gmt":"2025-04-23T10:20:04","slug":"dich-vu-trang-tri-set-up-mini-su06","status":"publish","type":"product","link":"https:\/\/chuparty.vn\/?product=dich-vu-trang-tri-set-up-mini-su06","title":{"rendered":"D\u1ecaCH V\u1ee4 TRANG TR\u00cd \u2013 SET UP HELIUM MS-03"},"content":{"rendered":"<ul>\n<li>G\u00f3i trang tr\u00ed tr\u1ecdn g\u00f3i t\u1ea1i <strong>Chu Party<\/strong> \u0111\u01b0\u1ee3c thi\u1ebft k\u1ebf ph\u00f9 h\u1ee3p cho bu\u1ed5i ti\u1ec7c nh\u1ecf, \u1ea5m c\u00fang, nh\u1eefng bu\u1ed5i ti\u1ec7c Surprise, Sinh nh\u1eadt, C\u1ea7u h\u00f4n \u2026<\/li>\n<li>G\u00f3i: \u201cHelium MS-03\u201d k\u1ebft h\u1ee3p b\u00f3ng bay th\u1ea3 tr\u1ea7n mang l\u1ea1i kh\u00f4ng gian ti\u1ec7c v\u00f4 c\u00f9ng sinh \u0111\u1ed9ng, r\u1ef1c r\u1ee1. G\u1ed3m:<br \/>\n* D\u00e2y b\u00f3ng ch\u1eef L k\u00edch th\u01b0\u1edbc (H*W) 2m * 2,5m, tone m\u00e0u t\u00f9y ch\u1ecdn theo y\u00eau c\u1ea7u<br \/>\n* 01 D\u00e2y ch\u1eef Happy Birthday c\u00f9ng ch\u1ee7 \u0111\u1ec1\/ tone m\u00e0u<br \/>\n* 40 b\u00f3ng tr\u00f2n m\u00e0u b\u01a1m kh\u00ed Helium th\u1ea3 tr\u1ea7n<br \/>\n* 02 tr\u1ee5 b\u00f3ng handmade &#8211; t\u00f9y ch\u1ecdn b\u00f3ng h\u00ecnh <strong>ho\u1eb7c<\/strong> b\u00f3ng s\u1ed1<br \/>\n* T\u1eb7ng 30 b\u00f3ng tr\u00f2n m\u00e0u (b\u01a1m th\u01b0\u1eddng) th\u1ea3 s\u00e0n<\/li>\n<li><strong>C\u00e1c h\u1ea1ng m\u1ee5c set up vui l\u00f2ng \u0111\u1ecdc k\u1ef9 th\u00f4ng tin v\u00e0 x\u00e1c nh\u1eadn, ch\u1ed1t th\u00f4ng tin v\u1edbi t\u01b0 v\u1ea5n vi\u00ean.<\/strong><\/li>\n<li><strong>Set up \u0111\u01b0\u1ee3c th\u1ef1c hi\u1ec7n trong v\u00f2ng 2-3h, n\u1ebfu d\u1eddi l\u1ecbch vui l\u00f2ng b\u00e1o tr\u01b0\u1edbc \u00edt nh\u1ea5t 3-4h, n\u1ebfu kh\u00f4ng b\u00e1o ho\u1eb7c b\u00e1o ch\u1eadm h\u01a1n th\u1eddi gian tr\u00ean, xin ph\u00e9p h\u1ee7y \u0111\u01a1n kh\u00f4ng ho\u00e0n c\u1ecdc.<\/strong><\/li>\n<\/ul>\n","protected":false},"excerpt":{"rendered":"<p>G\u00f3i trang tr\u00ed tr\u1ecdn g\u00f3i t\u1ea1i Chu Party \u0111\u01b0\u1ee3c thi\u1ebft k\u1ebf ph\u00f9 h\u1ee3p cho bu\u1ed5i ti\u1ec7c nh\u1ecf, \u1ea5m c\u00fang, nh\u1eefng bu\u1ed5i ti\u1ec7c Surprise, Sinh nh\u1eadt, C\u1ea7u h\u00f4n \u2026 G\u00f3i: \u201cHelium MS-03\u201d k\u1ebft h\u1ee3p b\u00f3ng bay th\u1ea3 tr\u1ea7n mang l\u1ea1i kh\u00f4ng gian ti\u1ec7c v\u00f4 c\u00f9ng sinh \u0111\u1ed9ng, r\u1ef1c r\u1ee1. G\u1ed3m: * D\u00e2y b\u00f3ng ch\u1eef L k\u00edch [&hellip;]<\/p>\n","protected":false},"featured_media":6014,"comment_status":"open","ping_status":"closed","template":"","meta":[],"product_cat":[528,407],"product_tag":[409,408],"class_list":{"0":"post-6012","1":"product","2":"type-product","3":"status-publish","4":"has-post-thumbnail","6":"product_cat-tiec-nguoi-lon","7":"product_cat-set-up","8":"product_tag-set-up","9":"product_tag-set-up-mini","11":"first","12":"instock","13":"shipping-taxable","14":"purchasable","15":"product-type-simple"},"_links":{"self":[{"href":"https:\/\/chuparty.vn\/index.php?rest_route=\/wp\/v2\/product\/6012","targetHints":{"allow":["GET"]}}],"collection":[{"href":"https:\/\/chuparty.vn\/index.php?rest_route=\/wp\/v2\/product"}],"about":[{"href":"https:\/\/chuparty.vn\/index.php?rest_route=\/wp\/v2\/types\/product"}],"replies":[{"embeddable":true,"href":"https:\/\/chuparty.vn\/index.php?rest_route=%2Fwp%2Fv2%2Fcomments&post=6012"}],"wp:featuredmedia":[{"embeddable":true,"href":"https:\/\/chuparty.vn\/index.php?rest_route=\/wp\/v2\/media\/6014"}],"wp:attachment":[{"href":"https:\/\/chuparty.vn\/index.php?rest_route=%2Fwp%2Fv2%2Fmedia&parent=6012"}],"wp:term":[{"taxonomy":"product_cat","embeddable":true,"href":"https:\/\/chuparty.vn\/index.php?rest_route=%2Fwp%2Fv2%2Fproduct_cat&post=6012"},{"taxonomy":"product_tag","embeddable":true,"href":"https:\/\/chuparty.vn\/index.php?rest_route=%2Fwp%2Fv2%2Fproduct_tag&post=6012"}],"curies":[{"name":"wp","href":"https:\/\/api.w.org\/{rel}","templated":true}]}}