{"id":5910,"date":"2023-03-20T13:46:51","date_gmt":"2023-03-20T06:46:51","guid":{"rendered":"https:\/\/chuparty.vn\/?post_type=product&#038;p=5910"},"modified":"2025-05-29T15:22:29","modified_gmt":"2025-05-29T08:22:29","slug":"hop-trang-tri-bong-graduation","status":"publish","type":"product","link":"https:\/\/chuparty.vn\/?product=hop-trang-tri-bong-graduation","title":{"rendered":"H\u1ed8P TRANG TR\u00cd B\u00d3NG &#8211; GRADUATION"},"content":{"rendered":"<p><strong>Chi ti\u1ebft s\u1ea3n ph\u1ea9m:<\/strong><\/p>\n<ul>\n<li>Qui c\u00e1ch \u0111\u00f3ng g\u00f3i: 1 h\u1ed9p\/t\u00fai + 1 ruy b\u0103ng + decal t\u00f9y ch\u1ecdn n\u1ed9i dung theo y\u00eau c\u1ea7u v\u00e0 \u0111\u01b0\u1ee3c t\u1eb7ng k\u00e8m bong b\u00f3ng trang tr\u00ed trong h\u1ed9p m\u00e0u s\u1eafc t\u00f9y ch\u1ecdn,<\/li>\n<li>M\u00e0u s\u1eafc: tr\u1eafng<\/li>\n<li>Ch\u1ea5t li\u1ec7u: gi\u1ea5y c\u1ee9ng<\/li>\n<li>Balloon Box t\u00e1i s\u1eed d\u1ee5ng nhi\u1ec1u l\u1ea7n, ch\u1ec9 c\u1ea7n thay \u0111\u1ed5i m\u00e0u b\u00f3ng b\u00ean trong cho ph\u00f9 h\u1ee3p bu\u1ed5i ti\u1ec7c. H\u1ed9p bong b\u00f3ng s\u1ebd lung linh h\u01a1n khi b\u1ecf th\u00eam \u0111\u00e8n \u0111om \u0111\u00f3m v\u00e0o b\u00ean trong h\u1ed9p.<\/li>\n<li><strong>L\u01afU \u00dd:<\/strong> h\u1ed9p v\u00e0 bong b\u00f3ng giao \u1edf tr\u1ea1ng th\u00e1i ch\u01b0a b\u01a1m, n\u1ebfu b\u1ea1n c\u00f3 y\u00eau c\u1ea7u ho\u00e0n thi\u1ec7n s\u1ea3n ph\u1ea9m vui l\u00f2ng li\u00ean h\u1ec7 nh\u00e2n vi\u00ean b\u00e1n h\u00e0ng \u0111\u1ec3 \u0111\u01b0\u1ee3c t\u01b0 v\u1ea5n b\u00e1o gi\u00e1.<\/li>\n<\/ul>\n<p>&nbsp;<\/p>\n<p><img loading=\"lazy\" decoding=\"async\" class=\"alignnone wp-image-2559\" src=\"https:\/\/chuparty.vn\/wp-content\/uploads\/2022\/05\/155577357_168368821622695_8022099033250033403_n-444x420.jpg\" alt=\"\" width=\"302\" height=\"286\" srcset=\"https:\/\/chuparty.vn\/wp-content\/uploads\/2022\/05\/155577357_168368821622695_8022099033250033403_n-444x420.jpg 444w, https:\/\/chuparty.vn\/wp-content\/uploads\/2022\/05\/155577357_168368821622695_8022099033250033403_n-535x506.jpg 535w, https:\/\/chuparty.vn\/wp-content\/uploads\/2022\/05\/155577357_168368821622695_8022099033250033403_n-768x727.jpg 768w, https:\/\/chuparty.vn\/wp-content\/uploads\/2022\/05\/155577357_168368821622695_8022099033250033403_n.jpg 1170w\" sizes=\"auto, (max-width: 302px) 100vw, 302px\" \/><\/p>\n","protected":false},"excerpt":{"rendered":"<p>Chi ti\u1ebft s\u1ea3n ph\u1ea9m: Qui c\u00e1ch \u0111\u00f3ng g\u00f3i: 1 h\u1ed9p\/t\u00fai + 1 ruy b\u0103ng + decal t\u00f9y ch\u1ecdn n\u1ed9i dung theo y\u00eau c\u1ea7u v\u00e0 \u0111\u01b0\u1ee3c t\u1eb7ng k\u00e8m bong b\u00f3ng trang tr\u00ed trong h\u1ed9p m\u00e0u s\u1eafc t\u00f9y ch\u1ecdn, M\u00e0u s\u1eafc: tr\u1eafng Ch\u1ea5t li\u1ec7u: gi\u1ea5y c\u1ee9ng Balloon Box t\u00e1i s\u1eed d\u1ee5ng nhi\u1ec1u l\u1ea7n, ch\u1ec9 c\u1ea7n thay \u0111\u1ed5i [&hellip;]<\/p>\n","protected":false},"featured_media":5912,"comment_status":"open","ping_status":"closed","template":"","meta":[],"product_cat":[365,337,442,89],"product_tag":[123,353,139],"class_list":{"0":"post-5910","1":"product","2":"type-product","3":"status-publish","4":"has-post-thumbnail","6":"product_cat-graduation","7":"product_cat-grand-opening","8":"product_cat-balloon-box","9":"product_cat-phu-kien-bong-bong","10":"product_tag-congratulation","11":"product_tag-graduation","12":"product_tag-grand-opening","14":"first","15":"instock","16":"sale","17":"shipping-taxable","18":"purchasable","19":"product-type-simple"},"_links":{"self":[{"href":"https:\/\/chuparty.vn\/index.php?rest_route=\/wp\/v2\/product\/5910","targetHints":{"allow":["GET"]}}],"collection":[{"href":"https:\/\/chuparty.vn\/index.php?rest_route=\/wp\/v2\/product"}],"about":[{"href":"https:\/\/chuparty.vn\/index.php?rest_route=\/wp\/v2\/types\/product"}],"replies":[{"embeddable":true,"href":"https:\/\/chuparty.vn\/index.php?rest_route=%2Fwp%2Fv2%2Fcomments&post=5910"}],"wp:featuredmedia":[{"embeddable":true,"href":"https:\/\/chuparty.vn\/index.php?rest_route=\/wp\/v2\/media\/5912"}],"wp:attachment":[{"href":"https:\/\/chuparty.vn\/index.php?rest_route=%2Fwp%2Fv2%2Fmedia&parent=5910"}],"wp:term":[{"taxonomy":"product_cat","embeddable":true,"href":"https:\/\/chuparty.vn\/index.php?rest_route=%2Fwp%2Fv2%2Fproduct_cat&post=5910"},{"taxonomy":"product_tag","embeddable":true,"href":"https:\/\/chuparty.vn\/index.php?rest_route=%2Fwp%2Fv2%2Fproduct_tag&post=5910"}],"curies":[{"name":"wp","href":"https:\/\/api.w.org\/{rel}","templated":true}]}}