{"id":5841,"date":"2023-03-18T16:40:49","date_gmt":"2023-03-18T09:40:49","guid":{"rendered":"https:\/\/chuparty.vn\/?post_type=product&#038;p=5841"},"modified":"2024-10-04T15:29:50","modified_gmt":"2024-10-04T08:29:50","slug":"set-dia-nia-an-may-hong","status":"publish","type":"product","link":"https:\/\/chuparty.vn\/?product=set-dia-nia-an-may-hong","title":{"rendered":"SET D\u0128A N\u0128A \u0102N M\u00c2Y H\u1ed2NG"},"content":{"rendered":"<p><strong>Chi ti\u1ebft s\u1ea3n ph\u1ea9m:\u00a0<\/strong><br \/>\n* S\u1ea3n ph\u1ea9m ph\u1ee5 ki\u1ec7n b\u00e0n \u0103n ph\u1ee5 h\u1ee3p cho nh\u1eefng bu\u1ed5i ti\u1ec7c ngo\u00e0i tr\u1eddi, c\u1ea7n set up nh\u1eb9 nh\u00e0ng m\u00e0 v\u1eabn d\u1ec5 th\u01b0\u01a1ng.<br \/>\n* Quy c\u00e1ch \u0111\u00f3ng g\u00f3i: 5 d\u0129a, 5 n\u0129a, 1 dao\/t\u00fai<br \/>\n* M\u00e0u s\u1eafc: h\u1ed3ng \/ tr\u1eafng \/ xanh<br \/>\n* Ch\u1ea5t li\u1ec7u: nh\u1ef1a c\u1ee9ng an to\u00e0n cho b\u00e9<\/p>\n","protected":false},"excerpt":{"rendered":"<p>Chi ti\u1ebft s\u1ea3n ph\u1ea9m:\u00a0 * S\u1ea3n ph\u1ea9m ph\u1ee5 ki\u1ec7n b\u00e0n \u0103n ph\u1ee5 h\u1ee3p cho nh\u1eefng bu\u1ed5i ti\u1ec7c ngo\u00e0i tr\u1eddi, c\u1ea7n set up nh\u1eb9 nh\u00e0ng m\u00e0 v\u1eabn d\u1ec5 th\u01b0\u01a1ng. * Quy c\u00e1ch \u0111\u00f3ng g\u00f3i: 5 d\u0129a, 5 n\u0129a, 1 dao\/t\u00fai * M\u00e0u s\u1eafc: h\u1ed3ng \/ tr\u1eafng \/ xanh * Ch\u1ea5t li\u1ec7u: nh\u1ef1a c\u1ee9ng an to\u00e0n cho [&hellip;]<\/p>\n","protected":false},"featured_media":0,"comment_status":"open","ping_status":"closed","template":"","meta":[],"product_cat":[15],"product_tag":[441],"class_list":{"0":"post-5841","1":"product","2":"type-product","3":"status-publish","5":"product_cat-san-pham","6":"product_tag-tableware","8":"first","9":"instock","10":"shipping-taxable","11":"purchasable","12":"product-type-simple"},"_links":{"self":[{"href":"https:\/\/chuparty.vn\/index.php?rest_route=\/wp\/v2\/product\/5841","targetHints":{"allow":["GET"]}}],"collection":[{"href":"https:\/\/chuparty.vn\/index.php?rest_route=\/wp\/v2\/product"}],"about":[{"href":"https:\/\/chuparty.vn\/index.php?rest_route=\/wp\/v2\/types\/product"}],"replies":[{"embeddable":true,"href":"https:\/\/chuparty.vn\/index.php?rest_route=%2Fwp%2Fv2%2Fcomments&post=5841"}],"wp:attachment":[{"href":"https:\/\/chuparty.vn\/index.php?rest_route=%2Fwp%2Fv2%2Fmedia&parent=5841"}],"wp:term":[{"taxonomy":"product_cat","embeddable":true,"href":"https:\/\/chuparty.vn\/index.php?rest_route=%2Fwp%2Fv2%2Fproduct_cat&post=5841"},{"taxonomy":"product_tag","embeddable":true,"href":"https:\/\/chuparty.vn\/index.php?rest_route=%2Fwp%2Fv2%2Fproduct_tag&post=5841"}],"curies":[{"name":"wp","href":"https:\/\/api.w.org\/{rel}","templated":true}]}}