{"id":5820,"date":"2023-03-16T13:39:00","date_gmt":"2023-03-16T06:39:00","guid":{"rendered":"https:\/\/chuparty.vn\/?post_type=product&#038;p=5820"},"modified":"2025-09-17T17:39:55","modified_gmt":"2025-09-17T10:39:55","slug":"vuong-mien-so-1-bac-xanh","status":"publish","type":"product","link":"https:\/\/chuparty.vn\/?product=vuong-mien-so-1-bac-xanh","title":{"rendered":"V\u01af\u01a0NG MI\u1ec6N S\u1ed0 1 B\u1ea0C XANH"},"content":{"rendered":"<p><strong>Th\u00f4ng tin s\u1ea3n ph\u1ea9m:<br \/>\n<\/strong><strong><br \/>\n<\/strong>Ch\u1ea5t li\u1ec7u: v\u1ea3i, quai thun<br \/>\nM\u00e0u s\u1eafc: b\u1ea1c vi\u1ec1n xanh\/vi\u1ec1n \u0111en<br \/>\nK\u00edch th\u01b0\u1edbc: Cao 7.62cm * R\u1ed9ng 7.62cm<br \/>\nQuy c\u00e1ch \u0111\u00f3ng g\u00f3i: 1 c\u00e1i\/h\u1ed9p<\/p>\n","protected":false},"excerpt":{"rendered":"<p>Th\u00f4ng tin s\u1ea3n ph\u1ea9m: Ch\u1ea5t li\u1ec7u: v\u1ea3i, quai thun M\u00e0u s\u1eafc: b\u1ea1c vi\u1ec1n xanh\/vi\u1ec1n \u0111en K\u00edch th\u01b0\u1edbc: Cao 7.62cm * R\u1ed9ng 7.62cm Quy c\u00e1ch \u0111\u00f3ng g\u00f3i: 1 c\u00e1i\/h\u1ed9p<\/p>\n","protected":false},"featured_media":5821,"comment_status":"open","ping_status":"closed","template":"","meta":[],"product_cat":[512,137,145,28],"product_tag":[134,439],"class_list":{"0":"post-5820","1":"product","2":"type-product","3":"status-publish","4":"has-post-thumbnail","6":"product_cat-sale-off-30","7":"product_cat-1st-birthday","8":"product_cat-non-tiec","9":"product_cat-sale","10":"product_tag-1st-birthday","11":"product_tag-vuong","13":"first","14":"instock","15":"sale","16":"shipping-taxable","17":"purchasable","18":"product-type-simple"},"_links":{"self":[{"href":"https:\/\/chuparty.vn\/index.php?rest_route=\/wp\/v2\/product\/5820","targetHints":{"allow":["GET"]}}],"collection":[{"href":"https:\/\/chuparty.vn\/index.php?rest_route=\/wp\/v2\/product"}],"about":[{"href":"https:\/\/chuparty.vn\/index.php?rest_route=\/wp\/v2\/types\/product"}],"replies":[{"embeddable":true,"href":"https:\/\/chuparty.vn\/index.php?rest_route=%2Fwp%2Fv2%2Fcomments&post=5820"}],"wp:featuredmedia":[{"embeddable":true,"href":"https:\/\/chuparty.vn\/index.php?rest_route=\/wp\/v2\/media\/5821"}],"wp:attachment":[{"href":"https:\/\/chuparty.vn\/index.php?rest_route=%2Fwp%2Fv2%2Fmedia&parent=5820"}],"wp:term":[{"taxonomy":"product_cat","embeddable":true,"href":"https:\/\/chuparty.vn\/index.php?rest_route=%2Fwp%2Fv2%2Fproduct_cat&post=5820"},{"taxonomy":"product_tag","embeddable":true,"href":"https:\/\/chuparty.vn\/index.php?rest_route=%2Fwp%2Fv2%2Fproduct_tag&post=5820"}],"curies":[{"name":"wp","href":"https:\/\/api.w.org\/{rel}","templated":true}]}}