{"id":5808,"date":"2023-03-16T12:47:22","date_gmt":"2023-03-16T05:47:22","guid":{"rendered":"https:\/\/chuparty.vn\/?post_type=product&#038;p=5808"},"modified":"2024-01-08T10:42:34","modified_gmt":"2024-01-08T03:42:34","slug":"bang-do-happy-birthday-dinh-da-gold","status":"publish","type":"product","link":"https:\/\/chuparty.vn\/?product=bang-do-happy-birthday-dinh-da-gold","title":{"rendered":"B\u0102NG \u0110\u00d4 HAPPY BIRTHDAY \u0110\u00cdNH \u0110\u00c1 GOLD"},"content":{"rendered":"<p><strong>Chi ti\u1ebft s\u1ea3n ph\u1ea9m:<br \/>\n<\/strong>Qui c\u00e1ch \u0111\u00f3ng g\u00f3i: 1 c\u00e1i\/h\u1ed9p<strong><br \/>\n<\/strong>Ch\u1ea5t li\u1ec7u: kim lo\u1ea1i, \u0111\u00e1<br \/>\nM\u00e0u s\u1eafc: gold\/b\u1ea1c<br \/>\nK\u00edch th\u01b0\u1edbc:<\/p>\n<p><img loading=\"lazy\" decoding=\"async\" class=\"alignnone wp-image-5814\" src=\"https:\/\/chuparty.vn\/wp-content\/uploads\/2023\/03\/Screenshot-2023-02-28-103332-420x420.jpg\" alt=\"\" width=\"142\" height=\"142\" srcset=\"https:\/\/chuparty.vn\/wp-content\/uploads\/2023\/03\/Screenshot-2023-02-28-103332-420x420.jpg 420w, https:\/\/chuparty.vn\/wp-content\/uploads\/2023\/03\/Screenshot-2023-02-28-103332-506x506.jpg 506w, https:\/\/chuparty.vn\/wp-content\/uploads\/2023\/03\/Screenshot-2023-02-28-103332-768x768.jpg 768w, https:\/\/chuparty.vn\/wp-content\/uploads\/2023\/03\/Screenshot-2023-02-28-103332-100x100.jpg 100w, https:\/\/chuparty.vn\/wp-content\/uploads\/2023\/03\/Screenshot-2023-02-28-103332-400x400.jpg 400w, https:\/\/chuparty.vn\/wp-content\/uploads\/2023\/03\/Screenshot-2023-02-28-103332-700x700.jpg 700w, https:\/\/chuparty.vn\/wp-content\/uploads\/2023\/03\/Screenshot-2023-02-28-103332-150x150.jpg 150w, https:\/\/chuparty.vn\/wp-content\/uploads\/2023\/03\/Screenshot-2023-02-28-103332.jpg 861w\" sizes=\"auto, (max-width: 142px) 100vw, 142px\" \/><\/p>\n","protected":false},"excerpt":{"rendered":"<p>Chi ti\u1ebft s\u1ea3n ph\u1ea9m: Qui c\u00e1ch \u0111\u00f3ng g\u00f3i: 1 c\u00e1i\/h\u1ed9p Ch\u1ea5t li\u1ec7u: kim lo\u1ea1i, \u0111\u00e1 M\u00e0u s\u1eafc: gold\/b\u1ea1c K\u00edch th\u01b0\u1edbc:<\/p>\n","protected":false},"featured_media":5817,"comment_status":"open","ping_status":"closed","template":"","meta":[],"product_cat":[463],"product_tag":[438,142],"class_list":{"0":"post-5808","1":"product","2":"type-product","3":"status-publish","4":"has-post-thumbnail","6":"product_cat-bang-do-sash","7":"product_tag-bang-do","8":"product_tag-headband","10":"first","11":"instock","12":"shipping-taxable","13":"purchasable","14":"product-type-simple"},"_links":{"self":[{"href":"https:\/\/chuparty.vn\/index.php?rest_route=\/wp\/v2\/product\/5808","targetHints":{"allow":["GET"]}}],"collection":[{"href":"https:\/\/chuparty.vn\/index.php?rest_route=\/wp\/v2\/product"}],"about":[{"href":"https:\/\/chuparty.vn\/index.php?rest_route=\/wp\/v2\/types\/product"}],"replies":[{"embeddable":true,"href":"https:\/\/chuparty.vn\/index.php?rest_route=%2Fwp%2Fv2%2Fcomments&post=5808"}],"wp:featuredmedia":[{"embeddable":true,"href":"https:\/\/chuparty.vn\/index.php?rest_route=\/wp\/v2\/media\/5817"}],"wp:attachment":[{"href":"https:\/\/chuparty.vn\/index.php?rest_route=%2Fwp%2Fv2%2Fmedia&parent=5808"}],"wp:term":[{"taxonomy":"product_cat","embeddable":true,"href":"https:\/\/chuparty.vn\/index.php?rest_route=%2Fwp%2Fv2%2Fproduct_cat&post=5808"},{"taxonomy":"product_tag","embeddable":true,"href":"https:\/\/chuparty.vn\/index.php?rest_route=%2Fwp%2Fv2%2Fproduct_tag&post=5808"}],"curies":[{"name":"wp","href":"https:\/\/api.w.org\/{rel}","templated":true}]}}