{"id":5797,"date":"2023-03-16T12:21:38","date_gmt":"2023-03-16T05:21:38","guid":{"rendered":"https:\/\/chuparty.vn\/?post_type=product&#038;p=5797"},"modified":"2024-01-08T10:42:52","modified_gmt":"2024-01-08T03:42:52","slug":"bang-do-happy-birthday-rainbow","status":"publish","type":"product","link":"https:\/\/chuparty.vn\/?product=bang-do-happy-birthday-rainbow","title":{"rendered":"B\u0102NG \u0110\u00d4 HAPPY BIRTHDAY &#8211; RAINBOW"},"content":{"rendered":"<p><strong>Chi ti\u1ebft s\u1ea3n ph\u1ea9m:<br \/>\n<\/strong>Qui c\u00e1ch \u0111\u00f3ng g\u00f3i: 1 b\u0103ng \u0111\u00f4 Happy Birthday multicolor\/t\u00fai<strong><br \/>\n<\/strong>Ch\u1ea5t li\u1ec7u: kim lo\u1ea1i<br \/>\nM\u00e0u s\u1eafc: multicolor<br \/>\nK\u00edch th\u01b0\u1edbc:<\/p>\n<p><img loading=\"lazy\" decoding=\"async\" class=\"alignnone wp-image-5684\" src=\"https:\/\/chuparty.vn\/wp-content\/uploads\/2023\/02\/Screenshot-2023-01-19-231032-2-468x420.jpg\" sizes=\"auto, (max-width: 163px) 100vw, 163px\" alt=\"\" width=\"163\" height=\"146\" \/><\/p>\n","protected":false},"excerpt":{"rendered":"<p>Chi ti\u1ebft s\u1ea3n ph\u1ea9m: Qui c\u00e1ch \u0111\u00f3ng g\u00f3i: 1 b\u0103ng \u0111\u00f4 Happy Birthday multicolor\/t\u00fai Ch\u1ea5t li\u1ec7u: kim lo\u1ea1i M\u00e0u s\u1eafc: multicolor K\u00edch th\u01b0\u1edbc:<\/p>\n","protected":false},"featured_media":5798,"comment_status":"open","ping_status":"closed","template":"","meta":[],"product_cat":[463],"product_tag":[438,142],"class_list":{"0":"post-5797","1":"product","2":"type-product","3":"status-publish","4":"has-post-thumbnail","6":"product_cat-bang-do-sash","7":"product_tag-bang-do","8":"product_tag-headband","10":"first","11":"instock","12":"shipping-taxable","13":"purchasable","14":"product-type-simple"},"_links":{"self":[{"href":"https:\/\/chuparty.vn\/index.php?rest_route=\/wp\/v2\/product\/5797","targetHints":{"allow":["GET"]}}],"collection":[{"href":"https:\/\/chuparty.vn\/index.php?rest_route=\/wp\/v2\/product"}],"about":[{"href":"https:\/\/chuparty.vn\/index.php?rest_route=\/wp\/v2\/types\/product"}],"replies":[{"embeddable":true,"href":"https:\/\/chuparty.vn\/index.php?rest_route=%2Fwp%2Fv2%2Fcomments&post=5797"}],"wp:featuredmedia":[{"embeddable":true,"href":"https:\/\/chuparty.vn\/index.php?rest_route=\/wp\/v2\/media\/5798"}],"wp:attachment":[{"href":"https:\/\/chuparty.vn\/index.php?rest_route=%2Fwp%2Fv2%2Fmedia&parent=5797"}],"wp:term":[{"taxonomy":"product_cat","embeddable":true,"href":"https:\/\/chuparty.vn\/index.php?rest_route=%2Fwp%2Fv2%2Fproduct_cat&post=5797"},{"taxonomy":"product_tag","embeddable":true,"href":"https:\/\/chuparty.vn\/index.php?rest_route=%2Fwp%2Fv2%2Fproduct_tag&post=5797"}],"curies":[{"name":"wp","href":"https:\/\/api.w.org\/{rel}","templated":true}]}}