{"id":5756,"date":"2023-03-09T15:17:48","date_gmt":"2023-03-09T08:17:48","guid":{"rendered":"https:\/\/chuparty.vn\/?post_type=product&#038;p=5756"},"modified":"2023-03-09T15:22:06","modified_gmt":"2023-03-09T08:22:06","slug":"day-ket-bong-5m","status":"publish","type":"product","link":"https:\/\/chuparty.vn\/?product=day-ket-bong-5m","title":{"rendered":"D\u00c2Y K\u1ebeT B\u00d3NG 5m"},"content":{"rendered":"<p><strong>Chi ti\u1ebft s\u1ea3n ph\u1ea9m:<br \/>\n<\/strong>Qui c\u00e1ch \u0111\u00f3ng g\u00f3i: 1 cu\u1ed9n\/t\u00fai<strong><br \/>\n<\/strong>Ch\u1ea5t li\u1ec7u: nh\u1ef1a<br \/>\nM\u00e0u s\u1eafc:<br \/>\nK\u00edch th\u01b0\u1edbc: 5m<\/p>\n<p><img loading=\"lazy\" decoding=\"async\" class=\"alignnone  wp-image-5771\" src=\"https:\/\/chuparty.vn\/wp-content\/uploads\/2023\/03\/86185824_2581666605277361_5606526986802429952_o-420x420.jpg\" alt=\"\" width=\"216\" height=\"216\" srcset=\"https:\/\/chuparty.vn\/wp-content\/uploads\/2023\/03\/86185824_2581666605277361_5606526986802429952_o-420x420.jpg 420w, https:\/\/chuparty.vn\/wp-content\/uploads\/2023\/03\/86185824_2581666605277361_5606526986802429952_o-506x506.jpg 506w, https:\/\/chuparty.vn\/wp-content\/uploads\/2023\/03\/86185824_2581666605277361_5606526986802429952_o-768x768.jpg 768w, https:\/\/chuparty.vn\/wp-content\/uploads\/2023\/03\/86185824_2581666605277361_5606526986802429952_o-100x100.jpg 100w, https:\/\/chuparty.vn\/wp-content\/uploads\/2023\/03\/86185824_2581666605277361_5606526986802429952_o-400x400.jpg 400w, https:\/\/chuparty.vn\/wp-content\/uploads\/2023\/03\/86185824_2581666605277361_5606526986802429952_o-700x700.jpg 700w, https:\/\/chuparty.vn\/wp-content\/uploads\/2023\/03\/86185824_2581666605277361_5606526986802429952_o-150x150.jpg 150w, https:\/\/chuparty.vn\/wp-content\/uploads\/2023\/03\/86185824_2581666605277361_5606526986802429952_o.jpg 960w\" sizes=\"auto, (max-width: 216px) 100vw, 216px\" \/><\/p>\n<p>&nbsp;<\/p>\n","protected":false},"excerpt":{"rendered":"<p>Chi ti\u1ebft s\u1ea3n ph\u1ea9m: Qui c\u00e1ch \u0111\u00f3ng g\u00f3i: 1 cu\u1ed9n\/t\u00fai Ch\u1ea5t li\u1ec7u: nh\u1ef1a M\u00e0u s\u1eafc: K\u00edch th\u01b0\u1edbc: 5m &nbsp;<\/p>\n","protected":false},"featured_media":5758,"comment_status":"open","ping_status":"closed","template":"","meta":[],"product_cat":[89],"product_tag":[95],"class_list":{"0":"post-5756","1":"product","2":"type-product","3":"status-publish","4":"has-post-thumbnail","6":"product_cat-phu-kien-bong-bong","7":"product_tag-phu-kien","9":"first","10":"instock","11":"shipping-taxable","12":"purchasable","13":"product-type-simple"},"_links":{"self":[{"href":"https:\/\/chuparty.vn\/index.php?rest_route=\/wp\/v2\/product\/5756","targetHints":{"allow":["GET"]}}],"collection":[{"href":"https:\/\/chuparty.vn\/index.php?rest_route=\/wp\/v2\/product"}],"about":[{"href":"https:\/\/chuparty.vn\/index.php?rest_route=\/wp\/v2\/types\/product"}],"replies":[{"embeddable":true,"href":"https:\/\/chuparty.vn\/index.php?rest_route=%2Fwp%2Fv2%2Fcomments&post=5756"}],"wp:featuredmedia":[{"embeddable":true,"href":"https:\/\/chuparty.vn\/index.php?rest_route=\/wp\/v2\/media\/5758"}],"wp:attachment":[{"href":"https:\/\/chuparty.vn\/index.php?rest_route=%2Fwp%2Fv2%2Fmedia&parent=5756"}],"wp:term":[{"taxonomy":"product_cat","embeddable":true,"href":"https:\/\/chuparty.vn\/index.php?rest_route=%2Fwp%2Fv2%2Fproduct_cat&post=5756"},{"taxonomy":"product_tag","embeddable":true,"href":"https:\/\/chuparty.vn\/index.php?rest_route=%2Fwp%2Fv2%2Fproduct_tag&post=5756"}],"curies":[{"name":"wp","href":"https:\/\/api.w.org\/{rel}","templated":true}]}}