{"id":5747,"date":"2023-03-09T15:13:42","date_gmt":"2023-03-09T08:13:42","guid":{"rendered":"https:\/\/chuparty.vn\/?post_type=product&#038;p=5747"},"modified":"2023-03-09T15:15:40","modified_gmt":"2023-03-09T08:15:40","slug":"day-cot-bong-10m","status":"publish","type":"product","link":"https:\/\/chuparty.vn\/?product=day-cot-bong-10m","title":{"rendered":"D\u00c2Y C\u1ed8T B\u00d3NG 10m"},"content":{"rendered":"<p><strong>Chi ti\u1ebft s\u1ea3n ph\u1ea9m:<br \/>\n<\/strong>Qui c\u00e1ch \u0111\u00f3ng g\u00f3i: 1 cu\u1ed9n\u00a0<strong><br \/>\n<\/strong>Ch\u1ea5t li\u1ec7u:<br \/>\nM\u00e0u s\u1eafc: b\u1ea1c, gold, rosegold t\u00f9y ch\u1ecdn<br \/>\nK\u00edch th\u01b0\u1edbc: 10m<\/p>\n<p><img loading=\"lazy\" decoding=\"async\" class=\"alignnone wp-image-5750\" src=\"https:\/\/chuparty.vn\/wp-content\/uploads\/2023\/03\/O1CN01S3HgEw1VUUcXLErbz_2850702656-0-cib-420x420.jpg\" alt=\"\" width=\"198\" height=\"198\" srcset=\"https:\/\/chuparty.vn\/wp-content\/uploads\/2023\/03\/O1CN01S3HgEw1VUUcXLErbz_2850702656-0-cib-420x420.jpg 420w, https:\/\/chuparty.vn\/wp-content\/uploads\/2023\/03\/O1CN01S3HgEw1VUUcXLErbz_2850702656-0-cib-506x506.jpg 506w, https:\/\/chuparty.vn\/wp-content\/uploads\/2023\/03\/O1CN01S3HgEw1VUUcXLErbz_2850702656-0-cib-768x768.jpg 768w, https:\/\/chuparty.vn\/wp-content\/uploads\/2023\/03\/O1CN01S3HgEw1VUUcXLErbz_2850702656-0-cib-100x100.jpg 100w, https:\/\/chuparty.vn\/wp-content\/uploads\/2023\/03\/O1CN01S3HgEw1VUUcXLErbz_2850702656-0-cib-400x400.jpg 400w, https:\/\/chuparty.vn\/wp-content\/uploads\/2023\/03\/O1CN01S3HgEw1VUUcXLErbz_2850702656-0-cib-700x700.jpg 700w, https:\/\/chuparty.vn\/wp-content\/uploads\/2023\/03\/O1CN01S3HgEw1VUUcXLErbz_2850702656-0-cib-150x150.jpg 150w, https:\/\/chuparty.vn\/wp-content\/uploads\/2023\/03\/O1CN01S3HgEw1VUUcXLErbz_2850702656-0-cib.jpg 800w\" sizes=\"auto, (max-width: 198px) 100vw, 198px\" \/><\/p>\n","protected":false},"excerpt":{"rendered":"<p>Chi ti\u1ebft s\u1ea3n ph\u1ea9m: Qui c\u00e1ch \u0111\u00f3ng g\u00f3i: 1 cu\u1ed9n\u00a0 Ch\u1ea5t li\u1ec7u: M\u00e0u s\u1eafc: b\u1ea1c, gold, rosegold t\u00f9y ch\u1ecdn K\u00edch th\u01b0\u1edbc: 10m<\/p>\n","protected":false},"featured_media":5749,"comment_status":"open","ping_status":"closed","template":"","meta":[],"product_cat":[89],"product_tag":[95],"class_list":{"0":"post-5747","1":"product","2":"type-product","3":"status-publish","4":"has-post-thumbnail","6":"product_cat-phu-kien-bong-bong","7":"product_tag-phu-kien","9":"first","10":"instock","11":"shipping-taxable","12":"purchasable","13":"product-type-simple"},"_links":{"self":[{"href":"https:\/\/chuparty.vn\/index.php?rest_route=\/wp\/v2\/product\/5747","targetHints":{"allow":["GET"]}}],"collection":[{"href":"https:\/\/chuparty.vn\/index.php?rest_route=\/wp\/v2\/product"}],"about":[{"href":"https:\/\/chuparty.vn\/index.php?rest_route=\/wp\/v2\/types\/product"}],"replies":[{"embeddable":true,"href":"https:\/\/chuparty.vn\/index.php?rest_route=%2Fwp%2Fv2%2Fcomments&post=5747"}],"wp:featuredmedia":[{"embeddable":true,"href":"https:\/\/chuparty.vn\/index.php?rest_route=\/wp\/v2\/media\/5749"}],"wp:attachment":[{"href":"https:\/\/chuparty.vn\/index.php?rest_route=%2Fwp%2Fv2%2Fmedia&parent=5747"}],"wp:term":[{"taxonomy":"product_cat","embeddable":true,"href":"https:\/\/chuparty.vn\/index.php?rest_route=%2Fwp%2Fv2%2Fproduct_cat&post=5747"},{"taxonomy":"product_tag","embeddable":true,"href":"https:\/\/chuparty.vn\/index.php?rest_route=%2Fwp%2Fv2%2Fproduct_tag&post=5747"}],"curies":[{"name":"wp","href":"https:\/\/api.w.org\/{rel}","templated":true}]}}