{"id":5722,"date":"2023-03-06T13:15:53","date_gmt":"2023-03-06T06:15:53","guid":{"rendered":"https:\/\/chuparty.vn\/?post_type=product&#038;p=5722"},"modified":"2025-06-09T11:55:07","modified_gmt":"2025-06-09T04:55:07","slug":"day-chu-happy-birthday-may-cuoi","status":"publish","type":"product","link":"https:\/\/chuparty.vn\/?product=day-chu-happy-birthday-may-cuoi","title":{"rendered":"D\u00c2Y CH\u1eee HAPPY BIRTHDAY M\u00c2Y C\u01af\u1edcI"},"content":{"rendered":"<p>D\u00e2y c\u1edd l\u00e0 ph\u1ee5 ki\u1ec7n kh\u00f4ng th\u1ec3 thi\u1ebfu khi trang tr\u00ed cho bu\u1ed5i ti\u1ec7c sinh nh\u1eadt.<\/p>\n<p><strong>Chi ti\u1ebft s\u1ea3n ph\u1ea9m:<\/strong><\/p>\n<ul>\n<li>K\u00edch th\u01b0\u1edbc : 3m<\/li>\n<li>Ch\u1ea5t li\u1ec7u: gi\u1ea5y m\u00e0u vi\u1ec1n gold cao c\u1ea5p<\/li>\n<li>C\u00e1ch th\u1ee9c \u0111\u00f3ng g\u00f3i: 13 ch\u1eef \/set<\/li>\n<\/ul>\n","protected":false},"excerpt":{"rendered":"<p>D\u00e2y c\u1edd l\u00e0 ph\u1ee5 ki\u1ec7n kh\u00f4ng th\u1ec3 thi\u1ebfu khi trang tr\u00ed cho bu\u1ed5i ti\u1ec7c sinh nh\u1eadt. Chi ti\u1ebft s\u1ea3n ph\u1ea9m: K\u00edch th\u01b0\u1edbc : 3m Ch\u1ea5t li\u1ec7u: gi\u1ea5y m\u00e0u vi\u1ec1n gold cao c\u1ea5p C\u00e1ch th\u1ee9c \u0111\u00f3ng g\u00f3i: 13 ch\u1eef \/set<\/p>\n","protected":false},"featured_media":5723,"comment_status":"open","ping_status":"closed","template":"","meta":[],"product_cat":[491,101,48,345],"product_tag":[41,92,105],"class_list":{"0":"post-5722","1":"product","2":"type-product","3":"status-publish","4":"has-post-thumbnail","6":"product_cat-macaron","7":"product_cat-rainbow","8":"product_cat-day-treo-banner","9":"product_cat-dong-gia-80k","10":"product_tag-banner","11":"product_tag-macaron","12":"product_tag-rainbow","14":"first","15":"instock","16":"shipping-taxable","17":"purchasable","18":"product-type-simple"},"_links":{"self":[{"href":"https:\/\/chuparty.vn\/index.php?rest_route=\/wp\/v2\/product\/5722","targetHints":{"allow":["GET"]}}],"collection":[{"href":"https:\/\/chuparty.vn\/index.php?rest_route=\/wp\/v2\/product"}],"about":[{"href":"https:\/\/chuparty.vn\/index.php?rest_route=\/wp\/v2\/types\/product"}],"replies":[{"embeddable":true,"href":"https:\/\/chuparty.vn\/index.php?rest_route=%2Fwp%2Fv2%2Fcomments&post=5722"}],"wp:featuredmedia":[{"embeddable":true,"href":"https:\/\/chuparty.vn\/index.php?rest_route=\/wp\/v2\/media\/5723"}],"wp:attachment":[{"href":"https:\/\/chuparty.vn\/index.php?rest_route=%2Fwp%2Fv2%2Fmedia&parent=5722"}],"wp:term":[{"taxonomy":"product_cat","embeddable":true,"href":"https:\/\/chuparty.vn\/index.php?rest_route=%2Fwp%2Fv2%2Fproduct_cat&post=5722"},{"taxonomy":"product_tag","embeddable":true,"href":"https:\/\/chuparty.vn\/index.php?rest_route=%2Fwp%2Fv2%2Fproduct_tag&post=5722"}],"curies":[{"name":"wp","href":"https:\/\/api.w.org\/{rel}","templated":true}]}}