{"id":5703,"date":"2023-03-06T12:04:59","date_gmt":"2023-03-06T05:04:59","guid":{"rendered":"https:\/\/chuparty.vn\/?post_type=product&#038;p=5703"},"modified":"2024-04-29T13:37:29","modified_gmt":"2024-04-29T06:37:29","slug":"vuong-mien-giay-nhu","status":"publish","type":"product","link":"https:\/\/chuparty.vn\/?product=vuong-mien-giay-nhu","title":{"rendered":"V\u01af\u01a0NG MI\u1ec6N GI\u1ea4Y NH\u0168"},"content":{"rendered":"<p><strong>Chi ti\u1ebft s\u1ea3n ph\u1ea9m:<br \/>\n<\/strong>Qui c\u00e1ch \u0111\u00f3ng g\u00f3i: 1 c\u00e1i\/t\u00fai<strong><br \/>\n<\/strong>Ch\u1ea5t li\u1ec7u: Gi\u1eaby nh\u0169<br \/>\nM\u00e0u s\u1eafc: c\u00f3 4 m\u00e0u t\u00f9y ch\u1ecdn b\u1ea1c, gold, xanh, h\u1ed3ng<br \/>\nK\u00edch th\u01b0\u1edbc: 7,5cm*30cm<\/p>\n","protected":false},"excerpt":{"rendered":"<p>Chi ti\u1ebft s\u1ea3n ph\u1ea9m: Qui c\u00e1ch \u0111\u00f3ng g\u00f3i: 1 c\u00e1i\/t\u00fai Ch\u1ea5t li\u1ec7u: Gi\u1eaby nh\u0169 M\u00e0u s\u1eafc: c\u00f3 4 m\u00e0u t\u00f9y ch\u1ecdn b\u1ea1c, gold, xanh, h\u1ed3ng K\u00edch th\u01b0\u1edbc: 7,5cm*30cm<\/p>\n","protected":false},"featured_media":8548,"comment_status":"open","ping_status":"closed","template":"","meta":[],"product_cat":[137,16,145],"product_tag":[134,144],"class_list":{"0":"post-5703","1":"product","2":"type-product","3":"status-publish","4":"has-post-thumbnail","6":"product_cat-1st-birthday","7":"product_cat-phu-kien-trang-tri","8":"product_cat-non-tiec","9":"product_tag-1st-birthday","10":"product_tag-non","12":"first","13":"instock","14":"shipping-taxable","15":"purchasable","16":"product-type-simple"},"_links":{"self":[{"href":"https:\/\/chuparty.vn\/index.php?rest_route=\/wp\/v2\/product\/5703","targetHints":{"allow":["GET"]}}],"collection":[{"href":"https:\/\/chuparty.vn\/index.php?rest_route=\/wp\/v2\/product"}],"about":[{"href":"https:\/\/chuparty.vn\/index.php?rest_route=\/wp\/v2\/types\/product"}],"replies":[{"embeddable":true,"href":"https:\/\/chuparty.vn\/index.php?rest_route=%2Fwp%2Fv2%2Fcomments&post=5703"}],"wp:featuredmedia":[{"embeddable":true,"href":"https:\/\/chuparty.vn\/index.php?rest_route=\/wp\/v2\/media\/8548"}],"wp:attachment":[{"href":"https:\/\/chuparty.vn\/index.php?rest_route=%2Fwp%2Fv2%2Fmedia&parent=5703"}],"wp:term":[{"taxonomy":"product_cat","embeddable":true,"href":"https:\/\/chuparty.vn\/index.php?rest_route=%2Fwp%2Fv2%2Fproduct_cat&post=5703"},{"taxonomy":"product_tag","embeddable":true,"href":"https:\/\/chuparty.vn\/index.php?rest_route=%2Fwp%2Fv2%2Fproduct_tag&post=5703"}],"curies":[{"name":"wp","href":"https:\/\/api.w.org\/{rel}","templated":true}]}}