{"id":5686,"date":"2023-03-04T15:59:26","date_gmt":"2023-03-04T08:59:26","guid":{"rendered":"https:\/\/chuparty.vn\/?post_type=product&#038;p=5686"},"modified":"2025-02-07T11:01:22","modified_gmt":"2025-02-07T04:01:22","slug":"co-vai-bw-happy-birthday-cake","status":"publish","type":"product","link":"https:\/\/chuparty.vn\/?product=co-vai-bw-happy-birthday-cake","title":{"rendered":"C\u1edc V\u1ea2I B&#038;W HAPPY BIRTHDAY (CAKE)"},"content":{"rendered":"<p><strong>Chi ti\u1ebft s\u1ea3n ph\u1ea9m<\/strong><\/p>\n<ul>\n<li>K\u00edch th\u01b0\u1edbc: 75*150cm<\/li>\n<li>Ch\u1ea5t li\u1ec7u: v\u1ea3i<\/li>\n<li>M\u00e0u s\u1eafc: n\u1ec1n tr\u1eafng ch\u1eef \u0111en<\/li>\n<li>C\u00e1ch th\u1ee9c \u0111\u00f3ng g\u00f3i : 1 c\u00e1i + 4 m\u00f3c\/t\u00fai<\/li>\n<\/ul>\n","protected":false},"excerpt":{"rendered":"<p>Chi ti\u1ebft s\u1ea3n ph\u1ea9m K\u00edch th\u01b0\u1edbc: 75*150cm Ch\u1ea5t li\u1ec7u: v\u1ea3i M\u00e0u s\u1eafc: n\u1ec1n tr\u1eafng ch\u1eef \u0111en C\u00e1ch th\u1ee9c \u0111\u00f3ng g\u00f3i : 1 c\u00e1i + 4 m\u00f3c\/t\u00fai<\/p>\n","protected":false},"featured_media":5687,"comment_status":"open","ping_status":"closed","template":"","meta":[],"product_cat":[492,147,391],"product_tag":[146,378,133,106],"class_list":{"0":"post-5686","1":"product","2":"type-product","3":"status-publish","4":"has-post-thumbnail","6":"product_cat-black-white","7":"product_cat-backdrop","8":"product_cat-co-vai","9":"product_tag-backdrop","10":"product_tag-co-vai","11":"product_tag-new-arrival","12":"product_tag-vintage","14":"first","15":"outofstock","16":"shipping-taxable","17":"purchasable","18":"product-type-simple"},"_links":{"self":[{"href":"https:\/\/chuparty.vn\/index.php?rest_route=\/wp\/v2\/product\/5686","targetHints":{"allow":["GET"]}}],"collection":[{"href":"https:\/\/chuparty.vn\/index.php?rest_route=\/wp\/v2\/product"}],"about":[{"href":"https:\/\/chuparty.vn\/index.php?rest_route=\/wp\/v2\/types\/product"}],"replies":[{"embeddable":true,"href":"https:\/\/chuparty.vn\/index.php?rest_route=%2Fwp%2Fv2%2Fcomments&post=5686"}],"wp:featuredmedia":[{"embeddable":true,"href":"https:\/\/chuparty.vn\/index.php?rest_route=\/wp\/v2\/media\/5687"}],"wp:attachment":[{"href":"https:\/\/chuparty.vn\/index.php?rest_route=%2Fwp%2Fv2%2Fmedia&parent=5686"}],"wp:term":[{"taxonomy":"product_cat","embeddable":true,"href":"https:\/\/chuparty.vn\/index.php?rest_route=%2Fwp%2Fv2%2Fproduct_cat&post=5686"},{"taxonomy":"product_tag","embeddable":true,"href":"https:\/\/chuparty.vn\/index.php?rest_route=%2Fwp%2Fv2%2Fproduct_tag&post=5686"}],"curies":[{"name":"wp","href":"https:\/\/api.w.org\/{rel}","templated":true}]}}