{"id":567,"date":"2022-01-19T16:48:26","date_gmt":"2022-01-19T09:48:26","guid":{"rendered":"https:\/\/chuparty.vn\/?post_type=product&#038;p=567"},"modified":"2024-10-21T16:05:26","modified_gmt":"2024-10-21T09:05:26","slug":"mat-kinh-hoa-cuc","status":"publish","type":"product","link":"https:\/\/chuparty.vn\/?product=mat-kinh-hoa-cuc","title":{"rendered":"M\u1eaeT K\u00cdNH HOA C\u00daC"},"content":{"rendered":"<p><strong>Chi ti\u1ebft s\u1ea3n ph\u1ea9m:<br \/>\n<\/strong>Ch\u1ea5t li\u1ec7u: nh\u1ef1a<br \/>\nM\u00e0u s\u1eafc: tr\u1eafng, tr\u00f2ng k\u00ednh m\u00e0u nh\u1ea1t ho\u1eb7c m\u00e0u \u0111\u1eadm<br \/>\nK\u00edch th\u01b0\u1edbc:<\/p>\n<p>&nbsp;<\/p>\n","protected":false},"excerpt":{"rendered":"<p>Chi ti\u1ebft s\u1ea3n ph\u1ea9m: Ch\u1ea5t li\u1ec7u: nh\u1ef1a M\u00e0u s\u1eafc: tr\u1eafng, tr\u00f2ng k\u00ednh m\u00e0u nh\u1ea1t ho\u1eb7c m\u00e0u \u0111\u1eadm K\u00edch th\u01b0\u1edbc: &nbsp;<\/p>\n","protected":false},"featured_media":574,"comment_status":"open","ping_status":"closed","template":"","meta":[],"product_cat":[511,103,16,141,28],"product_tag":[21,140],"class_list":{"0":"post-567","1":"product","2":"type-product","3":"status-publish","4":"has-post-thumbnail","6":"product_cat-sale-of-50","7":"product_cat-daisy","8":"product_cat-phu-kien-trang-tri","9":"product_cat-mat-kinh-tiec","10":"product_cat-sale","11":"product_tag-daisy","12":"product_tag-mat-kinh","14":"first","15":"instock","16":"sale","17":"shipping-taxable","18":"purchasable","19":"product-type-simple"},"_links":{"self":[{"href":"https:\/\/chuparty.vn\/index.php?rest_route=\/wp\/v2\/product\/567","targetHints":{"allow":["GET"]}}],"collection":[{"href":"https:\/\/chuparty.vn\/index.php?rest_route=\/wp\/v2\/product"}],"about":[{"href":"https:\/\/chuparty.vn\/index.php?rest_route=\/wp\/v2\/types\/product"}],"replies":[{"embeddable":true,"href":"https:\/\/chuparty.vn\/index.php?rest_route=%2Fwp%2Fv2%2Fcomments&post=567"}],"wp:featuredmedia":[{"embeddable":true,"href":"https:\/\/chuparty.vn\/index.php?rest_route=\/wp\/v2\/media\/574"}],"wp:attachment":[{"href":"https:\/\/chuparty.vn\/index.php?rest_route=%2Fwp%2Fv2%2Fmedia&parent=567"}],"wp:term":[{"taxonomy":"product_cat","embeddable":true,"href":"https:\/\/chuparty.vn\/index.php?rest_route=%2Fwp%2Fv2%2Fproduct_cat&post=567"},{"taxonomy":"product_tag","embeddable":true,"href":"https:\/\/chuparty.vn\/index.php?rest_route=%2Fwp%2Fv2%2Fproduct_tag&post=567"}],"curies":[{"name":"wp","href":"https:\/\/api.w.org\/{rel}","templated":true}]}}