{"id":5651,"date":"2023-03-03T13:03:38","date_gmt":"2023-03-03T06:03:38","guid":{"rendered":"https:\/\/chuparty.vn\/?post_type=product&#038;p=5651"},"modified":"2024-03-27T10:39:38","modified_gmt":"2024-03-27T03:39:38","slug":"bong-beo-hong-size-xl","status":"publish","type":"product","link":"https:\/\/chuparty.vn\/?product=bong-beo-hong-size-xl","title":{"rendered":"B\u00d3NG B\u00c1O H\u1ed2NG SIZE XL"},"content":{"rendered":"<p><strong>Chi ti\u1ebft s\u1ea3n ph\u1ea9m<\/strong><\/p>\n<ul>\n<li>K\u00edch th\u01b0\u1edbc:\u00a0 79*118cm<\/li>\n<li>Ch\u1ea5t li\u1ec7u: nh\u00f4m ki\u1ebfng<\/li>\n<li>C\u00e1ch th\u1ee9c \u0111\u00f3ng g\u00f3i : 1 b\u00f3ng\/t\u00fai + \u1ed1ng h\u00fat \u0111\u1ec3 th\u1ed5i b\u00f3ng.<br \/>\n(B\u00f3ng giao \u1edf tr\u1ea1ng th\u00e1i ch\u01b0a b\u01a1m)<img loading=\"lazy\" decoding=\"async\" class=\"alignnone wp-image-3199\" src=\"https:\/\/chuparty.vn\/wp-content\/uploads\/2022\/06\/72526517_1771510859659213_305844578198487040_n.jpg\" alt=\"\" width=\"361\" height=\"274\" \/><\/li>\n<\/ul>\n","protected":false},"excerpt":{"rendered":"<p>Chi ti\u1ebft s\u1ea3n ph\u1ea9m K\u00edch th\u01b0\u1edbc:\u00a0 79*118cm Ch\u1ea5t li\u1ec7u: nh\u00f4m ki\u1ebfng C\u00e1ch th\u1ee9c \u0111\u00f3ng g\u00f3i : 1 b\u00f3ng\/t\u00fai + \u1ed1ng h\u00fat \u0111\u1ec3 th\u1ed5i b\u00f3ng. (B\u00f3ng giao \u1edf tr\u1ea1ng th\u00e1i ch\u01b0a b\u01a1m)<\/p>\n","protected":false},"featured_media":5652,"comment_status":"open","ping_status":"closed","template":"","meta":[],"product_cat":[260,318,46,429],"product_tag":[215,47,261],"class_list":{"0":"post-5651","1":"product","2":"type-product","3":"status-publish","4":"has-post-thumbnail","6":"product_cat-safari","7":"product_cat-baby-shower","8":"product_cat-bong-hinh","9":"product_cat-dong-gia-40k-45k","10":"product_tag-baby-shower","11":"product_tag-bong-hinh","12":"product_tag-safari","14":"first","15":"instock","16":"shipping-taxable","17":"purchasable","18":"product-type-simple"},"_links":{"self":[{"href":"https:\/\/chuparty.vn\/index.php?rest_route=\/wp\/v2\/product\/5651","targetHints":{"allow":["GET"]}}],"collection":[{"href":"https:\/\/chuparty.vn\/index.php?rest_route=\/wp\/v2\/product"}],"about":[{"href":"https:\/\/chuparty.vn\/index.php?rest_route=\/wp\/v2\/types\/product"}],"replies":[{"embeddable":true,"href":"https:\/\/chuparty.vn\/index.php?rest_route=%2Fwp%2Fv2%2Fcomments&post=5651"}],"wp:featuredmedia":[{"embeddable":true,"href":"https:\/\/chuparty.vn\/index.php?rest_route=\/wp\/v2\/media\/5652"}],"wp:attachment":[{"href":"https:\/\/chuparty.vn\/index.php?rest_route=%2Fwp%2Fv2%2Fmedia&parent=5651"}],"wp:term":[{"taxonomy":"product_cat","embeddable":true,"href":"https:\/\/chuparty.vn\/index.php?rest_route=%2Fwp%2Fv2%2Fproduct_cat&post=5651"},{"taxonomy":"product_tag","embeddable":true,"href":"https:\/\/chuparty.vn\/index.php?rest_route=%2Fwp%2Fv2%2Fproduct_tag&post=5651"}],"curies":[{"name":"wp","href":"https:\/\/api.w.org\/{rel}","templated":true}]}}