{"id":5629,"date":"2023-03-03T10:39:16","date_gmt":"2023-03-03T03:39:16","guid":{"rendered":"https:\/\/chuparty.vn\/?post_type=product&#038;p=5629"},"modified":"2025-06-16T14:41:18","modified_gmt":"2025-06-16T07:41:18","slug":"bong-4d-spider-man","status":"publish","type":"product","link":"https:\/\/chuparty.vn\/?product=bong-4d-spider-man","title":{"rendered":"B\u00d3NG 4D SI\u00caU ANH H\u00d9NG SPIDER MAN"},"content":{"rendered":"<p><strong>Chi ti\u1ebft s\u1ea3n ph\u1ea9m<\/strong><\/p>\n<ul>\n<li>K\u00edch th\u01b0\u1edbc khi spiderman ng\u1ed3i ~ 66cm<\/li>\n<li>Ch\u1ea5t li\u1ec7u: nh\u00f4m ki\u1ebfng<\/li>\n<li>C\u00e1ch th\u1ee9c \u0111\u00f3ng g\u00f3i : 1 b\u00f3ng\/t\u00fai + \u1ed1ng h\u00fat \u0111\u1ec3 th\u1ed5i b\u00f3ng<br \/>\n(B\u00f3ng giao \u1edf tr\u1ea1ng th\u00e1i ch\u01b0a b\u01a1m)<img loading=\"lazy\" decoding=\"async\" class=\"alignnone size-full wp-image-3199\" src=\"https:\/\/chuparty.vn\/wp-content\/uploads\/2022\/06\/72526517_1771510859659213_305844578198487040_n.jpg\" alt=\"\" width=\"500\" height=\"380\" \/><\/li>\n<\/ul>\n","protected":false},"excerpt":{"rendered":"<p>Chi ti\u1ebft s\u1ea3n ph\u1ea9m K\u00edch th\u01b0\u1edbc khi spiderman ng\u1ed3i ~ 66cm Ch\u1ea5t li\u1ec7u: nh\u00f4m ki\u1ebfng C\u00e1ch th\u1ee9c \u0111\u00f3ng g\u00f3i : 1 b\u00f3ng\/t\u00fai + \u1ed1ng h\u00fat \u0111\u1ec3 th\u1ed5i b\u00f3ng (B\u00f3ng giao \u1edf tr\u1ea1ng th\u00e1i ch\u01b0a b\u01a1m)<\/p>\n","protected":false},"featured_media":5630,"comment_status":"open","ping_status":"closed","template":"","meta":[],"product_cat":[507,338,46],"product_tag":[47,351,339],"class_list":{"0":"post-5629","1":"product","2":"type-product","3":"status-publish","4":"has-post-thumbnail","6":"product_cat-dong-gia-xx","7":"product_cat-super-hero","8":"product_cat-bong-hinh","9":"product_tag-bong-hinh","10":"product_tag-spider-man","11":"product_tag-super-hero","13":"first","14":"instock","15":"shipping-taxable","16":"purchasable","17":"product-type-simple"},"_links":{"self":[{"href":"https:\/\/chuparty.vn\/index.php?rest_route=\/wp\/v2\/product\/5629","targetHints":{"allow":["GET"]}}],"collection":[{"href":"https:\/\/chuparty.vn\/index.php?rest_route=\/wp\/v2\/product"}],"about":[{"href":"https:\/\/chuparty.vn\/index.php?rest_route=\/wp\/v2\/types\/product"}],"replies":[{"embeddable":true,"href":"https:\/\/chuparty.vn\/index.php?rest_route=%2Fwp%2Fv2%2Fcomments&post=5629"}],"wp:featuredmedia":[{"embeddable":true,"href":"https:\/\/chuparty.vn\/index.php?rest_route=\/wp\/v2\/media\/5630"}],"wp:attachment":[{"href":"https:\/\/chuparty.vn\/index.php?rest_route=%2Fwp%2Fv2%2Fmedia&parent=5629"}],"wp:term":[{"taxonomy":"product_cat","embeddable":true,"href":"https:\/\/chuparty.vn\/index.php?rest_route=%2Fwp%2Fv2%2Fproduct_cat&post=5629"},{"taxonomy":"product_tag","embeddable":true,"href":"https:\/\/chuparty.vn\/index.php?rest_route=%2Fwp%2Fv2%2Fproduct_tag&post=5629"}],"curies":[{"name":"wp","href":"https:\/\/api.w.org\/{rel}","templated":true}]}}