{"id":5560,"date":"2023-03-02T14:15:46","date_gmt":"2023-03-02T07:15:46","guid":{"rendered":"https:\/\/chuparty.vn\/?post_type=product&#038;p=5560"},"modified":"2025-02-17T15:37:50","modified_gmt":"2025-02-17T08:37:50","slug":"party-kit-unicorn","status":"publish","type":"product","link":"https:\/\/chuparty.vn\/?product=party-kit-unicorn","title":{"rendered":"PARTY KIT &#8211; UNICORN"},"content":{"rendered":"<p><strong>Chi ti\u1ebft s\u1ea3n ph\u1ea9m:\u00a0<\/strong>B\u1ed9 trang tr\u00ed ch\u1ee7 \u0111\u1ec1 Unicorn bao g\u1ed3m<br \/>\n* D\u00e2y c\u1edd Happy Birthday ch\u1ee7 \u0111\u1ec1 Unicorn * 1<br \/>\n* N\u00f3n v\u1ea3i pom pom Happy Birthday * 1<br \/>\n* B\u00f3ng Unicorn size l\u1edbn 110cm * 1<br \/>\n* Mix set 12 b\u00f3ng macaron * 1<br \/>\n* Tr\u1ee5 c\u1eafm b\u00f3ng 7 nh\u00e1nh * 1<br \/>\n(b\u00f3ng giao \u1edf tr\u1ea1ng th\u00e1i ch\u01b0a b\u01a1m, c\u00f3 th\u1ec3 d\u00f9ng b\u01a1m tay ho\u1eb7c b\u01a1m m\u00e1y \u0111\u1ec3 b\u01a1m)<\/p>\n","protected":false},"excerpt":{"rendered":"<p>Chi ti\u1ebft s\u1ea3n ph\u1ea9m:\u00a0B\u1ed9 trang tr\u00ed ch\u1ee7 \u0111\u1ec1 Unicorn bao g\u1ed3m * D\u00e2y c\u1edd Happy Birthday ch\u1ee7 \u0111\u1ec1 Unicorn * 1 * N\u00f3n v\u1ea3i pom pom Happy Birthday * 1 * B\u00f3ng Unicorn size l\u1edbn 110cm * 1 * Mix set 12 b\u00f3ng macaron * 1 * Tr\u1ee5 c\u1eafm b\u00f3ng 7 nh\u00e1nh * 1 (b\u00f3ng [&hellip;]<\/p>\n","protected":false},"featured_media":9905,"comment_status":"open","ping_status":"closed","template":"","meta":[],"product_cat":[269,24,437],"product_tag":[26,161],"class_list":{"0":"post-5560","1":"product","2":"type-product","3":"status-publish","4":"has-post-thumbnail","6":"product_cat-unicorn","7":"product_cat-bo-trang-tri","8":"product_cat-set-trang-tri-cho-be","9":"product_tag-party-kit","10":"product_tag-unicorn","12":"first","13":"instock","14":"shipping-taxable","15":"purchasable","16":"product-type-simple"},"_links":{"self":[{"href":"https:\/\/chuparty.vn\/index.php?rest_route=\/wp\/v2\/product\/5560","targetHints":{"allow":["GET"]}}],"collection":[{"href":"https:\/\/chuparty.vn\/index.php?rest_route=\/wp\/v2\/product"}],"about":[{"href":"https:\/\/chuparty.vn\/index.php?rest_route=\/wp\/v2\/types\/product"}],"replies":[{"embeddable":true,"href":"https:\/\/chuparty.vn\/index.php?rest_route=%2Fwp%2Fv2%2Fcomments&post=5560"}],"wp:featuredmedia":[{"embeddable":true,"href":"https:\/\/chuparty.vn\/index.php?rest_route=\/wp\/v2\/media\/9905"}],"wp:attachment":[{"href":"https:\/\/chuparty.vn\/index.php?rest_route=%2Fwp%2Fv2%2Fmedia&parent=5560"}],"wp:term":[{"taxonomy":"product_cat","embeddable":true,"href":"https:\/\/chuparty.vn\/index.php?rest_route=%2Fwp%2Fv2%2Fproduct_cat&post=5560"},{"taxonomy":"product_tag","embeddable":true,"href":"https:\/\/chuparty.vn\/index.php?rest_route=%2Fwp%2Fv2%2Fproduct_tag&post=5560"}],"curies":[{"name":"wp","href":"https:\/\/api.w.org\/{rel}","templated":true}]}}