{"id":5475,"date":"2023-02-27T23:48:02","date_gmt":"2023-02-27T16:48:02","guid":{"rendered":"https:\/\/chuparty.vn\/?post_type=product&#038;p=5475"},"modified":"2026-04-17T11:03:18","modified_gmt":"2026-04-17T04:03:18","slug":"combo-sash-crown-birthday-queen","status":"publish","type":"product","link":"https:\/\/chuparty.vn\/?product=combo-sash-crown-birthday-queen","title":{"rendered":"COMBO SASH &#038; CROWN BIRTHDAY QUEEN\/GIRL"},"content":{"rendered":"<p><strong>Chi ti\u1ebft s\u1ea3n ph\u1ea9m: combo 2 m\u00f3n V\u01b0\u01a1ng mi\u1ec7n v\u00e0 b\u0103ng \u0111eo Birthday Queen\/ Birthday Girl<br \/>\n<\/strong>Qui c\u00e1ch \u0111\u00f3ng g\u00f3i: 1 t\u00fai\u00a0g\u1ed3m<br \/>\n+ V\u01b0\u01a1ng mi\u1ec7n<br \/>\n+ B\u0103ng \u0111eo vai Birthday Queen or Birthday Girl<strong><br \/>\n<\/strong>Ch\u1ea5t li\u1ec7u: kim lo\u1ea1i &amp; v\u1ea3i<br \/>\nM\u00e0u s\u1eafc: c\u00f3 4 m\u00e0u b\u1ea1c, gold, champagne, rosegold<br \/>\nK\u00edch th\u01b0\u1edbc:<\/p>\n<p><img loading=\"lazy\" decoding=\"async\" class=\"alignnone wp-image-5486\" src=\"https:\/\/chuparty.vn\/wp-content\/uploads\/2023\/02\/z4131514910371_59edcc21fba3ffdd0d5dc5adad11fe4b-420x420.jpg\" alt=\"\" width=\"240\" height=\"240\" \/><\/p>\n","protected":false},"excerpt":{"rendered":"<p>Chi ti\u1ebft s\u1ea3n ph\u1ea9m: combo 2 m\u00f3n V\u01b0\u01a1ng mi\u1ec7n v\u00e0 b\u0103ng \u0111eo Birthday Queen\/ Birthday Girl Qui c\u00e1ch \u0111\u00f3ng g\u00f3i: 1 t\u00fai\u00a0g\u1ed3m + V\u01b0\u01a1ng mi\u1ec7n + B\u0103ng \u0111eo vai Birthday Queen or Birthday Girl Ch\u1ea5t li\u1ec7u: kim lo\u1ea1i &amp; v\u1ea3i M\u00e0u s\u1eafc: c\u00f3 4 m\u00e0u b\u1ea1c, gold, champagne, rosegold K\u00edch th\u01b0\u1edbc:<\/p>\n","protected":false},"featured_media":5463,"comment_status":"open","ping_status":"closed","template":"","meta":[],"product_cat":[463],"product_tag":[435,433,133,432],"class_list":{"0":"post-5475","1":"product","2":"type-product","3":"status-publish","4":"has-post-thumbnail","6":"product_cat-bang-do-sash","7":"product_tag-birthday-queen","8":"product_tag-crown","9":"product_tag-new-arrival","10":"product_tag-sash","11":"pa_mau-sac-bac","12":"pa_mau-sac-champange","13":"pa_mau-sac-gold","14":"pa_mau-sac-rose-gold","16":"first","17":"instock","18":"shipping-taxable","19":"purchasable","20":"product-type-variable"},"_links":{"self":[{"href":"https:\/\/chuparty.vn\/index.php?rest_route=\/wp\/v2\/product\/5475","targetHints":{"allow":["GET"]}}],"collection":[{"href":"https:\/\/chuparty.vn\/index.php?rest_route=\/wp\/v2\/product"}],"about":[{"href":"https:\/\/chuparty.vn\/index.php?rest_route=\/wp\/v2\/types\/product"}],"replies":[{"embeddable":true,"href":"https:\/\/chuparty.vn\/index.php?rest_route=%2Fwp%2Fv2%2Fcomments&post=5475"}],"wp:featuredmedia":[{"embeddable":true,"href":"https:\/\/chuparty.vn\/index.php?rest_route=\/wp\/v2\/media\/5463"}],"wp:attachment":[{"href":"https:\/\/chuparty.vn\/index.php?rest_route=%2Fwp%2Fv2%2Fmedia&parent=5475"}],"wp:term":[{"taxonomy":"product_cat","embeddable":true,"href":"https:\/\/chuparty.vn\/index.php?rest_route=%2Fwp%2Fv2%2Fproduct_cat&post=5475"},{"taxonomy":"product_tag","embeddable":true,"href":"https:\/\/chuparty.vn\/index.php?rest_route=%2Fwp%2Fv2%2Fproduct_tag&post=5475"}],"curies":[{"name":"wp","href":"https:\/\/api.w.org\/{rel}","templated":true}]}}