{"id":5455,"date":"2023-02-27T23:19:13","date_gmt":"2023-02-27T16:19:13","guid":{"rendered":"https:\/\/chuparty.vn\/?post_type=product&#038;p=5455"},"modified":"2026-04-17T11:02:46","modified_gmt":"2026-04-17T04:02:46","slug":"combo-4pcs-sash-hb-happy-birthday-den-gold","status":"publish","type":"product","link":"https:\/\/chuparty.vn\/?product=combo-4pcs-sash-hb-happy-birthday-den-gold","title":{"rendered":"COMBO 4PCS SASH &#038; B\u0102NG \u0110\u00d4 HPBD"},"content":{"rendered":"<p><strong>Chi ti\u1ebft s\u1ea3n ph\u1ea9m: combo 4 m\u00f3n B\u0103ng \u0111\u00f4 v\u00e0 b\u0103ng \u0111eo Happy Birthday<br \/>\n<\/strong>Qui c\u00e1ch \u0111\u00f3ng g\u00f3i: 1 t\u00fai\u00a0g\u1ed3m<br \/>\n+ B\u0103ng \u0111\u00f4 \u0111\u00ednh h\u1ea1t HPBD<br \/>\n+ B\u0103ng \u0111eo vai Happy Birthday<br \/>\n+ D\u00e2y c\u1edd HPBD<br \/>\n+ Kim c\u00e0i \u00e1o\u00a0<strong><br \/>\n<\/strong>Ch\u1ea5t li\u1ec7u: kim lo\u1ea1i &amp; v\u1ea3i<br \/>\nM\u00e0u s\u1eafc: c\u00f3 4 m\u00e0u h\u1ed3ng, tr\u1eafng, \u0111en b\u1ea1c v\u00e0 \u0111en gold<br \/>\nK\u00edch th\u01b0\u1edbc:<\/p>\n","protected":false},"excerpt":{"rendered":"<p>Chi ti\u1ebft s\u1ea3n ph\u1ea9m: combo 4 m\u00f3n B\u0103ng \u0111\u00f4 v\u00e0 b\u0103ng \u0111eo Happy Birthday Qui c\u00e1ch \u0111\u00f3ng g\u00f3i: 1 t\u00fai\u00a0g\u1ed3m + B\u0103ng \u0111\u00f4 \u0111\u00ednh h\u1ea1t HPBD + B\u0103ng \u0111eo vai Happy Birthday + D\u00e2y c\u1edd HPBD + Kim c\u00e0i \u00e1o\u00a0 Ch\u1ea5t li\u1ec7u: kim lo\u1ea1i &amp; v\u1ea3i M\u00e0u s\u1eafc: c\u00f3 4 m\u00e0u h\u1ed3ng, tr\u1eafng, \u0111en b\u1ea1c [&hellip;]<\/p>\n","protected":false},"featured_media":5439,"comment_status":"open","ping_status":"closed","template":"","meta":[],"product_cat":[463],"product_tag":[433,133,432],"class_list":{"0":"post-5455","1":"product","2":"type-product","3":"status-publish","4":"has-post-thumbnail","6":"product_cat-bang-do-sash","7":"product_tag-crown","8":"product_tag-new-arrival","9":"product_tag-sash","10":"pa_mau-sac-den-bac","11":"pa_mau-sac-den-gold","12":"pa_mau-sac-hong","13":"pa_mau-sac-trang","15":"first","16":"instock","17":"shipping-taxable","18":"purchasable","19":"product-type-variable"},"_links":{"self":[{"href":"https:\/\/chuparty.vn\/index.php?rest_route=\/wp\/v2\/product\/5455","targetHints":{"allow":["GET"]}}],"collection":[{"href":"https:\/\/chuparty.vn\/index.php?rest_route=\/wp\/v2\/product"}],"about":[{"href":"https:\/\/chuparty.vn\/index.php?rest_route=\/wp\/v2\/types\/product"}],"replies":[{"embeddable":true,"href":"https:\/\/chuparty.vn\/index.php?rest_route=%2Fwp%2Fv2%2Fcomments&post=5455"}],"wp:featuredmedia":[{"embeddable":true,"href":"https:\/\/chuparty.vn\/index.php?rest_route=\/wp\/v2\/media\/5439"}],"wp:attachment":[{"href":"https:\/\/chuparty.vn\/index.php?rest_route=%2Fwp%2Fv2%2Fmedia&parent=5455"}],"wp:term":[{"taxonomy":"product_cat","embeddable":true,"href":"https:\/\/chuparty.vn\/index.php?rest_route=%2Fwp%2Fv2%2Fproduct_cat&post=5455"},{"taxonomy":"product_tag","embeddable":true,"href":"https:\/\/chuparty.vn\/index.php?rest_route=%2Fwp%2Fv2%2Fproduct_tag&post=5455"}],"curies":[{"name":"wp","href":"https:\/\/api.w.org\/{rel}","templated":true}]}}