{"id":5421,"date":"2023-02-27T18:10:16","date_gmt":"2023-02-27T11:10:16","guid":{"rendered":"https:\/\/chuparty.vn\/?post_type=product&#038;p=5421"},"modified":"2024-05-17T11:55:35","modified_gmt":"2024-05-17T04:55:35","slug":"combo-2-mon-bang-do-bang-deo-birthday","status":"publish","type":"product","link":"https:\/\/chuparty.vn\/?product=combo-2-mon-bang-do-bang-deo-birthday","title":{"rendered":"COMBO BABY SASH HAPPY BIRTHDAY"},"content":{"rendered":"<p><strong>Chi ti\u1ebft s\u1ea3n ph\u1ea9m: combo 2 m\u00f3n B\u0103ng \u0111\u00f4 v\u00e0 B\u0103ng \u0111eo vai Happy Birthday<br \/>\n<\/strong>Qui c\u00e1ch \u0111\u00f3ng g\u00f3i: 1 b\u0103ng \u0111\u00f4 Happy Birthday + 1 b\u0103ng \u0111eo Happy Birthday multicolor<strong><br \/>\n<\/strong>Ch\u1ea5t li\u1ec7u: kim lo\u1ea1i &amp; v\u1ea3i<br \/>\nM\u00e0u s\u1eafc: multicolor<br \/>\nK\u00edch th\u01b0\u1edbc:<\/p>\n<p><img loading=\"lazy\" decoding=\"async\" class=\"alignnone wp-image-5684\" src=\"https:\/\/chuparty.vn\/wp-content\/uploads\/2023\/02\/Screenshot-2023-01-19-231032-2-468x420.jpg\" alt=\"\" width=\"163\" height=\"146\" \/><\/p>\n","protected":false},"excerpt":{"rendered":"<p>Chi ti\u1ebft s\u1ea3n ph\u1ea9m: combo 2 m\u00f3n B\u0103ng \u0111\u00f4 v\u00e0 B\u0103ng \u0111eo vai Happy Birthday Qui c\u00e1ch \u0111\u00f3ng g\u00f3i: 1 b\u0103ng \u0111\u00f4 Happy Birthday + 1 b\u0103ng \u0111eo Happy Birthday multicolor Ch\u1ea5t li\u1ec7u: kim lo\u1ea1i &amp; v\u1ea3i M\u00e0u s\u1eafc: multicolor K\u00edch th\u01b0\u1edbc:<\/p>\n","protected":false},"featured_media":5424,"comment_status":"open","ping_status":"closed","template":"","meta":[],"product_cat":[463],"product_tag":[78,433,432],"class_list":{"0":"post-5421","1":"product","2":"type-product","3":"status-publish","4":"has-post-thumbnail","6":"product_cat-bang-do-sash","7":"product_tag-birthday-girl","8":"product_tag-crown","9":"product_tag-sash","11":"first","12":"instock","13":"shipping-taxable","14":"purchasable","15":"product-type-simple"},"_links":{"self":[{"href":"https:\/\/chuparty.vn\/index.php?rest_route=\/wp\/v2\/product\/5421","targetHints":{"allow":["GET"]}}],"collection":[{"href":"https:\/\/chuparty.vn\/index.php?rest_route=\/wp\/v2\/product"}],"about":[{"href":"https:\/\/chuparty.vn\/index.php?rest_route=\/wp\/v2\/types\/product"}],"replies":[{"embeddable":true,"href":"https:\/\/chuparty.vn\/index.php?rest_route=%2Fwp%2Fv2%2Fcomments&post=5421"}],"wp:featuredmedia":[{"embeddable":true,"href":"https:\/\/chuparty.vn\/index.php?rest_route=\/wp\/v2\/media\/5424"}],"wp:attachment":[{"href":"https:\/\/chuparty.vn\/index.php?rest_route=%2Fwp%2Fv2%2Fmedia&parent=5421"}],"wp:term":[{"taxonomy":"product_cat","embeddable":true,"href":"https:\/\/chuparty.vn\/index.php?rest_route=%2Fwp%2Fv2%2Fproduct_cat&post=5421"},{"taxonomy":"product_tag","embeddable":true,"href":"https:\/\/chuparty.vn\/index.php?rest_route=%2Fwp%2Fv2%2Fproduct_tag&post=5421"}],"curies":[{"name":"wp","href":"https:\/\/api.w.org\/{rel}","templated":true}]}}