{"id":539,"date":"2022-01-19T13:26:21","date_gmt":"2022-01-19T06:26:21","guid":{"rendered":"https:\/\/chuparty.vn\/?post_type=product&#038;p=539"},"modified":"2024-02-20T17:02:51","modified_gmt":"2024-02-20T10:02:51","slug":"combo-bong-bay-rosy","status":"publish","type":"product","link":"https:\/\/chuparty.vn\/?product=combo-bong-bay-rosy","title":{"rendered":"COMBO B\u00d3NG BAY ROSY SIZE L"},"content":{"rendered":"<p><strong>Chi ti\u1ebft s\u1ea3n ph\u1ea9m:<\/strong> Combo ROSY g\u1ed3m:<\/p>\n<ul>\n<li>2 B\u00f3ng Jumbo size L 36in<\/li>\n<li>2 Mix Set Rosy (24 b\u00f3ng) chia l\u00e0m 2 ch\u00f9m<\/li>\n<li>2 Mix Set Rosy (24 b\u00f3ng)\u00a0th\u1ea3 tr\u1ea7n nh\u00e0<\/li>\n<li>T\u1ea5t c\u1ea3 \u0111\u1ec1u \u0111\u01b0\u1ee3c s\u1eed d\u1ee5ng kh\u00ed Helium<\/li>\n<\/ul>\n<p><strong>CHU cam k\u1ebft ch\u1ec9 s\u1eed d\u1ee5ng DUY NH\u1ea4T kh\u00ed Helium an to\u00e0n, kh\u00f4ng g\u00e2y ch\u00e1y n\u1ed5. Kh\u00ed Heli thu\u1ed9c kh\u00ed hi\u1ebfm v\u00e0 \u0111\u01b0\u1ee3c nh\u1eadp kh\u1ea9u n\u00ean gi\u00e1 th\u00e0nh cao h\u01a1n Hidro r\u1ea5t nhi\u1ec1u (kh\u00ed Hidro nguy hi\u1ec3m g\u00e2y ch\u00e1y n\u1ed5)<\/strong><\/p>\n<p>+ B\u00f3ng Jumbo\/ b\u00f3ng bay s\u1ebd \u0111\u01b0\u1ee3c giao b\u1eb1ng g rab car\/taxi, \u0111\u1ec3 gi\u1eef an to\u00e0n cho bong b\u00f3ng tr\u01b0\u1edbc th\u1eddi ti\u1ebft (n\u1eafng ho\u1eb7c m\u01b0a) gi\u00fap cho b\u00f3ng gi\u1eef \u0111\u01b0\u1ee3c m\u00e0u s\u1eafc kh\u00f4ng b\u1ecb xu\u1ed1ng m\u00e0u ho\u1eb7c b\u1ecb b\u1ec3 do va \u0111\u1eadp. \u00a0Ph\u00ed v\u1eadn chuy\u1ec3n s\u1ebd \u0111\u01b0\u1ee3c th\u00f4ng b\u00e1o khi book xe .<br \/>\n+ B\u00f3ng Jumbo\/b\u00f3ng bay \u0111\u1eb9p nh\u1ea5t t\u1eeb 6-8 ti\u1ebfng \u0111\u1ea7u (trong th\u1eddi gian n\u00e0y b\u00f3ng s\u1ebd lu\u00f4n s\u00e1ng \u0111\u1eb9p v\u00e0 \u0111\u1ed9 bay s\u1ebd \u0111\u01b0\u1ee3c \u0111\u1ea3m b\u1ea3o t\u1ed1t nh\u1ea5t.<br \/>\n+ B\u00f3ng tr\u00f2n 25cm l\u01b0u gi\u1eef kh\u00ed v\u00e0 bay trong kho\u1ea3ng 5-7h t\u00f9y v\u00e0o nhi\u1ec7t \u0111\u1ed9 b\u1ea3o qu\u1ea3n (nhi\u1ec7t \u0111\u1ed3 c\u00e0ng th\u1ea5p b\u00f3ng c\u00e0ng bay l\u00e2u v\u00e0 gi\u1eef \u0111\u01b0\u1ee3c \u0111\u1ed9 b\u00f3ng \u0111\u1eb9p), do \u0111\u00f3 kh\u00f4ng n\u00ean l\u1ea5y b\u00f3ng qu\u00e1 s\u1edbm, N\u00caN l\u1ea5y b\u00f3ng tr\u01b0\u1edbc ti\u1ec7c 1h \u0111\u1ec3 set up; \u0111\u1ea3m b\u1ea3o b\u00f3ng \u0111ep nh\u1ea5t trong su\u1ed1t bu\u1ed5i ti\u1ec7c.<br \/>\n+ H\u1ea1n ch\u1ebf \u0111\u1ec3 bong b\u00f3ng \u1edf ngo\u00e0i tr\u1eddi ho\u1eb7c n\u01a1i c\u00f3 nhi\u1ec7t \u0111\u1ed9 cao, g\u1ea7n m\u1eb7t tr\u1eddi ho\u1eb7c \u00e1nh \u0111\u00e8n n\u00f3ng s\u1ebd l\u00e0m v\u1ee1 b\u00f3ng.<\/p>\n","protected":false},"excerpt":{"rendered":"<p>Chi ti\u1ebft s\u1ea3n ph\u1ea9m: Combo ROSY g\u1ed3m: 2 B\u00f3ng Jumbo size L 36in 2 Mix Set Rosy (24 b\u00f3ng) chia l\u00e0m 2 ch\u00f9m 2 Mix Set Rosy (24 b\u00f3ng)\u00a0th\u1ea3 tr\u1ea7n nh\u00e0 T\u1ea5t c\u1ea3 \u0111\u1ec1u \u0111\u01b0\u1ee3c s\u1eed d\u1ee5ng kh\u00ed Helium CHU cam k\u1ebft ch\u1ec9 s\u1eed d\u1ee5ng DUY NH\u1ea4T kh\u00ed Helium an to\u00e0n, kh\u00f4ng g\u00e2y ch\u00e1y n\u1ed5. [&hellip;]<\/p>\n","protected":false},"featured_media":540,"comment_status":"open","ping_status":"closed","template":"","meta":[],"product_cat":[88,415],"product_tag":[116,138],"class_list":{"0":"post-539","1":"product","2":"type-product","3":"status-publish","4":"has-post-thumbnail","6":"product_cat-combo-bong-bay-helium","7":"product_cat-for-adults","8":"product_tag-combo-bong-bay","9":"product_tag-rosy","11":"first","12":"instock","13":"shipping-taxable","14":"purchasable","15":"product-type-simple"},"_links":{"self":[{"href":"https:\/\/chuparty.vn\/index.php?rest_route=\/wp\/v2\/product\/539","targetHints":{"allow":["GET"]}}],"collection":[{"href":"https:\/\/chuparty.vn\/index.php?rest_route=\/wp\/v2\/product"}],"about":[{"href":"https:\/\/chuparty.vn\/index.php?rest_route=\/wp\/v2\/types\/product"}],"replies":[{"embeddable":true,"href":"https:\/\/chuparty.vn\/index.php?rest_route=%2Fwp%2Fv2%2Fcomments&post=539"}],"wp:featuredmedia":[{"embeddable":true,"href":"https:\/\/chuparty.vn\/index.php?rest_route=\/wp\/v2\/media\/540"}],"wp:attachment":[{"href":"https:\/\/chuparty.vn\/index.php?rest_route=%2Fwp%2Fv2%2Fmedia&parent=539"}],"wp:term":[{"taxonomy":"product_cat","embeddable":true,"href":"https:\/\/chuparty.vn\/index.php?rest_route=%2Fwp%2Fv2%2Fproduct_cat&post=539"},{"taxonomy":"product_tag","embeddable":true,"href":"https:\/\/chuparty.vn\/index.php?rest_route=%2Fwp%2Fv2%2Fproduct_tag&post=539"}],"curies":[{"name":"wp","href":"https:\/\/api.w.org\/{rel}","templated":true}]}}