{"id":5374,"date":"2023-02-27T14:40:28","date_gmt":"2023-02-27T07:40:28","guid":{"rendered":"https:\/\/chuparty.vn\/?post_type=product&#038;p=5374"},"modified":"2024-05-17T11:01:38","modified_gmt":"2024-05-17T04:01:38","slug":"party-kit-dinosaur-02","status":"publish","type":"product","link":"https:\/\/chuparty.vn\/?product=party-kit-dinosaur-02","title":{"rendered":"PARTY KIT &#8211; DINOSAUR MS02"},"content":{"rendered":"<p><strong>Chi ti\u1ebft s\u1ea3n ph\u1ea9m:\u00a0<\/strong>B\u1ed9 trang tr\u00ed ch\u1ee7 \u0111\u1ec1 Kh\u1ee7ng Long (m\u00e3 02) bao g\u1ed3m<br \/>\n* Set D\u00e2y Happy Birthday v\u00e0 d\u00e2y h\u00ecnh l\u00e1 xanh * 1<br \/>\n* B\u00f3ng Kh\u1ee7ng long in Happy Birthday * 1<br \/>\n* Mix 12 b\u00f3ng tr\u00f2n ch\u1ee7 \u0111\u1ec1 Kh\u1ee7ng long\u00a0 * 1<br \/>\n* Tr\u1ee5 c\u1eafm b\u00f3ng 7 nh\u00e1nh * 1<br \/>\n(b\u00f3ng giao \u1edf tr\u1ea1ng th\u00e1i ch\u01b0a b\u01a1m, c\u00f3 th\u1ec3 d\u00f9ng b\u01a1m tay ho\u1eb7c b\u01a1m m\u00e1y \u0111\u1ec3 b\u01a1m)<\/p>\n","protected":false},"excerpt":{"rendered":"<p>Chi ti\u1ebft s\u1ea3n ph\u1ea9m:\u00a0B\u1ed9 trang tr\u00ed ch\u1ee7 \u0111\u1ec1 Kh\u1ee7ng Long (m\u00e3 02) bao g\u1ed3m * Set D\u00e2y Happy Birthday v\u00e0 d\u00e2y h\u00ecnh l\u00e1 xanh * 1 * B\u00f3ng Kh\u1ee7ng long in Happy Birthday * 1 * Mix 12 b\u00f3ng tr\u00f2n ch\u1ee7 \u0111\u1ec1 Kh\u1ee7ng long\u00a0 * 1 * Tr\u1ee5 c\u1eafm b\u00f3ng 7 nh\u00e1nh * 1 (b\u00f3ng [&hellip;]<\/p>\n","protected":false},"featured_media":5375,"comment_status":"open","ping_status":"closed","template":"","meta":[],"product_cat":[264,24,437],"product_tag":[208,26],"class_list":{"0":"post-5374","1":"product","2":"type-product","3":"status-publish","4":"has-post-thumbnail","6":"product_cat-dinosaur","7":"product_cat-bo-trang-tri","8":"product_cat-set-trang-tri-cho-be","9":"product_tag-dinosaur","10":"product_tag-party-kit","12":"first","13":"instock","14":"shipping-taxable","15":"purchasable","16":"product-type-simple"},"_links":{"self":[{"href":"https:\/\/chuparty.vn\/index.php?rest_route=\/wp\/v2\/product\/5374","targetHints":{"allow":["GET"]}}],"collection":[{"href":"https:\/\/chuparty.vn\/index.php?rest_route=\/wp\/v2\/product"}],"about":[{"href":"https:\/\/chuparty.vn\/index.php?rest_route=\/wp\/v2\/types\/product"}],"replies":[{"embeddable":true,"href":"https:\/\/chuparty.vn\/index.php?rest_route=%2Fwp%2Fv2%2Fcomments&post=5374"}],"wp:featuredmedia":[{"embeddable":true,"href":"https:\/\/chuparty.vn\/index.php?rest_route=\/wp\/v2\/media\/5375"}],"wp:attachment":[{"href":"https:\/\/chuparty.vn\/index.php?rest_route=%2Fwp%2Fv2%2Fmedia&parent=5374"}],"wp:term":[{"taxonomy":"product_cat","embeddable":true,"href":"https:\/\/chuparty.vn\/index.php?rest_route=%2Fwp%2Fv2%2Fproduct_cat&post=5374"},{"taxonomy":"product_tag","embeddable":true,"href":"https:\/\/chuparty.vn\/index.php?rest_route=%2Fwp%2Fv2%2Fproduct_tag&post=5374"}],"curies":[{"name":"wp","href":"https:\/\/api.w.org\/{rel}","templated":true}]}}