{"id":5288,"date":"2023-01-02T15:05:30","date_gmt":"2023-01-02T08:05:30","guid":{"rendered":"https:\/\/chuparty.vn\/?post_type=product&#038;p=5288"},"modified":"2024-04-28T15:03:19","modified_gmt":"2024-04-28T08:03:19","slug":"bong-tim-mau-caramel","status":"publish","type":"product","link":"https:\/\/chuparty.vn\/?product=bong-tim-mau-caramel","title":{"rendered":"B\u00d3NG TIM M\u00c0U VINTAGE"},"content":{"rendered":"<p><strong>Chi ti\u1ebft s\u1ea3n ph\u1ea9m:<\/strong><\/p>\n<ul>\n<li>K\u00edch th\u01b0\u1edbc: 18in ~ 45cm (k\u00edch th\u01b0\u1edbc sau khi b\u01a1m 40cm)<\/li>\n<li>Ch\u1ea5t li\u1ec7u: nh\u00f4m k\u00ednh<\/li>\n<li>M\u00e0u s\u1eafc: cream, caramel, chocolate<\/li>\n<li>Qui c\u00e1ch \u0111\u00f3ng g\u00f3i: 1 b\u00f3ng \/ t\u00fai.<br \/>\n<strong style=\"font-size: 1rem;\">\u2013&gt;<\/strong><span style=\"font-size: 1rem;\"> B\u00f3ng \u0111\u01b0\u1ee3c giao \u1edf tr\u1ea1ng th\u00e1i ch\u01b0a b\u01a1m, b\u00f3ng c\u00f3 th\u1ec3 b\u01a1m b\u1eb1ng m\u00e1y b\u01a1m\/b\u01a1m tay ho\u1eb7c kh\u00ed helium t\u00f9y theo nhu c\u1ea7u s\u1eed d\u1ee5ng.<br \/>\n<\/span><strong style=\"font-size: 1rem;\">\u2013&gt;<\/strong><span style=\"font-size: 1rem;\"> N\u1ebfu b\u1ea1n c\u00f3 y\u00eau c\u1ea7u b\u01a1m kh\u00ed helium \u0111\u1ec3 b\u00f3ng bay l\u01a1 l\u1eedng, vui l\u00f2ng li\u00ean h\u1ec7 v\u1edbi nh\u00e2n vi\u00ean b\u00e1n h\u00e0ng \u0111\u1ec3 \u0111\u01b0\u1ee3c t\u01b0 v\u1ea5n v\u00e0 b\u00e1o gi\u00e1.<\/span><\/li>\n<\/ul>\n","protected":false},"excerpt":{"rendered":"<p>Chi ti\u1ebft s\u1ea3n ph\u1ea9m: K\u00edch th\u01b0\u1edbc: 18in ~ 45cm (k\u00edch th\u01b0\u1edbc sau khi b\u01a1m 40cm) Ch\u1ea5t li\u1ec7u: nh\u00f4m k\u00ednh M\u00e0u s\u1eafc: cream, caramel, chocolate Qui c\u00e1ch \u0111\u00f3ng g\u00f3i: 1 b\u00f3ng \/ t\u00fai. \u2013&gt; B\u00f3ng \u0111\u01b0\u1ee3c giao \u1edf tr\u1ea1ng th\u00e1i ch\u01b0a b\u01a1m, b\u00f3ng c\u00f3 th\u1ec3 b\u01a1m b\u1eb1ng m\u00e1y b\u01a1m\/b\u01a1m tay ho\u1eb7c kh\u00ed helium t\u00f9y theo nhu [&hellip;]<\/p>\n","protected":false},"featured_media":8527,"comment_status":"open","ping_status":"closed","template":"","meta":[],"product_cat":[104,213,488,319],"product_tag":[212,106],"class_list":{"0":"post-5288","1":"product","2":"type-product","3":"status-publish","4":"has-post-thumbnail","6":"product_cat-vintage","7":"product_cat-love-wedding-anniversary","8":"product_cat-bong-bong-trang-tri-tiec-cau-hon-cuoi-valentine-anni","9":"product_cat-bong-tim","10":"product_tag-valentine","11":"product_tag-vintage","13":"first","14":"instock","15":"shipping-taxable","16":"purchasable","17":"product-type-simple"},"_links":{"self":[{"href":"https:\/\/chuparty.vn\/index.php?rest_route=\/wp\/v2\/product\/5288","targetHints":{"allow":["GET"]}}],"collection":[{"href":"https:\/\/chuparty.vn\/index.php?rest_route=\/wp\/v2\/product"}],"about":[{"href":"https:\/\/chuparty.vn\/index.php?rest_route=\/wp\/v2\/types\/product"}],"replies":[{"embeddable":true,"href":"https:\/\/chuparty.vn\/index.php?rest_route=%2Fwp%2Fv2%2Fcomments&post=5288"}],"wp:featuredmedia":[{"embeddable":true,"href":"https:\/\/chuparty.vn\/index.php?rest_route=\/wp\/v2\/media\/8527"}],"wp:attachment":[{"href":"https:\/\/chuparty.vn\/index.php?rest_route=%2Fwp%2Fv2%2Fmedia&parent=5288"}],"wp:term":[{"taxonomy":"product_cat","embeddable":true,"href":"https:\/\/chuparty.vn\/index.php?rest_route=%2Fwp%2Fv2%2Fproduct_cat&post=5288"},{"taxonomy":"product_tag","embeddable":true,"href":"https:\/\/chuparty.vn\/index.php?rest_route=%2Fwp%2Fv2%2Fproduct_tag&post=5288"}],"curies":[{"name":"wp","href":"https:\/\/api.w.org\/{rel}","templated":true}]}}