{"id":512,"date":"2022-01-19T00:53:19","date_gmt":"2022-01-18T17:53:19","guid":{"rendered":"https:\/\/chuparty.vn\/?post_type=product&#038;p=512"},"modified":"2024-03-07T16:01:06","modified_gmt":"2024-03-07T09:01:06","slug":"bong-dau-gau-nau-4d","status":"publish","type":"product","link":"https:\/\/chuparty.vn\/?product=bong-dau-gau-nau-4d","title":{"rendered":"B\u00d3NG 4D \u0110\u1ea6U G\u1ea4U N\u00c2U"},"content":{"rendered":"<p><strong>Chi ti\u1ebft s\u1ea3n ph\u1ea9m<\/strong><\/p>\n<ul>\n<li>K\u00edch th\u01b0\u1edbc:\u00a0 cm<\/li>\n<li>Ch\u1ea5t li\u1ec7u: nh\u00f4m k\u00ednh<\/li>\n<li>C\u00e1ch th\u1ee9c \u0111\u00f3ng g\u00f3i : 1 b\u00f3ng\/t\u00fai, b\u00f3ng giao \u1edf tr\u1ea1ng th\u00e1i ch\u01b0a b\u01a1m.<\/li>\n<\/ul>\n<p>&nbsp;<\/p>\n","protected":false},"excerpt":{"rendered":"<p>Chi ti\u1ebft s\u1ea3n ph\u1ea9m K\u00edch th\u01b0\u1edbc:\u00a0 cm Ch\u1ea5t li\u1ec7u: nh\u00f4m k\u00ednh C\u00e1ch th\u1ee9c \u0111\u00f3ng g\u00f3i : 1 b\u00f3ng\/t\u00fai, b\u00f3ng giao \u1edf tr\u1ea1ng th\u00e1i ch\u01b0a b\u01a1m. &nbsp;<\/p>\n","protected":false},"featured_media":764,"comment_status":"open","ping_status":"closed","template":"","meta":[],"product_cat":[104,213,488,68,46,429],"product_tag":[47,106],"class_list":{"0":"post-512","1":"product","2":"type-product","3":"status-publish","4":"has-post-thumbnail","6":"product_cat-vintage","7":"product_cat-love-wedding-anniversary","8":"product_cat-bong-bong-trang-tri-tiec-cau-hon-cuoi-valentine-anni","9":"product_cat-bong-nhom","10":"product_cat-bong-hinh","11":"product_cat-dong-gia-40k-45k","12":"product_tag-bong-hinh","13":"product_tag-vintage","15":"first","16":"instock","17":"shipping-taxable","18":"purchasable","19":"product-type-simple"},"_links":{"self":[{"href":"https:\/\/chuparty.vn\/index.php?rest_route=\/wp\/v2\/product\/512","targetHints":{"allow":["GET"]}}],"collection":[{"href":"https:\/\/chuparty.vn\/index.php?rest_route=\/wp\/v2\/product"}],"about":[{"href":"https:\/\/chuparty.vn\/index.php?rest_route=\/wp\/v2\/types\/product"}],"replies":[{"embeddable":true,"href":"https:\/\/chuparty.vn\/index.php?rest_route=%2Fwp%2Fv2%2Fcomments&post=512"}],"wp:featuredmedia":[{"embeddable":true,"href":"https:\/\/chuparty.vn\/index.php?rest_route=\/wp\/v2\/media\/764"}],"wp:attachment":[{"href":"https:\/\/chuparty.vn\/index.php?rest_route=%2Fwp%2Fv2%2Fmedia&parent=512"}],"wp:term":[{"taxonomy":"product_cat","embeddable":true,"href":"https:\/\/chuparty.vn\/index.php?rest_route=%2Fwp%2Fv2%2Fproduct_cat&post=512"},{"taxonomy":"product_tag","embeddable":true,"href":"https:\/\/chuparty.vn\/index.php?rest_route=%2Fwp%2Fv2%2Fproduct_tag&post=512"}],"curies":[{"name":"wp","href":"https:\/\/api.w.org\/{rel}","templated":true}]}}