{"id":508,"date":"2022-01-19T00:36:11","date_gmt":"2022-01-18T17:36:11","guid":{"rendered":"https:\/\/chuparty.vn\/?post_type=product&#038;p=508"},"modified":"2026-02-14T12:43:56","modified_gmt":"2026-02-14T05:43:56","slug":"bong-tho-xam-bunny","status":"publish","type":"product","link":"https:\/\/chuparty.vn\/?product=bong-tho-xam-bunny","title":{"rendered":"B\u00d3NG TH\u1ece X\u00c1M BUNNY"},"content":{"rendered":"<p><strong>Chi ti\u1ebft s\u1ea3n ph\u1ea9m<\/strong><\/p>\n<ul>\n<li>K\u00edch th\u01b0\u1edbc:\u00a0 cm<\/li>\n<li>Ch\u1ea5t li\u1ec7u: nh\u00f4m k\u00ednh<\/li>\n<li>C\u00e1ch th\u1ee9c \u0111\u00f3ng g\u00f3i : 1 b\u00f3ng\/t\u00fai + \u1ed1ng h\u00fat<\/li>\n<\/ul>\n<p><strong>\u2013&gt;<\/strong>\u00a0B\u00f3ng \u0111\u01b0\u1ee3c giao \u1edf tr\u1ea1ng th\u00e1i ch\u01b0a b\u01a1m, b\u00f3ng c\u00f3 th\u1ec3 b\u01a1m b\u1eb1ng m\u00e1y b\u01a1m\/b\u01a1m tay ho\u1eb7c kh\u00ed helium t\u00f9y theo nhu c\u1ea7u s\u1eed d\u1ee5ng.<br \/>\n<strong>\u2013&gt;<\/strong>\u00a0N\u1ebfu b\u1ea1n c\u00f3 nhu c\u1ea7u b\u01a1m kh\u00ed helium \u0111\u1ec3 b\u00f3ng bay, vui l\u00f2ng li\u00ean h\u1ec7 v\u1edbi nh\u00e2n vi\u00ean b\u00e1n h\u00e0ng \u0111\u1ec3 \u0111\u01b0\u1ee3c t\u01b0 v\u1ea5n v\u00e0 b\u00e1o gi\u00e1.<\/p>\n<p><img loading=\"lazy\" decoding=\"async\" class=\"alignnone size-full wp-image-493\" src=\"https:\/\/chuparty.vn\/wp-content\/uploads\/2022\/01\/72526517_1771510859659213_305844578198487040_n.jpg\" alt=\"\" width=\"500\" height=\"380\" \/><\/p>\n<p>&nbsp;<\/p>\n","protected":false},"excerpt":{"rendered":"<p>Chi ti\u1ebft s\u1ea3n ph\u1ea9m K\u00edch th\u01b0\u1edbc:\u00a0 cm Ch\u1ea5t li\u1ec7u: nh\u00f4m k\u00ednh C\u00e1ch th\u1ee9c \u0111\u00f3ng g\u00f3i : 1 b\u00f3ng\/t\u00fai + \u1ed1ng h\u00fat \u2013&gt;\u00a0B\u00f3ng \u0111\u01b0\u1ee3c giao \u1edf tr\u1ea1ng th\u00e1i ch\u01b0a b\u01a1m, b\u00f3ng c\u00f3 th\u1ec3 b\u01a1m b\u1eb1ng m\u00e1y b\u01a1m\/b\u01a1m tay ho\u1eb7c kh\u00ed helium t\u00f9y theo nhu c\u1ea7u s\u1eed d\u1ee5ng. \u2013&gt;\u00a0N\u1ebfu b\u1ea1n c\u00f3 nhu c\u1ea7u b\u01a1m kh\u00ed helium \u0111\u1ec3 [&hellip;]<\/p>\n","protected":false},"featured_media":707,"comment_status":"open","ping_status":"closed","template":"","meta":[],"product_cat":[262,104,259,46,430],"product_tag":[47,263,106],"class_list":{"0":"post-508","1":"product","2":"type-product","3":"status-publish","4":"has-post-thumbnail","6":"product_cat-farm","7":"product_cat-vintage","8":"product_cat-wooden-land","9":"product_cat-bong-hinh","10":"product_cat-dong-gia-30k-35k","11":"product_tag-bong-hinh","12":"product_tag-farm","13":"product_tag-vintage","15":"first","16":"instock","17":"shipping-taxable","18":"purchasable","19":"product-type-simple"},"_links":{"self":[{"href":"https:\/\/chuparty.vn\/index.php?rest_route=\/wp\/v2\/product\/508","targetHints":{"allow":["GET"]}}],"collection":[{"href":"https:\/\/chuparty.vn\/index.php?rest_route=\/wp\/v2\/product"}],"about":[{"href":"https:\/\/chuparty.vn\/index.php?rest_route=\/wp\/v2\/types\/product"}],"replies":[{"embeddable":true,"href":"https:\/\/chuparty.vn\/index.php?rest_route=%2Fwp%2Fv2%2Fcomments&post=508"}],"wp:featuredmedia":[{"embeddable":true,"href":"https:\/\/chuparty.vn\/index.php?rest_route=\/wp\/v2\/media\/707"}],"wp:attachment":[{"href":"https:\/\/chuparty.vn\/index.php?rest_route=%2Fwp%2Fv2%2Fmedia&parent=508"}],"wp:term":[{"taxonomy":"product_cat","embeddable":true,"href":"https:\/\/chuparty.vn\/index.php?rest_route=%2Fwp%2Fv2%2Fproduct_cat&post=508"},{"taxonomy":"product_tag","embeddable":true,"href":"https:\/\/chuparty.vn\/index.php?rest_route=%2Fwp%2Fv2%2Fproduct_tag&post=508"}],"curies":[{"name":"wp","href":"https:\/\/api.w.org\/{rel}","templated":true}]}}