{"id":5045,"date":"2022-11-30T13:32:54","date_gmt":"2022-11-30T06:32:54","guid":{"rendered":"https:\/\/chuparty.vn\/?post_type=product&#038;p=5045"},"modified":"2023-12-08T21:37:44","modified_gmt":"2023-12-08T14:37:44","slug":"bo-bong-happy-new-year-gold","status":"publish","type":"product","link":"https:\/\/chuparty.vn\/?product=bo-bong-happy-new-year-gold","title":{"rendered":"B\u1ed8 B\u00d3NG HAPPY NEW YEAR GOLD"},"content":{"rendered":"<ul>\n<li>K\u00edch th\u01b0\u1edbc ch\u1eef: 35cm.<\/li>\n<li>Ch\u1ea5t li\u1ec7u: nh\u00f4m k\u00ednh<\/li>\n<li>Qui c\u00e1ch \u0111\u00f3ng g\u00f3i: 12 b\u00f3ng \/ t\u00fai.<br \/>\n<strong>\u2013&gt;<\/strong> B\u00f3ng \u0111\u01b0\u1ee3c giao \u1edf tr\u1ea1ng th\u00e1i ch\u01b0a b\u01a1m, b\u00f3ng c\u00f3 th\u1ec3 b\u01a1m b\u1eb1ng m\u00e1y b\u01a1m\/b\u01a1m tay.<\/li>\n<\/ul>\n","protected":false},"excerpt":{"rendered":"<p>K\u00edch th\u01b0\u1edbc ch\u1eef: 35cm. Ch\u1ea5t li\u1ec7u: nh\u00f4m k\u00ednh Qui c\u00e1ch \u0111\u00f3ng g\u00f3i: 12 b\u00f3ng \/ t\u00fai. \u2013&gt; B\u00f3ng \u0111\u01b0\u1ee3c giao \u1edf tr\u1ea1ng th\u00e1i ch\u01b0a b\u01a1m, b\u00f3ng c\u00f3 th\u1ec3 b\u01a1m b\u1eb1ng m\u00e1y b\u01a1m\/b\u01a1m tay.<\/p>\n","protected":false},"featured_media":5046,"comment_status":"open","ping_status":"closed","template":"","meta":[],"product_cat":[109,466],"product_tag":[30],"class_list":{"0":"post-5045","1":"product","2":"type-product","3":"status-publish","4":"has-post-thumbnail","6":"product_cat-new-year","7":"product_cat-bong-bong-new-year","8":"product_tag-new-year","10":"first","11":"instock","12":"shipping-taxable","13":"purchasable","14":"product-type-simple"},"_links":{"self":[{"href":"https:\/\/chuparty.vn\/index.php?rest_route=\/wp\/v2\/product\/5045","targetHints":{"allow":["GET"]}}],"collection":[{"href":"https:\/\/chuparty.vn\/index.php?rest_route=\/wp\/v2\/product"}],"about":[{"href":"https:\/\/chuparty.vn\/index.php?rest_route=\/wp\/v2\/types\/product"}],"replies":[{"embeddable":true,"href":"https:\/\/chuparty.vn\/index.php?rest_route=%2Fwp%2Fv2%2Fcomments&post=5045"}],"wp:featuredmedia":[{"embeddable":true,"href":"https:\/\/chuparty.vn\/index.php?rest_route=\/wp\/v2\/media\/5046"}],"wp:attachment":[{"href":"https:\/\/chuparty.vn\/index.php?rest_route=%2Fwp%2Fv2%2Fmedia&parent=5045"}],"wp:term":[{"taxonomy":"product_cat","embeddable":true,"href":"https:\/\/chuparty.vn\/index.php?rest_route=%2Fwp%2Fv2%2Fproduct_cat&post=5045"},{"taxonomy":"product_tag","embeddable":true,"href":"https:\/\/chuparty.vn\/index.php?rest_route=%2Fwp%2Fv2%2Fproduct_tag&post=5045"}],"curies":[{"name":"wp","href":"https:\/\/api.w.org\/{rel}","templated":true}]}}