{"id":5004,"date":"2022-11-29T16:39:24","date_gmt":"2022-11-29T09:39:24","guid":{"rendered":"https:\/\/chuparty.vn\/?post_type=product&#038;p=5004"},"modified":"2024-02-20T13:57:22","modified_gmt":"2024-02-20T06:57:22","slug":"bong-chai-ruou-champagne-gold","status":"publish","type":"product","link":"https:\/\/chuparty.vn\/?product=bong-chai-ruou-champagne-gold","title":{"rendered":"B\u00d3NG CHAI R\u01af\u1ee2U CHAMPAGNE GOLD"},"content":{"rendered":"<p><strong>Chi ti\u1ebft s\u1ea3n ph\u1ea9m:<\/strong><\/p>\n<ul>\n<li>K\u00edch th\u01b0\u1edbc:\u00a0 cm<\/li>\n<li>Ch\u1ea5t li\u1ec7u: nh\u00f4m k\u00ednh<\/li>\n<li>Qui c\u00e1ch \u0111\u00f3ng g\u00f3i: 1 b\u00f3ng \/ t\u00fai.<br \/>\n<strong>\u2013&gt;<\/strong>\u00a0B\u00f3ng \u0111\u01b0\u1ee3c giao \u1edf tr\u1ea1ng th\u00e1i ch\u01b0a b\u01a1m, b\u00f3ng c\u00f3 th\u1ec3 b\u01a1m b\u1eb1ng m\u00e1y b\u01a1m\/b\u01a1m tay ho\u1eb7c kh\u00ed helium t\u00f9y theo nhu c\u1ea7u s\u1eed d\u1ee5ng.<br \/>\n<strong>\u2013&gt;<\/strong>\u00a0N\u1ebfu b\u1ea1n c\u00f3 y\u00eau c\u1ea7u b\u01a1m kh\u00ed helium \u0111\u1ec3 b\u00f3ng bay l\u01a1 l\u1eedng, vui l\u00f2ng li\u00ean h\u1ec7 v\u1edbi nh\u00e2n vi\u00ean b\u00e1n h\u00e0ng \u0111\u1ec3 \u0111\u01b0\u1ee3c t\u01b0 v\u1ea5n v\u00e0 b\u00e1o gi\u00e1.<\/li>\n<\/ul>\n","protected":false},"excerpt":{"rendered":"<p>Chi ti\u1ebft s\u1ea3n ph\u1ea9m: K\u00edch th\u01b0\u1edbc:\u00a0 cm Ch\u1ea5t li\u1ec7u: nh\u00f4m k\u00ednh Qui c\u00e1ch \u0111\u00f3ng g\u00f3i: 1 b\u00f3ng \/ t\u00fai. \u2013&gt;\u00a0B\u00f3ng \u0111\u01b0\u1ee3c giao \u1edf tr\u1ea1ng th\u00e1i ch\u01b0a b\u01a1m, b\u00f3ng c\u00f3 th\u1ec3 b\u01a1m b\u1eb1ng m\u00e1y b\u01a1m\/b\u01a1m tay ho\u1eb7c kh\u00ed helium t\u00f9y theo nhu c\u1ea7u s\u1eed d\u1ee5ng. \u2013&gt;\u00a0N\u1ebfu b\u1ea1n c\u00f3 y\u00eau c\u1ea7u b\u01a1m kh\u00ed helium \u0111\u1ec3 b\u00f3ng bay [&hellip;]<\/p>\n","protected":false},"featured_media":5022,"comment_status":"open","ping_status":"closed","template":"","meta":[],"product_cat":[337,322,423,109,466,247,46,430],"product_tag":[323,139,30,246],"class_list":{"0":"post-5004","1":"product","2":"type-product","3":"status-publish","4":"has-post-thumbnail","6":"product_cat-grand-opening","7":"product_cat-christmas","8":"product_cat-bong-bong-xmas","9":"product_cat-new-year","10":"product_cat-bong-bong-new-year","11":"product_cat-womens-day","12":"product_cat-bong-hinh","13":"product_cat-dong-gia-30k-35k","14":"product_tag-christmas","15":"product_tag-grand-opening","16":"product_tag-new-year","17":"product_tag-womens-day","19":"first","20":"instock","21":"shipping-taxable","22":"purchasable","23":"product-type-simple"},"_links":{"self":[{"href":"https:\/\/chuparty.vn\/index.php?rest_route=\/wp\/v2\/product\/5004","targetHints":{"allow":["GET"]}}],"collection":[{"href":"https:\/\/chuparty.vn\/index.php?rest_route=\/wp\/v2\/product"}],"about":[{"href":"https:\/\/chuparty.vn\/index.php?rest_route=\/wp\/v2\/types\/product"}],"replies":[{"embeddable":true,"href":"https:\/\/chuparty.vn\/index.php?rest_route=%2Fwp%2Fv2%2Fcomments&post=5004"}],"wp:featuredmedia":[{"embeddable":true,"href":"https:\/\/chuparty.vn\/index.php?rest_route=\/wp\/v2\/media\/5022"}],"wp:attachment":[{"href":"https:\/\/chuparty.vn\/index.php?rest_route=%2Fwp%2Fv2%2Fmedia&parent=5004"}],"wp:term":[{"taxonomy":"product_cat","embeddable":true,"href":"https:\/\/chuparty.vn\/index.php?rest_route=%2Fwp%2Fv2%2Fproduct_cat&post=5004"},{"taxonomy":"product_tag","embeddable":true,"href":"https:\/\/chuparty.vn\/index.php?rest_route=%2Fwp%2Fv2%2Fproduct_tag&post=5004"}],"curies":[{"name":"wp","href":"https:\/\/api.w.org\/{rel}","templated":true}]}}