{"id":4959,"date":"2022-11-29T15:36:40","date_gmt":"2022-11-29T08:36:40","guid":{"rendered":"https:\/\/chuparty.vn\/?post_type=product&#038;p=4959"},"modified":"2023-10-31T10:51:27","modified_gmt":"2023-10-31T03:51:27","slug":"day-chu-happy-new-year-gold","status":"publish","type":"product","link":"https:\/\/chuparty.vn\/?product=day-chu-happy-new-year-gold","title":{"rendered":"D\u00c2Y CH\u1eee HAPPY NEW YEAR GOLD"},"content":{"rendered":"<p><strong>Chi ti\u1ebft s\u1ea3n ph\u1ea9m<\/strong><\/p>\n<ul>\n<li>K\u00edch th\u01b0\u1edbc: 14cm x 9cm<\/li>\n<li>Ch\u1ea5t li\u1ec7u: gi\u1ea5y nh\u0169 gold<\/li>\n<li>M\u00e0u s\u1eafc: GOLD<\/li>\n<li>C\u00e1ch th\u1ee9c \u0111\u00f3ng g\u00f3i : m\u1ed9t b\u1ed9 12 ch\u1eef<\/li>\n<\/ul>\n","protected":false},"excerpt":{"rendered":"<p>Chi ti\u1ebft s\u1ea3n ph\u1ea9m K\u00edch th\u01b0\u1edbc: 14cm x 9cm Ch\u1ea5t li\u1ec7u: gi\u1ea5y nh\u0169 gold M\u00e0u s\u1eafc: GOLD C\u00e1ch th\u1ee9c \u0111\u00f3ng g\u00f3i : m\u1ed9t b\u1ed9 12 ch\u1eef<\/p>\n","protected":false},"featured_media":4961,"comment_status":"open","ping_status":"closed","template":"","meta":[],"product_cat":[109,468],"product_tag":[30],"class_list":{"0":"post-4959","1":"product","2":"type-product","3":"status-publish","4":"has-post-thumbnail","6":"product_cat-new-year","7":"product_cat-banner-garland-new-year","8":"product_tag-new-year","10":"first","11":"instock","12":"shipping-taxable","13":"purchasable","14":"product-type-simple"},"_links":{"self":[{"href":"https:\/\/chuparty.vn\/index.php?rest_route=\/wp\/v2\/product\/4959","targetHints":{"allow":["GET"]}}],"collection":[{"href":"https:\/\/chuparty.vn\/index.php?rest_route=\/wp\/v2\/product"}],"about":[{"href":"https:\/\/chuparty.vn\/index.php?rest_route=\/wp\/v2\/types\/product"}],"replies":[{"embeddable":true,"href":"https:\/\/chuparty.vn\/index.php?rest_route=%2Fwp%2Fv2%2Fcomments&post=4959"}],"wp:featuredmedia":[{"embeddable":true,"href":"https:\/\/chuparty.vn\/index.php?rest_route=\/wp\/v2\/media\/4961"}],"wp:attachment":[{"href":"https:\/\/chuparty.vn\/index.php?rest_route=%2Fwp%2Fv2%2Fmedia&parent=4959"}],"wp:term":[{"taxonomy":"product_cat","embeddable":true,"href":"https:\/\/chuparty.vn\/index.php?rest_route=%2Fwp%2Fv2%2Fproduct_cat&post=4959"},{"taxonomy":"product_tag","embeddable":true,"href":"https:\/\/chuparty.vn\/index.php?rest_route=%2Fwp%2Fv2%2Fproduct_tag&post=4959"}],"curies":[{"name":"wp","href":"https:\/\/api.w.org\/{rel}","templated":true}]}}