{"id":4823,"date":"2022-11-24T17:45:02","date_gmt":"2022-11-24T10:45:02","guid":{"rendered":"https:\/\/chuparty.vn\/?post_type=product&#038;p=4823"},"modified":"2022-11-25T11:45:00","modified_gmt":"2022-11-25T04:45:00","slug":"non-do-giay-red-hat-honeycomb","status":"publish","type":"product","link":"https:\/\/chuparty.vn\/?product=non-do-giay-red-hat-honeycomb","title":{"rendered":"N\u00d3N \u0110\u1ece GI\u1ea4Y (RED HAT HONEYCOMB)"},"content":{"rendered":"<p><strong>Chi ti\u1ebft s\u1ea3n ph\u1ea9m<\/strong><\/p>\n<ul>\n<li>K\u00edch th\u01b0\u1edbc: cao 20cm<\/li>\n<li>Ch\u1ea5t li\u1ec7u: gi\u1ea5y<\/li>\n<li>M\u00e0u s\u1eafc: \u0110\u1ece<\/li>\n<li>C\u00e1ch th\u1ee9c \u0111\u00f3ng g\u00f3i : 1 c\u00e1i\/t\u00fai<\/li>\n<\/ul>\n","protected":false},"excerpt":{"rendered":"<p>Chi ti\u1ebft s\u1ea3n ph\u1ea9m K\u00edch th\u01b0\u1edbc: cao 20cm Ch\u1ea5t li\u1ec7u: gi\u1ea5y M\u00e0u s\u1eafc: \u0110\u1ece C\u00e1ch th\u1ee9c \u0111\u00f3ng g\u00f3i : 1 c\u00e1i\/t\u00fai<\/p>\n","protected":false},"featured_media":4817,"comment_status":"open","ping_status":"closed","template":"","meta":[],"product_cat":[322,424],"product_tag":[323],"class_list":{"0":"post-4823","1":"product","2":"type-product","3":"status-publish","4":"has-post-thumbnail","6":"product_cat-christmas","7":"product_cat-non-phu-kien-xmas","8":"product_tag-christmas","10":"first","11":"instock","12":"shipping-taxable","13":"purchasable","14":"product-type-simple"},"_links":{"self":[{"href":"https:\/\/chuparty.vn\/index.php?rest_route=\/wp\/v2\/product\/4823","targetHints":{"allow":["GET"]}}],"collection":[{"href":"https:\/\/chuparty.vn\/index.php?rest_route=\/wp\/v2\/product"}],"about":[{"href":"https:\/\/chuparty.vn\/index.php?rest_route=\/wp\/v2\/types\/product"}],"replies":[{"embeddable":true,"href":"https:\/\/chuparty.vn\/index.php?rest_route=%2Fwp%2Fv2%2Fcomments&post=4823"}],"wp:featuredmedia":[{"embeddable":true,"href":"https:\/\/chuparty.vn\/index.php?rest_route=\/wp\/v2\/media\/4817"}],"wp:attachment":[{"href":"https:\/\/chuparty.vn\/index.php?rest_route=%2Fwp%2Fv2%2Fmedia&parent=4823"}],"wp:term":[{"taxonomy":"product_cat","embeddable":true,"href":"https:\/\/chuparty.vn\/index.php?rest_route=%2Fwp%2Fv2%2Fproduct_cat&post=4823"},{"taxonomy":"product_tag","embeddable":true,"href":"https:\/\/chuparty.vn\/index.php?rest_route=%2Fwp%2Fv2%2Fproduct_tag&post=4823"}],"curies":[{"name":"wp","href":"https:\/\/api.w.org\/{rel}","templated":true}]}}