{"id":4809,"date":"2022-11-24T17:24:03","date_gmt":"2022-11-24T10:24:03","guid":{"rendered":"https:\/\/chuparty.vn\/?post_type=product&#038;p=4809"},"modified":"2024-11-12T10:27:37","modified_gmt":"2024-11-12T03:27:37","slug":"cam-banh-go-merry-christmas","status":"publish","type":"product","link":"https:\/\/chuparty.vn\/?product=cam-banh-go-merry-christmas","title":{"rendered":"C\u1eaeM B\u00c1NH G\u1ed6 MERRY CHRISTMAS"},"content":{"rendered":"<ul>\n<li>K\u00edch th\u01b0\u1edbc: 15cm<\/li>\n<li>Ch\u1ea5t li\u1ec7u: g\u1ed7<\/li>\n<li>M\u00e0u s\u1eafc: n\u00e2u nh\u1ea1t<\/li>\n<li>C\u00e1ch th\u1ee9c \u0111\u00f3ng g\u00f3i :\u00a0 1 Merry Christmas &amp; 2 icon ng\u00f4i sao nh\u1ecf \/t\u00fai<br \/>\n(KH\u00d4NG C\u00d3 4 ICON TU\u1ea6N L\u1ed8C, C\u00c2Y TH\u00d4NG, H\u1ed8P QU\u00c0, B\u00c1NH G\u1eeaNG)<\/li>\n<\/ul>\n","protected":false},"excerpt":{"rendered":"<p>K\u00edch th\u01b0\u1edbc: 15cm Ch\u1ea5t li\u1ec7u: g\u1ed7 M\u00e0u s\u1eafc: n\u00e2u nh\u1ea1t C\u00e1ch th\u1ee9c \u0111\u00f3ng g\u00f3i :\u00a0 1 Merry Christmas &amp; 2 icon ng\u00f4i sao nh\u1ecf \/t\u00fai (KH\u00d4NG C\u00d3 4 ICON TU\u1ea6N L\u1ed8C, C\u00c2Y TH\u00d4NG, H\u1ed8P QU\u00c0, B\u00c1NH G\u1eeaNG)<\/p>\n","protected":false},"featured_media":4810,"comment_status":"open","ping_status":"closed","template":"","meta":[],"product_cat":[322,424],"product_tag":[323],"class_list":{"0":"post-4809","1":"product","2":"type-product","3":"status-publish","4":"has-post-thumbnail","6":"product_cat-christmas","7":"product_cat-non-phu-kien-xmas","8":"product_tag-christmas","10":"first","11":"instock","12":"shipping-taxable","13":"purchasable","14":"product-type-simple"},"_links":{"self":[{"href":"https:\/\/chuparty.vn\/index.php?rest_route=\/wp\/v2\/product\/4809","targetHints":{"allow":["GET"]}}],"collection":[{"href":"https:\/\/chuparty.vn\/index.php?rest_route=\/wp\/v2\/product"}],"about":[{"href":"https:\/\/chuparty.vn\/index.php?rest_route=\/wp\/v2\/types\/product"}],"replies":[{"embeddable":true,"href":"https:\/\/chuparty.vn\/index.php?rest_route=%2Fwp%2Fv2%2Fcomments&post=4809"}],"wp:featuredmedia":[{"embeddable":true,"href":"https:\/\/chuparty.vn\/index.php?rest_route=\/wp\/v2\/media\/4810"}],"wp:attachment":[{"href":"https:\/\/chuparty.vn\/index.php?rest_route=%2Fwp%2Fv2%2Fmedia&parent=4809"}],"wp:term":[{"taxonomy":"product_cat","embeddable":true,"href":"https:\/\/chuparty.vn\/index.php?rest_route=%2Fwp%2Fv2%2Fproduct_cat&post=4809"},{"taxonomy":"product_tag","embeddable":true,"href":"https:\/\/chuparty.vn\/index.php?rest_route=%2Fwp%2Fv2%2Fproduct_tag&post=4809"}],"curies":[{"name":"wp","href":"https:\/\/api.w.org\/{rel}","templated":true}]}}