{"id":475,"date":"2022-01-18T23:10:18","date_gmt":"2022-01-18T16:10:18","guid":{"rendered":"https:\/\/chuparty.vn\/?post_type=product&#038;p=475"},"modified":"2025-09-17T17:54:51","modified_gmt":"2025-09-17T10:54:51","slug":"set-nen-mat-cuoi","status":"publish","type":"product","link":"https:\/\/chuparty.vn\/?product=set-nen-mat-cuoi","title":{"rendered":"SET N\u1ebeN M\u1eb6T C\u01af\u1edcI"},"content":{"rendered":"<p>Quy c\u00e1ch \u0111\u00f3ng g\u00f3i: 5 c\u00e2y\/ set<br \/>\nCh\u1ea5t li\u1ec7u: parafin<br \/>\nK\u00edch th\u01b0\u1edbc:<\/p>\n","protected":false},"excerpt":{"rendered":"<p>Quy c\u00e1ch \u0111\u00f3ng g\u00f3i: 5 c\u00e2y\/ set Ch\u1ea5t li\u1ec7u: parafin K\u00edch th\u01b0\u1edbc:<\/p>\n","protected":false},"featured_media":480,"comment_status":"open","ping_status":"closed","template":"","meta":[],"product_cat":[512,102,16,94,28],"product_tag":[98,22],"class_list":{"0":"post-475","1":"product","2":"type-product","3":"status-publish","4":"has-post-thumbnail","6":"product_cat-sale-off-30","7":"product_cat-smile-face","8":"product_cat-phu-kien-trang-tri","9":"product_cat-nen-sinh-nhat","10":"product_cat-sale","11":"product_tag-nen","12":"product_tag-smile","14":"first","15":"instock","16":"sale","17":"shipping-taxable","18":"purchasable","19":"product-type-simple"},"_links":{"self":[{"href":"https:\/\/chuparty.vn\/index.php?rest_route=\/wp\/v2\/product\/475","targetHints":{"allow":["GET"]}}],"collection":[{"href":"https:\/\/chuparty.vn\/index.php?rest_route=\/wp\/v2\/product"}],"about":[{"href":"https:\/\/chuparty.vn\/index.php?rest_route=\/wp\/v2\/types\/product"}],"replies":[{"embeddable":true,"href":"https:\/\/chuparty.vn\/index.php?rest_route=%2Fwp%2Fv2%2Fcomments&post=475"}],"wp:featuredmedia":[{"embeddable":true,"href":"https:\/\/chuparty.vn\/index.php?rest_route=\/wp\/v2\/media\/480"}],"wp:attachment":[{"href":"https:\/\/chuparty.vn\/index.php?rest_route=%2Fwp%2Fv2%2Fmedia&parent=475"}],"wp:term":[{"taxonomy":"product_cat","embeddable":true,"href":"https:\/\/chuparty.vn\/index.php?rest_route=%2Fwp%2Fv2%2Fproduct_cat&post=475"},{"taxonomy":"product_tag","embeddable":true,"href":"https:\/\/chuparty.vn\/index.php?rest_route=%2Fwp%2Fv2%2Fproduct_tag&post=475"}],"curies":[{"name":"wp","href":"https:\/\/api.w.org\/{rel}","templated":true}]}}