{"id":4702,"date":"2022-11-15T16:38:38","date_gmt":"2022-11-15T09:38:38","guid":{"rendered":"https:\/\/chuparty.vn\/?post_type=product&#038;p=4702"},"modified":"2023-10-08T18:05:15","modified_gmt":"2023-10-08T11:05:15","slug":"non-christmas-do-nhu","status":"publish","type":"product","link":"https:\/\/chuparty.vn\/?product=non-christmas-do-nhu","title":{"rendered":"N\u00d3N CHRISTMAS \u0110\u1ece NH\u0168"},"content":{"rendered":"<p><strong>Chi ti\u1ebft s\u1ea3n ph\u1ea9m:<br \/>\n<\/strong>Qui c\u00e1ch \u0111\u00f3ng g\u00f3i: 1 c\u00e1i\/t\u00fai<strong><br \/>\n<\/strong>Ch\u1ea5t li\u1ec7u: v\u1ea3i<br \/>\nM\u00e0u s\u1eafc: \u0111\u1ecf nh\u0169<br \/>\nK\u00edch th\u01b0\u1edbc:<\/p>\n","protected":false},"excerpt":{"rendered":"<p>Chi ti\u1ebft s\u1ea3n ph\u1ea9m: Qui c\u00e1ch \u0111\u00f3ng g\u00f3i: 1 c\u00e1i\/t\u00fai Ch\u1ea5t li\u1ec7u: v\u1ea3i M\u00e0u s\u1eafc: \u0111\u1ecf nh\u0169 K\u00edch th\u01b0\u1edbc:<\/p>\n","protected":false},"featured_media":4711,"comment_status":"open","ping_status":"closed","template":"","meta":[],"product_cat":[322,424,145],"product_tag":[323,144],"class_list":{"0":"post-4702","1":"product","2":"type-product","3":"status-publish","4":"has-post-thumbnail","6":"product_cat-christmas","7":"product_cat-non-phu-kien-xmas","8":"product_cat-non-tiec","9":"product_tag-christmas","10":"product_tag-non","12":"first","13":"instock","14":"shipping-taxable","15":"purchasable","16":"product-type-simple"},"_links":{"self":[{"href":"https:\/\/chuparty.vn\/index.php?rest_route=\/wp\/v2\/product\/4702","targetHints":{"allow":["GET"]}}],"collection":[{"href":"https:\/\/chuparty.vn\/index.php?rest_route=\/wp\/v2\/product"}],"about":[{"href":"https:\/\/chuparty.vn\/index.php?rest_route=\/wp\/v2\/types\/product"}],"replies":[{"embeddable":true,"href":"https:\/\/chuparty.vn\/index.php?rest_route=%2Fwp%2Fv2%2Fcomments&post=4702"}],"wp:featuredmedia":[{"embeddable":true,"href":"https:\/\/chuparty.vn\/index.php?rest_route=\/wp\/v2\/media\/4711"}],"wp:attachment":[{"href":"https:\/\/chuparty.vn\/index.php?rest_route=%2Fwp%2Fv2%2Fmedia&parent=4702"}],"wp:term":[{"taxonomy":"product_cat","embeddable":true,"href":"https:\/\/chuparty.vn\/index.php?rest_route=%2Fwp%2Fv2%2Fproduct_cat&post=4702"},{"taxonomy":"product_tag","embeddable":true,"href":"https:\/\/chuparty.vn\/index.php?rest_route=%2Fwp%2Fv2%2Fproduct_tag&post=4702"}],"curies":[{"name":"wp","href":"https:\/\/api.w.org\/{rel}","templated":true}]}}