{"id":469,"date":"2022-01-18T23:05:13","date_gmt":"2022-01-18T16:05:13","guid":{"rendered":"https:\/\/chuparty.vn\/?post_type=product&#038;p=469"},"modified":"2025-09-17T17:54:29","modified_gmt":"2025-09-17T10:54:29","slug":"set-nen-hoa-cuc","status":"publish","type":"product","link":"https:\/\/chuparty.vn\/?product=set-nen-hoa-cuc","title":{"rendered":"SET N\u1ebeN HOA C\u00daC"},"content":{"rendered":"<p>Quy c\u00e1ch \u0111\u00f3ng g\u00f3i: 5 c\u00e2y\/ set<br \/>\nCh\u1ea5t li\u1ec7u: parafin<br \/>\nK\u00edch th\u01b0\u1edbc:<\/p>\n<p>&nbsp;<\/p>\n","protected":false},"excerpt":{"rendered":"<p>Quy c\u00e1ch \u0111\u00f3ng g\u00f3i: 5 c\u00e2y\/ set Ch\u1ea5t li\u1ec7u: parafin K\u00edch th\u01b0\u1edbc: &nbsp;<\/p>\n","protected":false},"featured_media":470,"comment_status":"open","ping_status":"closed","template":"","meta":[],"product_cat":[512,103,16,94,28],"product_tag":[21,98],"class_list":{"0":"post-469","1":"product","2":"type-product","3":"status-publish","4":"has-post-thumbnail","6":"product_cat-sale-off-30","7":"product_cat-daisy","8":"product_cat-phu-kien-trang-tri","9":"product_cat-nen-sinh-nhat","10":"product_cat-sale","11":"product_tag-daisy","12":"product_tag-nen","14":"first","15":"instock","16":"sale","17":"shipping-taxable","18":"purchasable","19":"product-type-simple"},"_links":{"self":[{"href":"https:\/\/chuparty.vn\/index.php?rest_route=\/wp\/v2\/product\/469","targetHints":{"allow":["GET"]}}],"collection":[{"href":"https:\/\/chuparty.vn\/index.php?rest_route=\/wp\/v2\/product"}],"about":[{"href":"https:\/\/chuparty.vn\/index.php?rest_route=\/wp\/v2\/types\/product"}],"replies":[{"embeddable":true,"href":"https:\/\/chuparty.vn\/index.php?rest_route=%2Fwp%2Fv2%2Fcomments&post=469"}],"wp:featuredmedia":[{"embeddable":true,"href":"https:\/\/chuparty.vn\/index.php?rest_route=\/wp\/v2\/media\/470"}],"wp:attachment":[{"href":"https:\/\/chuparty.vn\/index.php?rest_route=%2Fwp%2Fv2%2Fmedia&parent=469"}],"wp:term":[{"taxonomy":"product_cat","embeddable":true,"href":"https:\/\/chuparty.vn\/index.php?rest_route=%2Fwp%2Fv2%2Fproduct_cat&post=469"},{"taxonomy":"product_tag","embeddable":true,"href":"https:\/\/chuparty.vn\/index.php?rest_route=%2Fwp%2Fv2%2Fproduct_tag&post=469"}],"curies":[{"name":"wp","href":"https:\/\/api.w.org\/{rel}","templated":true}]}}