{"id":4586,"date":"2022-11-08T12:02:45","date_gmt":"2022-11-08T05:02:45","guid":{"rendered":"https:\/\/chuparty.vn\/?post_type=product&#038;p=4586"},"modified":"2025-10-30T16:27:49","modified_gmt":"2025-10-30T09:27:49","slug":"day-garland-bong-tuyet-bac-2","status":"publish","type":"product","link":"https:\/\/chuparty.vn\/?product=day-garland-bong-tuyet-bac-2","title":{"rendered":"D\u00c2Y GARLAND B\u00d4NG TUY\u1ebeT B\u1ea0C"},"content":{"rendered":"<p>Quy c\u00e1ch \u0111\u00f3ng g\u00f3i: 6 b\u00f4ng tuy\u1ebft\/t\u00fai<br \/>\nCh\u1ea5t li\u1ec7u: gi\u1ea5y m\u00e0u<br \/>\nM\u00e0u s\u1eafc: b\u1ea1c<br \/>\nK\u00edch th\u01b0\u1edbc:<\/p>\n","protected":false},"excerpt":{"rendered":"<p>Quy c\u00e1ch \u0111\u00f3ng g\u00f3i: 6 b\u00f4ng tuy\u1ebft\/t\u00fai Ch\u1ea5t li\u1ec7u: gi\u1ea5y m\u00e0u M\u00e0u s\u1eafc: b\u1ea1c K\u00edch th\u01b0\u1edbc:<\/p>\n","protected":false},"featured_media":2073,"comment_status":"open","ping_status":"closed","template":"","meta":[],"product_cat":[329,322,422,109,468],"product_tag":[323,38,30],"class_list":{"0":"post-4586","1":"product","2":"type-product","3":"status-publish","4":"has-post-thumbnail","6":"product_cat-frozen","7":"product_cat-christmas","8":"product_cat-banner-xmas","9":"product_cat-new-year","10":"product_cat-banner-garland-new-year","11":"product_tag-christmas","12":"product_tag-frozen","13":"product_tag-new-year","15":"first","16":"instock","17":"shipping-taxable","18":"purchasable","19":"product-type-simple"},"_links":{"self":[{"href":"https:\/\/chuparty.vn\/index.php?rest_route=\/wp\/v2\/product\/4586","targetHints":{"allow":["GET"]}}],"collection":[{"href":"https:\/\/chuparty.vn\/index.php?rest_route=\/wp\/v2\/product"}],"about":[{"href":"https:\/\/chuparty.vn\/index.php?rest_route=\/wp\/v2\/types\/product"}],"replies":[{"embeddable":true,"href":"https:\/\/chuparty.vn\/index.php?rest_route=%2Fwp%2Fv2%2Fcomments&post=4586"}],"wp:featuredmedia":[{"embeddable":true,"href":"https:\/\/chuparty.vn\/index.php?rest_route=\/wp\/v2\/media\/2073"}],"wp:attachment":[{"href":"https:\/\/chuparty.vn\/index.php?rest_route=%2Fwp%2Fv2%2Fmedia&parent=4586"}],"wp:term":[{"taxonomy":"product_cat","embeddable":true,"href":"https:\/\/chuparty.vn\/index.php?rest_route=%2Fwp%2Fv2%2Fproduct_cat&post=4586"},{"taxonomy":"product_tag","embeddable":true,"href":"https:\/\/chuparty.vn\/index.php?rest_route=%2Fwp%2Fv2%2Fproduct_tag&post=4586"}],"curies":[{"name":"wp","href":"https:\/\/api.w.org\/{rel}","templated":true}]}}