{"id":4478,"date":"2022-10-11T16:49:48","date_gmt":"2022-10-11T09:49:48","guid":{"rendered":"https:\/\/chuparty.vn\/?post_type=product&#038;p=4478"},"modified":"2023-09-28T17:17:12","modified_gmt":"2023-09-28T10:17:12","slug":"mang-nhen-den-halloween","status":"publish","type":"product","link":"https:\/\/chuparty.vn\/?product=mang-nhen-den-halloween","title":{"rendered":"M\u1ea0NG NH\u1ec6N \u0110EN HALLOWEEN"},"content":{"rendered":"<p><strong>Chi ti\u1ebft s\u1ea3n ph\u1ea9m:<\/strong><\/p>\n<ul>\n<li>K\u00edch th\u01b0\u1edbc:\u00a0 1,5m &#8211; 5 v\u00f2ng tr\u00f2n<\/li>\n<li>Ch\u1ea5t li\u1ec7u: v\u1ea3i s\u1ee3i<\/li>\n<li>M\u00e0u s\u1eafc: \u0111en<\/li>\n<li>Qui c\u00e1ch \u0111\u00f3ng g\u00f3i: 1 c\u00e1i\/t\u00fai<\/li>\n<\/ul>\n","protected":false},"excerpt":{"rendered":"<p>Chi ti\u1ebft s\u1ea3n ph\u1ea9m: K\u00edch th\u01b0\u1edbc:\u00a0 1,5m &#8211; 5 v\u00f2ng tr\u00f2n Ch\u1ea5t li\u1ec7u: v\u1ea3i s\u1ee3i M\u00e0u s\u1eafc: \u0111en Qui c\u00e1ch \u0111\u00f3ng g\u00f3i: 1 c\u00e1i\/t\u00fai<\/p>\n","protected":false},"featured_media":4479,"comment_status":"open","ping_status":"closed","template":"","meta":[],"product_cat":[338,324,460],"product_tag":[149,339],"class_list":{"0":"post-4478","1":"product","2":"type-product","3":"status-publish","4":"has-post-thumbnail","6":"product_cat-super-hero","7":"product_cat-halloween","8":"product_cat-phu-kien-halloween","9":"product_tag-halloween","10":"product_tag-super-hero","12":"first","13":"instock","14":"shipping-taxable","15":"purchasable","16":"product-type-simple"},"_links":{"self":[{"href":"https:\/\/chuparty.vn\/index.php?rest_route=\/wp\/v2\/product\/4478","targetHints":{"allow":["GET"]}}],"collection":[{"href":"https:\/\/chuparty.vn\/index.php?rest_route=\/wp\/v2\/product"}],"about":[{"href":"https:\/\/chuparty.vn\/index.php?rest_route=\/wp\/v2\/types\/product"}],"replies":[{"embeddable":true,"href":"https:\/\/chuparty.vn\/index.php?rest_route=%2Fwp%2Fv2%2Fcomments&post=4478"}],"wp:featuredmedia":[{"embeddable":true,"href":"https:\/\/chuparty.vn\/index.php?rest_route=\/wp\/v2\/media\/4479"}],"wp:attachment":[{"href":"https:\/\/chuparty.vn\/index.php?rest_route=%2Fwp%2Fv2%2Fmedia&parent=4478"}],"wp:term":[{"taxonomy":"product_cat","embeddable":true,"href":"https:\/\/chuparty.vn\/index.php?rest_route=%2Fwp%2Fv2%2Fproduct_cat&post=4478"},{"taxonomy":"product_tag","embeddable":true,"href":"https:\/\/chuparty.vn\/index.php?rest_route=%2Fwp%2Fv2%2Fproduct_tag&post=4478"}],"curies":[{"name":"wp","href":"https:\/\/api.w.org\/{rel}","templated":true}]}}