{"id":4450,"date":"2022-09-22T12:02:03","date_gmt":"2022-09-22T05:02:03","guid":{"rendered":"https:\/\/chuparty.vn\/?post_type=product&#038;p=4450"},"modified":"2023-10-01T13:18:38","modified_gmt":"2023-10-01T06:18:38","slug":"set-28-doi-den-3d","status":"publish","type":"product","link":"https:\/\/chuparty.vn\/?product=set-28-doi-den-3d","title":{"rendered":"SET 28 D\u01a0I \u0110EN 3D HALLOWEEN"},"content":{"rendered":"<p><strong>Chi ti\u1ebft s\u1ea3n ph\u1ea9m: Halloween bat stickers<\/strong><\/p>\n<ul>\n<li>Qui c\u00e1ch \u0111\u00f3ng g\u00f3i: 28 d\u01a1i\/t\u00fai<\/li>\n<li>K\u00edch th\u01b0\u1edbc: 8 pieces of 30*7.5cm, 8 pieces of 20*5cm, 8 pieces of 12*3cm, and 4 pieces of 8*2cm.<\/li>\n<li>Ch\u1ea5t li\u1ec7u: pvc<\/li>\n<li>M\u00e0u s\u1eafc: \u0111en<\/li>\n<li>Tr\u1ecdng l\u01b0\u1ee3ng: 36gram<img loading=\"lazy\" decoding=\"async\" class=\"alignnone wp-image-6943\" src=\"https:\/\/chuparty.vn\/wp-content\/uploads\/2022\/09\/28PCS--448x420.jpg\" alt=\"\" width=\"229\" height=\"215\" \/><\/li>\n<\/ul>\n","protected":false},"excerpt":{"rendered":"<p>Chi ti\u1ebft s\u1ea3n ph\u1ea9m: Halloween bat stickers Qui c\u00e1ch \u0111\u00f3ng g\u00f3i: 28 d\u01a1i\/t\u00fai K\u00edch th\u01b0\u1edbc: 8 pieces of 30*7.5cm, 8 pieces of 20*5cm, 8 pieces of 12*3cm, and 4 pieces of 8*2cm. Ch\u1ea5t li\u1ec7u: pvc M\u00e0u s\u1eafc: \u0111en Tr\u1ecdng l\u01b0\u1ee3ng: 36gram<\/p>\n","protected":false},"featured_media":4102,"comment_status":"open","ping_status":"closed","template":"","meta":[],"product_cat":[324,460],"product_tag":[149],"class_list":{"0":"post-4450","1":"product","2":"type-product","3":"status-publish","4":"has-post-thumbnail","6":"product_cat-halloween","7":"product_cat-phu-kien-halloween","8":"product_tag-halloween","10":"first","11":"instock","12":"shipping-taxable","13":"purchasable","14":"product-type-simple"},"_links":{"self":[{"href":"https:\/\/chuparty.vn\/index.php?rest_route=\/wp\/v2\/product\/4450","targetHints":{"allow":["GET"]}}],"collection":[{"href":"https:\/\/chuparty.vn\/index.php?rest_route=\/wp\/v2\/product"}],"about":[{"href":"https:\/\/chuparty.vn\/index.php?rest_route=\/wp\/v2\/types\/product"}],"replies":[{"embeddable":true,"href":"https:\/\/chuparty.vn\/index.php?rest_route=%2Fwp%2Fv2%2Fcomments&post=4450"}],"wp:featuredmedia":[{"embeddable":true,"href":"https:\/\/chuparty.vn\/index.php?rest_route=\/wp\/v2\/media\/4102"}],"wp:attachment":[{"href":"https:\/\/chuparty.vn\/index.php?rest_route=%2Fwp%2Fv2%2Fmedia&parent=4450"}],"wp:term":[{"taxonomy":"product_cat","embeddable":true,"href":"https:\/\/chuparty.vn\/index.php?rest_route=%2Fwp%2Fv2%2Fproduct_cat&post=4450"},{"taxonomy":"product_tag","embeddable":true,"href":"https:\/\/chuparty.vn\/index.php?rest_route=%2Fwp%2Fv2%2Fproduct_tag&post=4450"}],"curies":[{"name":"wp","href":"https:\/\/api.w.org\/{rel}","templated":true}]}}