{"id":4398,"date":"2022-09-19T12:19:13","date_gmt":"2022-09-19T05:19:13","guid":{"rendered":"https:\/\/chuparty.vn\/?post_type=product&#038;p=4398"},"modified":"2025-04-23T17:21:00","modified_gmt":"2025-04-23T10:21:00","slug":"dich-vu-trang-tri-set-up-happy-ms01","status":"publish","type":"product","link":"https:\/\/chuparty.vn\/?product=dich-vu-trang-tri-set-up-happy-ms01","title":{"rendered":"D\u1ecaCH V\u1ee4 TRANG TR\u00cd \u2013 SET UP HAPPY MS01"},"content":{"rendered":"<ul>\n<li>G\u00f3i trang tr\u00ed \u2013 set up Happy t\u1ea1i Chu \u0111\u01b0\u1ee3c thi\u1ebft k\u1ebf ph\u00f9 h\u1ee3p cho bu\u1ed5i ti\u1ec7c nh\u1ecf, \u1ea5m c\u00fang, nh\u1eefng bu\u1ed5i ti\u1ec7c Surprise, Sinh nh\u1eadt, C\u1ea7u h\u00f4n \u2026<\/li>\n<li>G\u00f3i set up Happy v\u1edbi t\u00ean g\u1ecdi: Flower You<br \/>\n* line bong b\u00f3ng freestyle ch\u1eef L, ngang _ ho\u1eb7c d\u1ea1ng 2 tr\u1ee5 song song<br \/>\n* \u0110\u00e8n ledlight HAPPY BIRTHDAY<br \/>\n* Combo Balloon box v\u1edbi t\u00ean\/n\u1ed9i dung theo y\u00eau c\u1ea7u<br \/>\n* T\u1eb7ng b\u1ea1n 30 b\u00f3ng th\u1ea3 s\u00e0n c\u00f9ng m\u00e0u v\u1edbi line b\u00f3ng.<\/li>\n<li>C\u00e1c h\u1ea1ng m\u1ee5c set up vui l\u00f2ng \u0111\u1ecdc k\u1ef9 th\u00f4ng tin v\u00e0 x\u00e1c nh\u1eadn, ch\u1ed1t th\u00f4ng tin v\u1edbi t\u01b0 v\u1ea5n vi\u00ean.<\/li>\n<li>Set up \u0111\u01b0\u1ee3c th\u1ef1c hi\u1ec7n trong v\u00f2ng 2-3h, n\u1ebfu d\u1eddi l\u1ecbch vui l\u00f2ng b\u00e1o tr\u01b0\u1edbc 3-4h, n\u1ebfu kh\u00f4ng b\u00e1o ho\u1eb7c b\u00e1o ch\u1eadm h\u01a1n th\u1eddi gian tr\u00ean, xin ph\u00e9p h\u1ee7y \u0111\u01a1n kh\u00f4ng ho\u00e0n c\u1ecdc.<\/li>\n<\/ul>\n","protected":false},"excerpt":{"rendered":"<p>G\u00f3i trang tr\u00ed \u2013 set up Happy t\u1ea1i Chu \u0111\u01b0\u1ee3c thi\u1ebft k\u1ebf ph\u00f9 h\u1ee3p cho bu\u1ed5i ti\u1ec7c nh\u1ecf, \u1ea5m c\u00fang, nh\u1eefng bu\u1ed5i ti\u1ec7c Surprise, Sinh nh\u1eadt, C\u1ea7u h\u00f4n \u2026 G\u00f3i set up Happy v\u1edbi t\u00ean g\u1ecdi: Flower You * line bong b\u00f3ng freestyle ch\u1eef L, ngang _ ho\u1eb7c d\u1ea1ng 2 tr\u1ee5 song song * \u0110\u00e8n [&hellip;]<\/p>\n","protected":false},"featured_media":2528,"comment_status":"open","ping_status":"closed","template":"","meta":[],"product_cat":[529,407],"product_tag":[409,408],"class_list":{"0":"post-4398","1":"product","2":"type-product","3":"status-publish","4":"has-post-thumbnail","6":"product_cat-tiec-cho-be","7":"product_cat-set-up","8":"product_tag-set-up","9":"product_tag-set-up-mini","11":"first","12":"instock","13":"shipping-taxable","14":"product-type-simple"},"_links":{"self":[{"href":"https:\/\/chuparty.vn\/index.php?rest_route=\/wp\/v2\/product\/4398","targetHints":{"allow":["GET"]}}],"collection":[{"href":"https:\/\/chuparty.vn\/index.php?rest_route=\/wp\/v2\/product"}],"about":[{"href":"https:\/\/chuparty.vn\/index.php?rest_route=\/wp\/v2\/types\/product"}],"replies":[{"embeddable":true,"href":"https:\/\/chuparty.vn\/index.php?rest_route=%2Fwp%2Fv2%2Fcomments&post=4398"}],"wp:featuredmedia":[{"embeddable":true,"href":"https:\/\/chuparty.vn\/index.php?rest_route=\/wp\/v2\/media\/2528"}],"wp:attachment":[{"href":"https:\/\/chuparty.vn\/index.php?rest_route=%2Fwp%2Fv2%2Fmedia&parent=4398"}],"wp:term":[{"taxonomy":"product_cat","embeddable":true,"href":"https:\/\/chuparty.vn\/index.php?rest_route=%2Fwp%2Fv2%2Fproduct_cat&post=4398"},{"taxonomy":"product_tag","embeddable":true,"href":"https:\/\/chuparty.vn\/index.php?rest_route=%2Fwp%2Fv2%2Fproduct_tag&post=4398"}],"curies":[{"name":"wp","href":"https:\/\/api.w.org\/{rel}","templated":true}]}}