{"id":4391,"date":"2022-09-19T11:54:26","date_gmt":"2022-09-19T04:54:26","guid":{"rendered":"https:\/\/chuparty.vn\/?post_type=product&#038;p=4391"},"modified":"2025-04-23T17:21:19","modified_gmt":"2025-04-23T10:21:19","slug":"dich-vu-trang-tri-set-up-mini-su01-2","status":"publish","type":"product","link":"https:\/\/chuparty.vn\/?product=dich-vu-trang-tri-set-up-mini-su01-2","title":{"rendered":"D\u1ecaCH V\u1ee4 TRANG TR\u00cd \u2013 SET UP BASIC MS-01"},"content":{"rendered":"<ul>\n<li>G\u00f3i trang tr\u00ed \u2013 S<strong>et up Basic MS-01 t<\/strong>\u1ea1i Chu \u0111\u01b0\u1ee3c thi\u1ebft k\u1ebf ph\u00f9 h\u1ee3p cho bu\u1ed5i ti\u1ec7c nh\u1ecf, \u1ea5m c\u00fang, nh\u1eefng bu\u1ed5i ti\u1ec7c Surprise, Sinh nh\u1eadt, C\u1ea7u h\u00f4n \u2026<\/li>\n<li>G\u1ed3m:<br \/>\n* line bong b\u00f3ng freestyle ch\u1eef L, ngang _ ho\u1eb7c d\u1ea1ng 2 tr\u1ee5 song song<br \/>\n* Banner ho\u1eb7c b\u1ed9 b\u00f3ng Happy birthday<br \/>\n* Tr\u1ee5 b\u00f3ng s\u1ed1 ho\u1eb7c b\u00f3ng h\u00ecnh (t\u00f9y ch\u1ecdn)<br \/>\n* T\u1eb7ng b\u1ea1n 30 b\u00f3ng th\u1ea3 s\u00e0n c\u00f9ng m\u00e0u v\u1edbi line b\u00f3ng.<\/li>\n<li><strong>L\u01b0u \u00fd: Ch\u01b0a bao g\u1ed3m B\u00f3ng Jumbo Helium nh\u01b0 tr\u00ean h\u00ecnh, n\u1ebfu b\u1ea1n c\u00f3 nhu c\u1ea7u li\u00ean h\u1ec7 t\u01b0 v\u1ea5n vi\u00ean \u0111\u1ec3 \u0111\u01b0\u1ee3c b\u00e1o gi\u00e1 v\u00e0 \u0111\u1eb7t h\u00e0ng \u1ea1.<\/strong><\/li>\n<li><strong>C\u00e1c h\u1ea1ng m\u1ee5c set up vui l\u00f2ng \u0111\u1ecdc k\u1ef9 th\u00f4ng tin v\u00e0 x\u00e1c nh\u1eadn, ch\u1ed1t th\u00f4ng tin v\u1edbi t\u01b0 v\u1ea5n vi\u00ean.<\/strong><\/li>\n<li><strong>Set up \u0111\u01b0\u1ee3c th\u1ef1c hi\u1ec7n trong v\u00f2ng 2-3h, n\u1ebfu d\u1eddi l\u1ecbch vui l\u00f2ng b\u00e1o tr\u01b0\u1edbc \u00edt nh\u1ea5t 3-4h, n\u1ebfu kh\u00f4ng b\u00e1o ho\u1eb7c b\u00e1o ch\u1eadm h\u01a1n th\u1eddi gian tr\u00ean, xin ph\u00e9p h\u1ee7y \u0111\u01a1n kh\u00f4ng ho\u00e0n c\u1ecdc.<\/strong><\/li>\n<\/ul>\n","protected":false},"excerpt":{"rendered":"<p>G\u00f3i trang tr\u00ed \u2013 Set up Basic MS-01 t\u1ea1i Chu \u0111\u01b0\u1ee3c thi\u1ebft k\u1ebf ph\u00f9 h\u1ee3p cho bu\u1ed5i ti\u1ec7c nh\u1ecf, \u1ea5m c\u00fang, nh\u1eefng bu\u1ed5i ti\u1ec7c Surprise, Sinh nh\u1eadt, C\u1ea7u h\u00f4n \u2026 G\u1ed3m: * line bong b\u00f3ng freestyle ch\u1eef L, ngang _ ho\u1eb7c d\u1ea1ng 2 tr\u1ee5 song song * Banner ho\u1eb7c b\u1ed9 b\u00f3ng Happy birthday * Tr\u1ee5 [&hellip;]<\/p>\n","protected":false},"featured_media":4392,"comment_status":"open","ping_status":"closed","template":"","meta":[],"product_cat":[529,528,407],"product_tag":[409,408],"class_list":{"0":"post-4391","1":"product","2":"type-product","3":"status-publish","4":"has-post-thumbnail","6":"product_cat-tiec-cho-be","7":"product_cat-tiec-nguoi-lon","8":"product_cat-set-up","9":"product_tag-set-up","10":"product_tag-set-up-mini","12":"first","13":"instock","14":"shipping-taxable","15":"purchasable","16":"product-type-simple"},"_links":{"self":[{"href":"https:\/\/chuparty.vn\/index.php?rest_route=\/wp\/v2\/product\/4391","targetHints":{"allow":["GET"]}}],"collection":[{"href":"https:\/\/chuparty.vn\/index.php?rest_route=\/wp\/v2\/product"}],"about":[{"href":"https:\/\/chuparty.vn\/index.php?rest_route=\/wp\/v2\/types\/product"}],"replies":[{"embeddable":true,"href":"https:\/\/chuparty.vn\/index.php?rest_route=%2Fwp%2Fv2%2Fcomments&post=4391"}],"wp:featuredmedia":[{"embeddable":true,"href":"https:\/\/chuparty.vn\/index.php?rest_route=\/wp\/v2\/media\/4392"}],"wp:attachment":[{"href":"https:\/\/chuparty.vn\/index.php?rest_route=%2Fwp%2Fv2%2Fmedia&parent=4391"}],"wp:term":[{"taxonomy":"product_cat","embeddable":true,"href":"https:\/\/chuparty.vn\/index.php?rest_route=%2Fwp%2Fv2%2Fproduct_cat&post=4391"},{"taxonomy":"product_tag","embeddable":true,"href":"https:\/\/chuparty.vn\/index.php?rest_route=%2Fwp%2Fv2%2Fproduct_tag&post=4391"}],"curies":[{"name":"wp","href":"https:\/\/api.w.org\/{rel}","templated":true}]}}