{"id":4246,"date":"2022-09-02T12:55:12","date_gmt":"2022-09-02T05:55:12","guid":{"rendered":"https:\/\/chuparty.vn\/?post_type=product&#038;p=4246"},"modified":"2025-04-05T14:21:03","modified_gmt":"2025-04-05T07:21:03","slug":"mat-kinh-tiec-game-over","status":"publish","type":"product","link":"https:\/\/chuparty.vn\/?product=mat-kinh-tiec-game-over","title":{"rendered":"M\u1eaeT K\u00cdNH TI\u1ec6C GAME OVER"},"content":{"rendered":"<p><strong>Chi ti\u1ebft s\u1ea3n ph\u1ea9m:<br \/>\n<\/strong>Ch\u1ea5t li\u1ec7u: nh\u1ef1a<br \/>\nM\u00e0u s\u1eafc: tr\u1eafng, tr\u00f2ng m\u00e0u \u0111\u1eadm\/nh\u1ea1t<br \/>\nK\u00edch th\u01b0\u1edbc:<\/p>\n","protected":false},"excerpt":{"rendered":"<p>Chi ti\u1ebft s\u1ea3n ph\u1ea9m: Ch\u1ea5t li\u1ec7u: nh\u1ef1a M\u00e0u s\u1eafc: tr\u1eafng, tr\u00f2ng m\u00e0u \u0111\u1eadm\/nh\u1ea1t K\u00edch th\u01b0\u1edbc:<\/p>\n","protected":false},"featured_media":4247,"comment_status":"open","ping_status":"closed","template":"","meta":[],"product_cat":[525,512,492,213,489,109,467,16,141,28],"product_tag":[140],"class_list":{"0":"post-4246","1":"product","2":"type-product","3":"status-publish","4":"has-post-thumbnail","6":"product_cat-bridal-shower","7":"product_cat-sale-off-30","8":"product_cat-black-white","9":"product_cat-love-wedding-anniversary","10":"product_cat-phu-kien-cho-tiec-cau-hon-cuoi-valentine-anni","11":"product_cat-new-year","12":"product_cat-non-phu-kien-new-year","13":"product_cat-phu-kien-trang-tri","14":"product_cat-mat-kinh-tiec","15":"product_cat-sale","16":"product_tag-mat-kinh","18":"first","19":"instock","20":"sale","21":"shipping-taxable","22":"purchasable","23":"product-type-simple"},"_links":{"self":[{"href":"https:\/\/chuparty.vn\/index.php?rest_route=\/wp\/v2\/product\/4246","targetHints":{"allow":["GET"]}}],"collection":[{"href":"https:\/\/chuparty.vn\/index.php?rest_route=\/wp\/v2\/product"}],"about":[{"href":"https:\/\/chuparty.vn\/index.php?rest_route=\/wp\/v2\/types\/product"}],"replies":[{"embeddable":true,"href":"https:\/\/chuparty.vn\/index.php?rest_route=%2Fwp%2Fv2%2Fcomments&post=4246"}],"wp:featuredmedia":[{"embeddable":true,"href":"https:\/\/chuparty.vn\/index.php?rest_route=\/wp\/v2\/media\/4247"}],"wp:attachment":[{"href":"https:\/\/chuparty.vn\/index.php?rest_route=%2Fwp%2Fv2%2Fmedia&parent=4246"}],"wp:term":[{"taxonomy":"product_cat","embeddable":true,"href":"https:\/\/chuparty.vn\/index.php?rest_route=%2Fwp%2Fv2%2Fproduct_cat&post=4246"},{"taxonomy":"product_tag","embeddable":true,"href":"https:\/\/chuparty.vn\/index.php?rest_route=%2Fwp%2Fv2%2Fproduct_tag&post=4246"}],"curies":[{"name":"wp","href":"https:\/\/api.w.org\/{rel}","templated":true}]}}