{"id":4120,"date":"2022-08-21T17:57:29","date_gmt":"2022-08-21T10:57:29","guid":{"rendered":"https:\/\/chuparty.vn\/?post_type=product&#038;p=4120"},"modified":"2024-03-09T12:06:53","modified_gmt":"2024-03-09T05:06:53","slug":"diy-halloween-cam-den","status":"publish","type":"product","link":"https:\/\/chuparty.vn\/?product=diy-halloween-cam-den","title":{"rendered":"DIY &#8211; HALLOWEEN CAM \u0110EN"},"content":{"rendered":"<p><strong>Chi ti\u1ebft s\u1ea3n ph\u1ea9m:\u00a0<\/strong><br \/>\nD\u00e2y b\u00f3ng t\u1ef1 l\u00e0m ch\u1ee7 \u0111\u1ec1 Halloween Cam \u0110en g\u1ed3m:<br \/>\nSet 12 d\u01a1i \u0111en 3D<br \/>\nB\u00f3ng tr\u00f2n \u0111en, tr\u1eafng, cam, trong 25cm v\u00e0 10cm<br \/>\nB\u00f3ng D\u01a1i \u0111en<br \/>\nB\u00f3ng B\u00ed ng\u00f4<br \/>\nB\u00f3ng tr\u00f2n in \u0111\u1ea7u l\u00e2u<br \/>\nB\u00f3ng tr\u00f2n s\u1ecdc tr\u1eafng \u0111en<br \/>\n1 d\u00e2y k\u1ebft b\u00f3ng 5m<br \/>\n(gi\u00e1 s\u1ea3n ph\u1ea9m ch\u01b0a bao g\u1ed3m ph\u00ed b\u01a1m v\u00e0 k\u1ebft b\u00f3ng)<\/p>\n","protected":false},"excerpt":{"rendered":"<p>Chi ti\u1ebft s\u1ea3n ph\u1ea9m:\u00a0 D\u00e2y b\u00f3ng t\u1ef1 l\u00e0m ch\u1ee7 \u0111\u1ec1 Halloween Cam \u0110en g\u1ed3m: Set 12 d\u01a1i \u0111en 3D B\u00f3ng tr\u00f2n \u0111en, tr\u1eafng, cam, trong 25cm v\u00e0 10cm B\u00f3ng D\u01a1i \u0111en B\u00f3ng B\u00ed ng\u00f4 B\u00f3ng tr\u00f2n in \u0111\u1ea7u l\u00e2u B\u00f3ng tr\u00f2n s\u1ecdc tr\u1eafng \u0111en 1 d\u00e2y k\u1ebft b\u00f3ng 5m (gi\u00e1 s\u1ea3n ph\u1ea9m ch\u01b0a bao g\u1ed3m [&hellip;]<\/p>\n","protected":false},"featured_media":4033,"comment_status":"open","ping_status":"closed","template":"","meta":[],"product_cat":[324,459,366,490],"product_tag":[367,149],"class_list":{"0":"post-4120","1":"product","2":"type-product","3":"status-publish","4":"has-post-thumbnail","6":"product_cat-halloween","7":"product_cat-bong-bong-halloween","8":"product_cat-combo-bong-tru-handmade","9":"product_cat-day-bong-handmade","10":"product_tag-diy","11":"product_tag-halloween","13":"first","14":"instock","15":"shipping-taxable","16":"purchasable","17":"product-type-simple"},"_links":{"self":[{"href":"https:\/\/chuparty.vn\/index.php?rest_route=\/wp\/v2\/product\/4120","targetHints":{"allow":["GET"]}}],"collection":[{"href":"https:\/\/chuparty.vn\/index.php?rest_route=\/wp\/v2\/product"}],"about":[{"href":"https:\/\/chuparty.vn\/index.php?rest_route=\/wp\/v2\/types\/product"}],"replies":[{"embeddable":true,"href":"https:\/\/chuparty.vn\/index.php?rest_route=%2Fwp%2Fv2%2Fcomments&post=4120"}],"wp:featuredmedia":[{"embeddable":true,"href":"https:\/\/chuparty.vn\/index.php?rest_route=\/wp\/v2\/media\/4033"}],"wp:attachment":[{"href":"https:\/\/chuparty.vn\/index.php?rest_route=%2Fwp%2Fv2%2Fmedia&parent=4120"}],"wp:term":[{"taxonomy":"product_cat","embeddable":true,"href":"https:\/\/chuparty.vn\/index.php?rest_route=%2Fwp%2Fv2%2Fproduct_cat&post=4120"},{"taxonomy":"product_tag","embeddable":true,"href":"https:\/\/chuparty.vn\/index.php?rest_route=%2Fwp%2Fv2%2Fproduct_tag&post=4120"}],"curies":[{"name":"wp","href":"https:\/\/api.w.org\/{rel}","templated":true}]}}