{"id":4101,"date":"2022-08-21T17:37:03","date_gmt":"2022-08-21T10:37:03","guid":{"rendered":"https:\/\/chuparty.vn\/?post_type=product&#038;p=4101"},"modified":"2023-09-28T17:42:55","modified_gmt":"2023-09-28T10:42:55","slug":"set-12-doi-den-3d","status":"publish","type":"product","link":"https:\/\/chuparty.vn\/?product=set-12-doi-den-3d","title":{"rendered":"SET 12 D\u01a0I \u0110EN 3D HALLOWEEN"},"content":{"rendered":"<p><strong>Chi ti\u1ebft s\u1ea3n ph\u1ea9m: Halloween bat stickers<\/strong><\/p>\n<ul>\n<li>Qui c\u00e1ch \u0111\u00f3ng g\u00f3i: 28 d\u01a1i\/t\u00fai<\/li>\n<li>K\u00edch th\u01b0\u1edbc: 2 pcs 16*4cm, 2 pcs 12*3cm, 6 pcs 9*2cm, 2 pcs 8*5cm.<\/li>\n<li>Ch\u1ea5t li\u1ec7u: pvc<\/li>\n<li>M\u00e0u s\u1eafc: \u0111en<\/li>\n<li>Tr\u1ecdng l\u01b0\u1ee3ng: 10gram<\/li>\n<li><img loading=\"lazy\" decoding=\"async\" class=\"alignnone  wp-image-6947\" src=\"https:\/\/chuparty.vn\/wp-content\/uploads\/2022\/08\/12pcs-434x420.jpg\" alt=\"\" width=\"433\" height=\"419\" srcset=\"https:\/\/chuparty.vn\/wp-content\/uploads\/2022\/08\/12pcs-434x420.jpg 434w, https:\/\/chuparty.vn\/wp-content\/uploads\/2022\/08\/12pcs-523x506.jpg 523w, https:\/\/chuparty.vn\/wp-content\/uploads\/2022\/08\/12pcs-768x744.jpg 768w, https:\/\/chuparty.vn\/wp-content\/uploads\/2022\/08\/12pcs.jpg 784w\" sizes=\"auto, (max-width: 433px) 100vw, 433px\" \/><\/li>\n<\/ul>\n","protected":false},"excerpt":{"rendered":"<p>Chi ti\u1ebft s\u1ea3n ph\u1ea9m: Halloween bat stickers Qui c\u00e1ch \u0111\u00f3ng g\u00f3i: 28 d\u01a1i\/t\u00fai K\u00edch th\u01b0\u1edbc: 2 pcs 16*4cm, 2 pcs 12*3cm, 6 pcs 9*2cm, 2 pcs 8*5cm. Ch\u1ea5t li\u1ec7u: pvc M\u00e0u s\u1eafc: \u0111en Tr\u1ecdng l\u01b0\u1ee3ng: 10gram<\/p>\n","protected":false},"featured_media":4487,"comment_status":"open","ping_status":"closed","template":"","meta":[],"product_cat":[324,460],"product_tag":[461,149],"class_list":{"0":"post-4101","1":"product","2":"type-product","3":"status-publish","4":"has-post-thumbnail","6":"product_cat-halloween","7":"product_cat-phu-kien-halloween","8":"product_tag-ha","9":"product_tag-halloween","11":"first","12":"instock","13":"shipping-taxable","14":"purchasable","15":"product-type-simple"},"_links":{"self":[{"href":"https:\/\/chuparty.vn\/index.php?rest_route=\/wp\/v2\/product\/4101","targetHints":{"allow":["GET"]}}],"collection":[{"href":"https:\/\/chuparty.vn\/index.php?rest_route=\/wp\/v2\/product"}],"about":[{"href":"https:\/\/chuparty.vn\/index.php?rest_route=\/wp\/v2\/types\/product"}],"replies":[{"embeddable":true,"href":"https:\/\/chuparty.vn\/index.php?rest_route=%2Fwp%2Fv2%2Fcomments&post=4101"}],"wp:featuredmedia":[{"embeddable":true,"href":"https:\/\/chuparty.vn\/index.php?rest_route=\/wp\/v2\/media\/4487"}],"wp:attachment":[{"href":"https:\/\/chuparty.vn\/index.php?rest_route=%2Fwp%2Fv2%2Fmedia&parent=4101"}],"wp:term":[{"taxonomy":"product_cat","embeddable":true,"href":"https:\/\/chuparty.vn\/index.php?rest_route=%2Fwp%2Fv2%2Fproduct_cat&post=4101"},{"taxonomy":"product_tag","embeddable":true,"href":"https:\/\/chuparty.vn\/index.php?rest_route=%2Fwp%2Fv2%2Fproduct_tag&post=4101"}],"curies":[{"name":"wp","href":"https:\/\/api.w.org\/{rel}","templated":true}]}}