{"id":4096,"date":"2022-08-21T17:29:51","date_gmt":"2022-08-21T10:29:51","guid":{"rendered":"https:\/\/chuparty.vn\/?post_type=product&#038;p=4096"},"modified":"2025-07-11T11:15:32","modified_gmt":"2025-07-11T04:15:32","slug":"day-garland-halloween-anh-kim","status":"publish","type":"product","link":"https:\/\/chuparty.vn\/?product=day-garland-halloween-anh-kim","title":{"rendered":"D\u00c2Y GARLAND HALLOWEEN \u00c1NH KIM"},"content":{"rendered":"<p><strong>Chi ti\u1ebft s\u1ea3n ph\u1ea9m:<\/strong><\/p>\n<ul>\n<li>K\u00edch th\u01b0\u1edbc: 2m<\/li>\n<li>Ch\u1ea5t li\u1ec7u: gi\u1ea5y<\/li>\n<li>M\u00e0u s\u1eafc: \u0111en v\u00e0 m\u00e0u \u00e1nh kim<\/li>\n<li>C\u00f3 3 lo\u1ea1i: Nh\u1ec7n , B\u00ed ng\u00f4, Con ma vui v\u1ebb<\/li>\n<\/ul>\n","protected":false},"excerpt":{"rendered":"<p>Chi ti\u1ebft s\u1ea3n ph\u1ea9m: K\u00edch th\u01b0\u1edbc: 2m Ch\u1ea5t li\u1ec7u: gi\u1ea5y M\u00e0u s\u1eafc: \u0111en v\u00e0 m\u00e0u \u00e1nh kim C\u00f3 3 lo\u1ea1i: Nh\u1ec7n , B\u00ed ng\u00f4, Con ma vui v\u1ebb<\/p>\n","protected":false},"featured_media":4097,"comment_status":"open","ping_status":"closed","template":"","meta":[],"product_cat":[324,460],"product_tag":[149],"class_list":{"0":"post-4096","1":"product","2":"type-product","3":"status-publish","4":"has-post-thumbnail","6":"product_cat-halloween","7":"product_cat-phu-kien-halloween","8":"product_tag-halloween","10":"first","11":"instock","12":"shipping-taxable","13":"purchasable","14":"product-type-simple"},"_links":{"self":[{"href":"https:\/\/chuparty.vn\/index.php?rest_route=\/wp\/v2\/product\/4096","targetHints":{"allow":["GET"]}}],"collection":[{"href":"https:\/\/chuparty.vn\/index.php?rest_route=\/wp\/v2\/product"}],"about":[{"href":"https:\/\/chuparty.vn\/index.php?rest_route=\/wp\/v2\/types\/product"}],"replies":[{"embeddable":true,"href":"https:\/\/chuparty.vn\/index.php?rest_route=%2Fwp%2Fv2%2Fcomments&post=4096"}],"wp:featuredmedia":[{"embeddable":true,"href":"https:\/\/chuparty.vn\/index.php?rest_route=\/wp\/v2\/media\/4097"}],"wp:attachment":[{"href":"https:\/\/chuparty.vn\/index.php?rest_route=%2Fwp%2Fv2%2Fmedia&parent=4096"}],"wp:term":[{"taxonomy":"product_cat","embeddable":true,"href":"https:\/\/chuparty.vn\/index.php?rest_route=%2Fwp%2Fv2%2Fproduct_cat&post=4096"},{"taxonomy":"product_tag","embeddable":true,"href":"https:\/\/chuparty.vn\/index.php?rest_route=%2Fwp%2Fv2%2Fproduct_tag&post=4096"}],"curies":[{"name":"wp","href":"https:\/\/api.w.org\/{rel}","templated":true}]}}