{"id":4094,"date":"2022-08-21T17:23:47","date_gmt":"2022-08-21T10:23:47","guid":{"rendered":"https:\/\/chuparty.vn\/?post_type=product&#038;p=4094"},"modified":"2023-09-30T21:17:27","modified_gmt":"2023-09-30T14:17:27","slug":"day-garland-chim-den-halloween","status":"publish","type":"product","link":"https:\/\/chuparty.vn\/?product=day-garland-chim-den-halloween","title":{"rendered":"D\u00c2Y GARLAND QU\u1ea0 \u0110EN HALLOWEEN"},"content":{"rendered":"<p><strong>Chi ti\u1ebft s\u1ea3n ph\u1ea9m:<\/strong><\/p>\n<ul>\n<li>K\u00edch th\u01b0\u1edbc: 4m<\/li>\n<li>Ch\u1ea5t li\u1ec7u: gi\u1ea5y<\/li>\n<li>M\u00e0u s\u1eafc: \u0111en<\/li>\n<li>Qui c\u00e1ch \u0111\u00f3ng g\u00f3i:<\/li>\n<\/ul>\n","protected":false},"excerpt":{"rendered":"<p>Chi ti\u1ebft s\u1ea3n ph\u1ea9m: K\u00edch th\u01b0\u1edbc: 4m Ch\u1ea5t li\u1ec7u: gi\u1ea5y M\u00e0u s\u1eafc: \u0111en Qui c\u00e1ch \u0111\u00f3ng g\u00f3i:<\/p>\n","protected":false},"featured_media":4095,"comment_status":"open","ping_status":"closed","template":"","meta":[],"product_cat":[324,460],"product_tag":[328,149],"class_list":{"0":"post-4094","1":"product","2":"type-product","3":"status-publish","4":"has-post-thumbnail","6":"product_cat-halloween","7":"product_cat-phu-kien-halloween","8":"product_tag-garland","9":"product_tag-halloween","11":"first","12":"instock","13":"shipping-taxable","14":"purchasable","15":"product-type-simple"},"_links":{"self":[{"href":"https:\/\/chuparty.vn\/index.php?rest_route=\/wp\/v2\/product\/4094","targetHints":{"allow":["GET"]}}],"collection":[{"href":"https:\/\/chuparty.vn\/index.php?rest_route=\/wp\/v2\/product"}],"about":[{"href":"https:\/\/chuparty.vn\/index.php?rest_route=\/wp\/v2\/types\/product"}],"replies":[{"embeddable":true,"href":"https:\/\/chuparty.vn\/index.php?rest_route=%2Fwp%2Fv2%2Fcomments&post=4094"}],"wp:featuredmedia":[{"embeddable":true,"href":"https:\/\/chuparty.vn\/index.php?rest_route=\/wp\/v2\/media\/4095"}],"wp:attachment":[{"href":"https:\/\/chuparty.vn\/index.php?rest_route=%2Fwp%2Fv2%2Fmedia&parent=4094"}],"wp:term":[{"taxonomy":"product_cat","embeddable":true,"href":"https:\/\/chuparty.vn\/index.php?rest_route=%2Fwp%2Fv2%2Fproduct_cat&post=4094"},{"taxonomy":"product_tag","embeddable":true,"href":"https:\/\/chuparty.vn\/index.php?rest_route=%2Fwp%2Fv2%2Fproduct_tag&post=4094"}],"curies":[{"name":"wp","href":"https:\/\/api.w.org\/{rel}","templated":true}]}}