{"id":4088,"date":"2022-08-21T17:19:40","date_gmt":"2022-08-21T10:19:40","guid":{"rendered":"https:\/\/chuparty.vn\/?post_type=product&#038;p=4088"},"modified":"2023-09-28T17:55:28","modified_gmt":"2023-09-28T10:55:28","slug":"day-treo-garland-halloween","status":"publish","type":"product","link":"https:\/\/chuparty.vn\/?product=day-treo-garland-halloween","title":{"rendered":"D\u00c2Y TREO GARLAND HALLOWEEN"},"content":{"rendered":"<p><strong>Chi ti\u1ebft s\u1ea3n ph\u1ea9m:<\/strong><\/p>\n<ul>\n<li>K\u00edch th\u01b0\u1edbc: 2m<\/li>\n<li>Ch\u1ea5t li\u1ec7u: gi\u1ea5y<\/li>\n<li>M\u00e0u s\u1eafc: \u0111en \/ cam<\/li>\n<li>Qui c\u00e1ch \u0111\u00f3ng g\u00f3i:<\/li>\n<li>C\u00f3 4 lo\u1ea1i: B\u00ed ng\u00f4, Nh\u1ec7n \u0111en, D\u01a1i \u0111en, Nh\u1ec7n D\u01a1i<\/li>\n<\/ul>\n","protected":false},"excerpt":{"rendered":"<p>Chi ti\u1ebft s\u1ea3n ph\u1ea9m: K\u00edch th\u01b0\u1edbc: 2m Ch\u1ea5t li\u1ec7u: gi\u1ea5y M\u00e0u s\u1eafc: \u0111en \/ cam Qui c\u00e1ch \u0111\u00f3ng g\u00f3i: C\u00f3 4 lo\u1ea1i: B\u00ed ng\u00f4, Nh\u1ec7n \u0111en, D\u01a1i \u0111en, Nh\u1ec7n D\u01a1i<\/p>\n","protected":false},"featured_media":4089,"comment_status":"open","ping_status":"closed","template":"","meta":[],"product_cat":[324,460],"product_tag":[328,149],"class_list":{"0":"post-4088","1":"product","2":"type-product","3":"status-publish","4":"has-post-thumbnail","6":"product_cat-halloween","7":"product_cat-phu-kien-halloween","8":"product_tag-garland","9":"product_tag-halloween","11":"first","12":"instock","13":"shipping-taxable","14":"purchasable","15":"product-type-simple"},"_links":{"self":[{"href":"https:\/\/chuparty.vn\/index.php?rest_route=\/wp\/v2\/product\/4088","targetHints":{"allow":["GET"]}}],"collection":[{"href":"https:\/\/chuparty.vn\/index.php?rest_route=\/wp\/v2\/product"}],"about":[{"href":"https:\/\/chuparty.vn\/index.php?rest_route=\/wp\/v2\/types\/product"}],"replies":[{"embeddable":true,"href":"https:\/\/chuparty.vn\/index.php?rest_route=%2Fwp%2Fv2%2Fcomments&post=4088"}],"wp:featuredmedia":[{"embeddable":true,"href":"https:\/\/chuparty.vn\/index.php?rest_route=\/wp\/v2\/media\/4089"}],"wp:attachment":[{"href":"https:\/\/chuparty.vn\/index.php?rest_route=%2Fwp%2Fv2%2Fmedia&parent=4088"}],"wp:term":[{"taxonomy":"product_cat","embeddable":true,"href":"https:\/\/chuparty.vn\/index.php?rest_route=%2Fwp%2Fv2%2Fproduct_cat&post=4088"},{"taxonomy":"product_tag","embeddable":true,"href":"https:\/\/chuparty.vn\/index.php?rest_route=%2Fwp%2Fv2%2Fproduct_tag&post=4088"}],"curies":[{"name":"wp","href":"https:\/\/api.w.org\/{rel}","templated":true}]}}